{"id":5644,"date":"2022-06-12T21:21:57","date_gmt":"2022-06-12T19:21:57","guid":{"rendered":"https:\/\/www.blogseite.com\/geschenke\/?post_type=product&#038;p=5644"},"modified":"2022-06-13T20:19:49","modified_gmt":"2022-06-13T18:19:49","slug":"geschenk-leselampe-zum-hinklemmen-%f0%9f%a4%a9%f0%9f%9b%8b","status":"publish","type":"product","link":"https:\/\/www.blogseite.com\/geschenke\/s\/geschenk-leselampe-zum-hinklemmen-%f0%9f%a4%a9%f0%9f%9b%8b\/","title":{"rendered":"Geschenk: Leselampe zum hinklemmen \ud83e\udd29\ud83d\udecb"},"content":{"rendered":"<ul class=\"a-unordered-list a-vertical a-spacing-mini\">\n<li><span class=\"a-list-item\">\u2714\u30109 Modi und Farbtemperatur Speicherfunktion\u30113 Farbtemperaturen x 3 Helligkeitseinstellungen, insgesamt 9 Modi. Anpassbar an verschiedenen Beleuchtungssituationen. 3 Farbtemperaturen von 2800K bis 7000K, einschlie\u00dflich normaler Farbe, entspannen Farbe und Lesen-Farbe.Das hellste Licht kann beide Seiten des Buches auf fantastische Weise beleuchten und das schw\u00e4chste Licht erm\u00f6glicht es Ihnen, nachts im Bett zu lesen, ohne jemanden zu st\u00f6ren<\/span><\/li>\n<li><span class=\"a-list-item\">\u2714\u3010Wiederaufladbar und Mini-Gr\u00f6\u00dfe\u3011Geliefert mit einem 1000 mAh Akku und USB-Ladekabel, einfach aufzuladen.60 Stunden im Low-Light-Modus, 4 Stunden im High-Light-Modus. Leicht und kompakt, Kleine tragbare Leselampe, ideal beim Lesen, Arbeiten, f\u00fcr Laptop, Notenpult, Klavier, Bett, Schreibtisch<\/span><\/li>\n<li><span class=\"a-list-item\">\u2714\u3010360\u00b0 Flexibles und Einstellbar Schwanenhals\u3011Elegantes Design, LED Leselampe 360 Grad Flexibles Schwanenhalsrohr erm\u00f6glicht die Einstellung von H\u00f6he und Winkel und l\u00e4sst sich drehen. Die Lampe wird dadurch in die von Ihnen gew\u00fcnschte Position gehalten.Die Silikonoberfl\u00e4che der Klemme sch\u00fctzt die Seiten vor Clipspuren und sorgt f\u00fcr einen sicheren Halt<\/span><\/li>\n<li><span class=\"a-list-item\">\u2714\u3010Doppelkopf Lampe und Verstellbare Gummi Gepolsterte Klammer\u3011Diese Doppelkopf-Leselampe verf\u00fcgt \u00fcber 14 LEDs, was heller ist als bei anderen Einkopflampen. Mit weichem Gummi vermeidt die Besch\u00e4digungen an der Oberfl\u00e4che des Klemmen, kann rutschfest sein<\/span><\/li>\n<li><span class=\"a-list-item\">\u2714\u3010Kein Flackerndes Licht und Augensch\u00fctzende LED Lichtquelle\u3011Ausgestattet mit einem LED-Chip, der eine gleichm\u00e4\u00dfige Verteilung des Lichtes erm\u00f6glicht. Die weiche, eint\u00f6nige und nicht flimmernde Beleuchtung sch\u00fctzt Ihre Augen und bietet Ihnen dadurch ein angenehmeres Lese- und Schreibeerlebnis<\/span><\/li>\n<\/ul>\n","protected":false},"excerpt":{"rendered":"<p><span class=\"a-list-item\">3 Farbtemperaturen x 3 Helligkeitseinstellungen, insgesamt 9 Modi. Anpassbar an verschiedenen Beleuchtungssituationen. 3 Farbtemperaturen von 2800K bis 7000K, einschlie\u00dflich normaler Farbe, entspannen Farbe und Lesen-Farbe.Das hellste Licht kann beide Seiten des Buches auf fantastische Weise beleuchten und das schw\u00e4chste Licht erm\u00f6glicht es Ihnen, nachts im Bett zu lesen, ohne jemanden zu st\u00f6ren<\/span><\/p>\n","protected":false},"featured_media":5645,"comment_status":"open","ping_status":"closed","template":"","meta":[],"product_cat":[814,78,227,103,74,110,58,54,116,63,53,45,108,73,1118,280,426,431,293,301,292,300,70,299,295,294,296,298,64],"product_tag":[927],"class_list":{"0":"post-5644","1":"product","2":"type-product","3":"status-publish","4":"has-post-thumbnail","6":"product_cat-zuhause","7":"product_cat-weihnachtsgeschenke","8":"product_cat-tiere","9":"product_cat-studenten","10":"product_cat-bester-freund","11":"product_cat-freund","12":"product_cat-opa","13":"product_cat-vatertag","14":"product_cat-frauen","15":"product_cat-mutter","16":"product_cat-muttertag","17":"product_cat-freundin","18":"product_cat-maenner","19":"product_cat-beste-freundin","20":"product_cat--freundin","21":"product_cat-geburtstagsgeschenke","22":"product_cat-nach-preis","23":"product_cat-unter-50-euro","24":"product_cat-geschenk-fuer-bruder","25":"product_cat-eltern","26":"product_cat-sohn","27":"product_cat--kollege","28":"product_cat-geschenke-fuer-jeden-anlass","29":"product_cat--chef","30":"product_cat--tochter","31":"product_cat--schwester","32":"product_cat--schwiegermutter","33":"product_cat--ehefrau","34":"product_cat-vater","35":"product_tag-leselampe","37":"first","38":"instock","39":"shipping-taxable","40":"product-type-external"},"_links":{"self":[{"href":"https:\/\/www.blogseite.com\/geschenke\/wp-json\/wp\/v2\/product\/5644"}],"collection":[{"href":"https:\/\/www.blogseite.com\/geschenke\/wp-json\/wp\/v2\/product"}],"about":[{"href":"https:\/\/www.blogseite.com\/geschenke\/wp-json\/wp\/v2\/types\/product"}],"replies":[{"embeddable":true,"href":"https:\/\/www.blogseite.com\/geschenke\/wp-json\/wp\/v2\/comments?post=5644"}],"wp:featuredmedia":[{"embeddable":true,"href":"https:\/\/www.blogseite.com\/geschenke\/wp-json\/wp\/v2\/media\/5645"}],"wp:attachment":[{"href":"https:\/\/www.blogseite.com\/geschenke\/wp-json\/wp\/v2\/media?parent=5644"}],"wp:term":[{"taxonomy":"product_cat","embeddable":true,"href":"https:\/\/www.blogseite.com\/geschenke\/wp-json\/wp\/v2\/product_cat?post=5644"},{"taxonomy":"product_tag","embeddable":true,"href":"https:\/\/www.blogseite.com\/geschenke\/wp-json\/wp\/v2\/product_tag?post=5644"}],"curies":[{"name":"wp","href":"https:\/\/api.w.org\/{rel}","templated":true}]}}