{"id":5635,"date":"2022-06-12T21:06:36","date_gmt":"2022-06-12T19:06:36","guid":{"rendered":"https:\/\/www.blogseite.com\/geschenke\/?post_type=product&#038;p=5635"},"modified":"2022-06-12T21:09:12","modified_gmt":"2022-06-12T19:09:12","slug":"beste-laptopkuehlung-wird-nicht-mehr-heiss-%e2%9d%84%ef%b8%8f%f0%9f%98%b3","status":"publish","type":"product","link":"https:\/\/www.blogseite.com\/geschenke\/s\/beste-laptopkuehlung-wird-nicht-mehr-heiss-%e2%9d%84%ef%b8%8f%f0%9f%98%b3\/","title":{"rendered":"Beste Laptopk\u00fchlung?! Wird nicht mehr Hei\u00df \u2744\ufe0f\ud83d\ude33"},"content":{"rendered":"<ul class=\"a-unordered-list a-vertical a-spacing-mini\">\n<li><span class=\"a-list-item\">SUPER LEISTUNGEN: TECKNET laptop k\u00fchlpad mit dreifach \u00fcberdimensionierten Ruhigen-L\u00fcftern bei 1200 U \/ Min. Ziehen k\u00fchle Luft von der Unterseite dieses Laptop-K\u00fchlpads. Metallgewebe mit voller Reichweite kann der Luftstrom optimieren, dadurch kann es die gro\u00dfe Menge W\u00e4rme, die Laptopgeh\u00e4use erzeugt, schnell abzuf\u00fchren<\/span><\/li>\n<li><span class=\"a-list-item\">USB POWERED L\u00dcFTER: 118mm L\u00fcfter und Netzschalter-Design, extrem ruhig und einfach zu bedienen; Kein Netzanschluss erforderlich<\/span><\/li>\n<li><span class=\"a-list-item\">ERGONOMISCHER KOMFORT: Zweiebenes, verstellbares Design hilft die Anheben und Neigen des Notebook-Displays, da macht den Tastatur mehr gem\u00fctlich; Gummigriffe am Boden kann Ihr Laptop vom Rutsch verhindern<\/span><\/li>\n<li><span class=\"a-list-item\">ZUS\u00c4TZLICHER USB-ANSCHLUSS: Eingebaute zwei USB-Anschl\u00fcsse erm\u00f6glichen den Anschluss eines zus\u00e4tzlichen USB-Ger\u00e4ts. Das blaue LED-Anzeigen an der R\u00fcckseite kann zeigen, ob der Laptop-K\u00fchler l\u00e4uft<\/span><\/li>\n<li><span class=\"a-list-item\">KOMPATIBILIT\u00c4T: Unterst\u00fctzt verschiedene Laptop-Gr\u00f6\u00dfen von 12 bis 17 Zoll, wie Apple MacBook Pro Air, HP, Alienware, Dell, Lenovo, ASUS usw (USB-Kabel enthaltet)<\/span><\/li>\n<\/ul>\n","protected":false},"excerpt":{"rendered":"<p>t<\/p>\n","protected":false},"featured_media":5636,"comment_status":"open","ping_status":"closed","template":"","meta":[],"product_cat":[814,78,227,103,74,110,58,54,116,63,53,45,108,73,1118,280,426,431,293,301,292,300,70,299,295,294,296,298,64],"product_tag":[1124],"class_list":{"0":"post-5635","1":"product","2":"type-product","3":"status-publish","4":"has-post-thumbnail","6":"product_cat-zuhause","7":"product_cat-weihnachtsgeschenke","8":"product_cat-tiere","9":"product_cat-studenten","10":"product_cat-bester-freund","11":"product_cat-freund","12":"product_cat-opa","13":"product_cat-vatertag","14":"product_cat-frauen","15":"product_cat-mutter","16":"product_cat-muttertag","17":"product_cat-freundin","18":"product_cat-maenner","19":"product_cat-beste-freundin","20":"product_cat--freundin","21":"product_cat-geburtstagsgeschenke","22":"product_cat-nach-preis","23":"product_cat-unter-50-euro","24":"product_cat-geschenk-fuer-bruder","25":"product_cat-eltern","26":"product_cat-sohn","27":"product_cat--kollege","28":"product_cat-geschenke-fuer-jeden-anlass","29":"product_cat--chef","30":"product_cat--tochter","31":"product_cat--schwester","32":"product_cat--schwiegermutter","33":"product_cat--ehefrau","34":"product_cat-vater","35":"product_tag-laptopkuehlung","37":"first","38":"instock","39":"shipping-taxable","40":"product-type-external"},"_links":{"self":[{"href":"https:\/\/www.blogseite.com\/geschenke\/wp-json\/wp\/v2\/product\/5635"}],"collection":[{"href":"https:\/\/www.blogseite.com\/geschenke\/wp-json\/wp\/v2\/product"}],"about":[{"href":"https:\/\/www.blogseite.com\/geschenke\/wp-json\/wp\/v2\/types\/product"}],"replies":[{"embeddable":true,"href":"https:\/\/www.blogseite.com\/geschenke\/wp-json\/wp\/v2\/comments?post=5635"}],"wp:featuredmedia":[{"embeddable":true,"href":"https:\/\/www.blogseite.com\/geschenke\/wp-json\/wp\/v2\/media\/5636"}],"wp:attachment":[{"href":"https:\/\/www.blogseite.com\/geschenke\/wp-json\/wp\/v2\/media?parent=5635"}],"wp:term":[{"taxonomy":"product_cat","embeddable":true,"href":"https:\/\/www.blogseite.com\/geschenke\/wp-json\/wp\/v2\/product_cat?post=5635"},{"taxonomy":"product_tag","embeddable":true,"href":"https:\/\/www.blogseite.com\/geschenke\/wp-json\/wp\/v2\/product_tag?post=5635"}],"curies":[{"name":"wp","href":"https:\/\/api.w.org\/{rel}","templated":true}]}}