{"id":5627,"date":"2022-06-12T20:52:44","date_gmt":"2022-06-12T18:52:44","guid":{"rendered":"https:\/\/www.blogseite.com\/geschenke\/?post_type=product&#038;p=5627"},"modified":"2022-06-12T20:55:43","modified_gmt":"2022-06-12T18:55:43","slug":"thermobecher-auf-dem-weg-zur-arbeit-geil-%f0%9f%98%83","status":"publish","type":"product","link":"https:\/\/www.blogseite.com\/geschenke\/s\/thermobecher-auf-dem-weg-zur-arbeit-geil-%f0%9f%98%83\/","title":{"rendered":"Thermobecher auf dem Weg zur Arbeit! GEIL \ud83d\ude03"},"content":{"rendered":"<ul class=\"a-unordered-list a-vertical a-spacing-mini\">\n<li><span class=\"a-list-item\">ZEITLOSES DESIGN &#8211; Sch\u00f6ne Produkte sind unsere Leidenschaft. So ist jeder Trinkbecher von einzigartigem Charakter &amp; schlichter Eleganz gepr\u00e4gt, um zu einem Lieblingsst\u00fcck deines aktiven Lebensstils zu werden.<\/span><\/li>\n<li><span class=\"a-list-item\">PREMIUM QUALIT\u00c4T &#8211; pr\u00e4zise gefertigt aus hochwertigem Edelstahl nach europ\u00e4ischem BS EN 10088 Standard, ist unser Kaffeebecher to go schadstofffrei, geschmacksneutral &amp; 100% lebensmittelecht. Alle verwendeten Materialien sind unabh\u00e4ngig, anhand aller deutschen &amp; in der EU geltenden Vorschriften f\u00fcr deine Sicherheit getestet.<\/span><\/li>\n<li><span class=\"a-list-item\">LEISTUNGSSTARK &#8211; Dein MAMEIDO ist eine hocheffizienter, doppelwandiger Isolierbecher, welcher deine Getr\u00e4nke bis zu 4h hei\u00df &amp; 8h kalt h\u00e4lt. Ein dichter Kaffeebecher to go f\u00fcr alle Bereiche deines Lebens.<\/span><\/li>\n<li><span class=\"a-list-item\">STYLISCHES ACCESSOIRE &#8211; Zuverl\u00e4ssig &amp; vielseitig einsetzbar wird dieser Travel Mug zu deinem t\u00e4glichen Begleiter zuhause, im Auto, auf der Arbeit oder unterwegs &#8211; egal ob aromatisch hei\u00dfer Kaffee oder wohltuender Tee.<\/span><\/li>\n<li><span class=\"a-list-item\">UMWELTFREUNDLICH &#8211; Mit deinem wiederverwendbaren Coffee to go Becher leistest du ganz nebenbei deinen ganz pers\u00f6nlichen Beitrag zur Verbesserung unserer Umwelt. Mit jeder Nutzung vermeidest du Einwegm\u00fcll, wieder &amp; wieder.<\/span><\/li>\n<\/ul>\n","protected":false},"excerpt":{"rendered":"<p>t<\/p>\n","protected":false},"featured_media":5628,"comment_status":"open","ping_status":"closed","template":"","meta":[],"product_cat":[78,103,74,110,54,116,63,45,108,73,1118,280,426,431,293,301,292,300,70,299,295,294,296,298,64],"product_tag":[684],"class_list":{"0":"post-5627","1":"product","2":"type-product","3":"status-publish","4":"has-post-thumbnail","6":"product_cat-weihnachtsgeschenke","7":"product_cat-studenten","8":"product_cat-bester-freund","9":"product_cat-freund","10":"product_cat-vatertag","11":"product_cat-frauen","12":"product_cat-mutter","13":"product_cat-freundin","14":"product_cat-maenner","15":"product_cat-beste-freundin","16":"product_cat--freundin","17":"product_cat-geburtstagsgeschenke","18":"product_cat-nach-preis","19":"product_cat-unter-50-euro","20":"product_cat-geschenk-fuer-bruder","21":"product_cat-eltern","22":"product_cat-sohn","23":"product_cat--kollege","24":"product_cat-geschenke-fuer-jeden-anlass","25":"product_cat--chef","26":"product_cat--tochter","27":"product_cat--schwester","28":"product_cat--schwiegermutter","29":"product_cat--ehefrau","30":"product_cat-vater","31":"product_tag-thermobecher","33":"first","34":"instock","35":"shipping-taxable","36":"product-type-external"},"_links":{"self":[{"href":"https:\/\/www.blogseite.com\/geschenke\/wp-json\/wp\/v2\/product\/5627"}],"collection":[{"href":"https:\/\/www.blogseite.com\/geschenke\/wp-json\/wp\/v2\/product"}],"about":[{"href":"https:\/\/www.blogseite.com\/geschenke\/wp-json\/wp\/v2\/types\/product"}],"replies":[{"embeddable":true,"href":"https:\/\/www.blogseite.com\/geschenke\/wp-json\/wp\/v2\/comments?post=5627"}],"wp:featuredmedia":[{"embeddable":true,"href":"https:\/\/www.blogseite.com\/geschenke\/wp-json\/wp\/v2\/media\/5628"}],"wp:attachment":[{"href":"https:\/\/www.blogseite.com\/geschenke\/wp-json\/wp\/v2\/media?parent=5627"}],"wp:term":[{"taxonomy":"product_cat","embeddable":true,"href":"https:\/\/www.blogseite.com\/geschenke\/wp-json\/wp\/v2\/product_cat?post=5627"},{"taxonomy":"product_tag","embeddable":true,"href":"https:\/\/www.blogseite.com\/geschenke\/wp-json\/wp\/v2\/product_tag?post=5627"}],"curies":[{"name":"wp","href":"https:\/\/api.w.org\/{rel}","templated":true}]}}