{"id":5614,"date":"2022-06-12T20:16:12","date_gmt":"2022-06-12T18:16:12","guid":{"rendered":"https:\/\/www.blogseite.com\/geschenke\/?post_type=product&#038;p=5614"},"modified":"2022-06-12T20:18:59","modified_gmt":"2022-06-12T18:18:59","slug":"damenuhr-fuer-freundin-von-tommy-hilfinger-toll-%f0%9f%98%83","status":"publish","type":"product","link":"https:\/\/www.blogseite.com\/geschenke\/s\/damenuhr-fuer-freundin-von-tommy-hilfinger-toll-%f0%9f%98%83\/","title":{"rendered":"Damenuhr f\u00fcr Freundin von Tommy Hilfinger! TOLL! \ud83d\ude03"},"content":{"rendered":"<ul class=\"a-unordered-list a-vertical a-spacing-mini\">\n<li><span class=\"a-list-item\">Original polaroid-format &#8211; anwender &#8211; 60 Tage Akkulaufzeit &#8211; Leistungsstarker Blitz &#8211; Selbstauslo\u0308ser<\/span><\/li>\n<li><span class=\"a-list-item\">App Funktionalit\u00e4ten via Bluetooth: komplette manuelle Steuerung der Kamera &#8211; Doppelbelichtungen &#8211; Lichtmalerei &#8211; ger\u00e4usch-ausl\u00f6ser und vieles mehr!<\/span><\/li>\n<li><span class=\"a-list-item\">Standard-und Portra\u0308tobjektiv: Eine ist f\u00fcr Portr\u00e4t, Foto von 0,30 cm bis 0,60 cm. Das zweite ist das Standardobjektiv: Foto von 0, 60 cm bis Infini<\/span><\/li>\n<li><span class=\"a-list-item\">Verf\u00fcgbar f\u00fcr iOS und Android<\/span><\/li>\n<li><span class=\"a-list-item\">Lieferumfang: OneStep+ Camera &#8211; USB charging cable &#8211; Neck Strap &#8211; user manual &#8211; Quick Start Guide<\/span><\/li>\n<\/ul>\n","protected":false},"excerpt":{"rendered":"<p>Original polaroid-format &#8211; anwender &#8211; 60 Tage Akkulaufzeit &#8211; Leistungsstarker Blitz &#8211; Selbstauslo\u0308ser App Funktionalit\u00e4ten via Bluetooth: komplette manuelle Steuerung der Kamera &#8211; Doppelbelichtungen &#8211; Lichtmalerei &#8211; ger\u00e4usch-ausl\u00f6ser und vieles mehr! Standard-und Portra\u0308tobjektiv: Eine ist f\u00fcr Portr\u00e4t, Foto von 0,30 cm bis 0,60 cm. Das zweite ist das Standardobjektiv: Foto von 0, 60 cm bis [&hellip;]<\/p>\n","protected":false},"featured_media":5615,"comment_status":"open","ping_status":"closed","template":"","meta":[],"product_cat":[814,78,103,74,110,58,54,116,63,53,45,108,57,73,280,55,426,431,293,301,292,300,70,299,295,294,296,298,64],"product_tag":[754,983],"class_list":{"0":"post-5614","1":"product","2":"type-product","3":"status-publish","4":"has-post-thumbnail","6":"product_cat-zuhause","7":"product_cat-weihnachtsgeschenke","8":"product_cat-studenten","9":"product_cat-bester-freund","10":"product_cat-freund","11":"product_cat-opa","12":"product_cat-vatertag","13":"product_cat-frauen","14":"product_cat-mutter","15":"product_cat-muttertag","16":"product_cat-freundin","17":"product_cat-maenner","18":"product_cat-oma","19":"product_cat-beste-freundin","20":"product_cat-geburtstagsgeschenke","21":"product_cat-valentinstag","22":"product_cat-nach-preis","23":"product_cat-unter-50-euro","24":"product_cat-geschenk-fuer-bruder","25":"product_cat-eltern","26":"product_cat-sohn","27":"product_cat--kollege","28":"product_cat-geschenke-fuer-jeden-anlass","29":"product_cat--chef","30":"product_cat--tochter","31":"product_cat--schwester","32":"product_cat--schwiegermutter","33":"product_cat--ehefrau","34":"product_cat-vater","35":"product_tag-damen-uhr","36":"product_tag-damenuhr","38":"first","39":"instock","40":"shipping-taxable","41":"product-type-external"},"_links":{"self":[{"href":"https:\/\/www.blogseite.com\/geschenke\/wp-json\/wp\/v2\/product\/5614"}],"collection":[{"href":"https:\/\/www.blogseite.com\/geschenke\/wp-json\/wp\/v2\/product"}],"about":[{"href":"https:\/\/www.blogseite.com\/geschenke\/wp-json\/wp\/v2\/types\/product"}],"replies":[{"embeddable":true,"href":"https:\/\/www.blogseite.com\/geschenke\/wp-json\/wp\/v2\/comments?post=5614"}],"wp:featuredmedia":[{"embeddable":true,"href":"https:\/\/www.blogseite.com\/geschenke\/wp-json\/wp\/v2\/media\/5615"}],"wp:attachment":[{"href":"https:\/\/www.blogseite.com\/geschenke\/wp-json\/wp\/v2\/media?parent=5614"}],"wp:term":[{"taxonomy":"product_cat","embeddable":true,"href":"https:\/\/www.blogseite.com\/geschenke\/wp-json\/wp\/v2\/product_cat?post=5614"},{"taxonomy":"product_tag","embeddable":true,"href":"https:\/\/www.blogseite.com\/geschenke\/wp-json\/wp\/v2\/product_tag?post=5614"}],"curies":[{"name":"wp","href":"https:\/\/api.w.org\/{rel}","templated":true}]}}