{"id":5591,"date":"2022-06-12T16:06:17","date_gmt":"2022-06-12T14:06:17","guid":{"rendered":"https:\/\/www.blogseite.com\/geschenke\/?post_type=product&#038;p=5591"},"modified":"2022-06-12T16:08:38","modified_gmt":"2022-06-12T14:08:38","slug":"bestes-nackenkissen-zum-aufblasen-als-geschenk-%f0%9f%98%b2","status":"publish","type":"product","link":"https:\/\/www.blogseite.com\/geschenke\/s\/bestes-nackenkissen-zum-aufblasen-als-geschenk-%f0%9f%98%b2\/","title":{"rendered":"Bestes Nackenkissen zum aufblasen?! Als Geschenk \ud83d\ude32"},"content":{"rendered":"<ul class=\"a-unordered-list a-vertical a-spacing-mini\">\n<li><span class=\"a-list-item\">Einzigartig! Der Kopf wird beim Zur\u00fccklehnen im Flugzeug, Zug oder Auto NICHT NACH VORNE GEDR\u00dcCKT \u2013 dies erm\u00f6glicht der abgeflachte schmale Nackensteg; au\u00dferdem kann der KOPF NICHT NACH VORNE KNICKEN ODER FALLEN und das KINN WIRD ANGENEHM GEST\u00dcTZT; die einzigartige H-Form des aufblasbaren FlowZoom Nackenkissens erm\u00f6glicht BIS ZU 5 VERSCHIEDENE SCHLAFPOSITIONEN &#8211; je nach Vorliebe des Einzelnen! Mit Sicherheit eine angenehme Erholung auf langen Reisen!<\/span><\/li>\n<li><span class=\"a-list-item\">SEHR SCHNELL AUFBLASBAR MIT NUR 2 ATEMZ\u00dcGEN durch das patentierte R\u00fcckschlagventil &#8211; so muss man kurz vor dem Schlafen nicht lange gepustet oder gepumpt werden; je nach den eigenen Bed\u00fcrfnissen und Vorlieben l\u00e4sst man wieder etwas Luft ab um den idealen Luftdruck des Nackenh\u00f6rnchens zu erhalten; die extra-gro\u00dfe Ventil\u00f6ffnung erm\u00f6glicht auch ein blitzschnelles Ablassen der Luft \u2013 somit ist kein aufwendiges und langes Zusammenpressen mehr notwendig!<\/span><\/li>\n<li><span class=\"a-list-item\">FLEXIBLE KAPUZE BIETET EFFEKTIVEN LICHTSCHUTZ und SPENDET W\u00c4RME in klimatisierten Flugzeugen oder Z\u00fcgen; die clevere Kapuze kann in allen Schlafpositionen verwendet und mittels praktischer Druckkn\u00f6pfe jederzeit am Reisekissen befestigt oder wieder gel\u00f6st werden; mit der Kapuze sendet man ein Signal zu aufdringlichen Sitznachbarn und schafft sich einen GEM\u00dcTLICHEN R\u00dcCKZUGSORT, ganz gleich wie viele Personen sich in der N\u00e4he befinden.<\/span><\/li>\n<li><span class=\"a-list-item\">Mitgelieferte OHRST\u00d6PSEL MIT EIGENER AUFBEWAHRUNGSBOX lassen sich in der INTEGRIERTEN PRAKTISCHEN SEITENTASCHE des Kissens unterbringen; der samtweiche Kissenbezug ist lauschig weich, l\u00e4sst sich leicht abnehmen und in der Waschmaschine waschen; so ist es nicht nur hygienisch, sondern es ist auch f\u00fcr absolutes Wohlbefinden gesorgt; wir versichern &#8211; bei der Produktion kommen keinerlei industrielle Schadstoffe zum Einsatz!<\/span><\/li>\n<li><span class=\"a-list-item\">Wir bieten eine 100%-Zufriedenheitsgarantie mit DEUTSCHSPRACHIGEN KUNDENSERVICE; bei uns m\u00fcssen Sie sich nicht mit Personen in einem ausgelagerten Call-Center auseinandersetzen; wir als FAMILIENUNTERNEHMEN unternehmen alles, dass Sie zufrieden sind; wir bieten eine 180-Tage HERSTELLERGARANTIE AUF QUALIT\u00c4TSM\u00c4NGEL und sollten wir Ihre Erwartungen nicht erf\u00fcllen, k\u00f6nnen Sie innerhalb von 30 Tagen das Nackenkissen zur\u00fcckgeben &#8211; also 100% ZUFRIEDENHEIT ODER GELD ZUR\u00dcCK =&gt; NULL RISIKO!<\/span><\/li>\n<\/ul>\n","protected":false},"excerpt":{"rendered":"<p>Einzigartig! Der Kopf wird beim Zur\u00fccklehnen im Flugzeug, Zug oder Auto NICHT NACH VORNE GEDR\u00dcCKT \u2013 dies erm\u00f6glicht der abgeflachte schmale Nackensteg; au\u00dferdem kann der KOPF NICHT NACH VORNE KNICKEN ODER FALLEN und das KINN WIRD ANGENEHM GEST\u00dcTZT; die einzigartige H-Form des aufblasbaren FlowZoom Nackenkissens erm\u00f6glicht BIS ZU 5 VERSCHIEDENE SCHLAFPOSITIONEN &#8211; je nach Vorliebe [&hellip;]<\/p>\n","protected":false},"featured_media":5592,"comment_status":"open","ping_status":"closed","template":"","meta":[],"product_cat":[78,746,103,74,110,58,54,116,63,53,45,108,57,73,280,426,431,293,301,292,300,70,299,295,294,291,296,298,64],"product_tag":[1110],"class_list":{"0":"post-5591","1":"product","2":"type-product","3":"status-publish","4":"has-post-thumbnail","6":"product_cat-weihnachtsgeschenke","7":"product_cat--fit-fuer-den-fruehling","8":"product_cat-studenten","9":"product_cat-bester-freund","10":"product_cat-freund","11":"product_cat-opa","12":"product_cat-vatertag","13":"product_cat-frauen","14":"product_cat-mutter","15":"product_cat-muttertag","16":"product_cat-freundin","17":"product_cat-maenner","18":"product_cat-oma","19":"product_cat-beste-freundin","20":"product_cat-geburtstagsgeschenke","21":"product_cat-nach-preis","22":"product_cat-unter-50-euro","23":"product_cat-geschenk-fuer-bruder","24":"product_cat-eltern","25":"product_cat-sohn","26":"product_cat--kollege","27":"product_cat-geschenke-fuer-jeden-anlass","28":"product_cat--chef","29":"product_cat--tochter","30":"product_cat--schwester","31":"product_cat-nerds","32":"product_cat--schwiegermutter","33":"product_cat--ehefrau","34":"product_cat-vater","35":"product_tag-nackenkissen","37":"first","38":"instock","39":"shipping-taxable","40":"product-type-external"},"_links":{"self":[{"href":"https:\/\/www.blogseite.com\/geschenke\/wp-json\/wp\/v2\/product\/5591"}],"collection":[{"href":"https:\/\/www.blogseite.com\/geschenke\/wp-json\/wp\/v2\/product"}],"about":[{"href":"https:\/\/www.blogseite.com\/geschenke\/wp-json\/wp\/v2\/types\/product"}],"replies":[{"embeddable":true,"href":"https:\/\/www.blogseite.com\/geschenke\/wp-json\/wp\/v2\/comments?post=5591"}],"wp:featuredmedia":[{"embeddable":true,"href":"https:\/\/www.blogseite.com\/geschenke\/wp-json\/wp\/v2\/media\/5592"}],"wp:attachment":[{"href":"https:\/\/www.blogseite.com\/geschenke\/wp-json\/wp\/v2\/media?parent=5591"}],"wp:term":[{"taxonomy":"product_cat","embeddable":true,"href":"https:\/\/www.blogseite.com\/geschenke\/wp-json\/wp\/v2\/product_cat?post=5591"},{"taxonomy":"product_tag","embeddable":true,"href":"https:\/\/www.blogseite.com\/geschenke\/wp-json\/wp\/v2\/product_tag?post=5591"}],"curies":[{"name":"wp","href":"https:\/\/api.w.org\/{rel}","templated":true}]}}