{"id":5585,"date":"2022-06-12T15:57:29","date_gmt":"2022-06-12T13:57:29","guid":{"rendered":"https:\/\/www.blogseite.com\/geschenke\/?post_type=product&#038;p=5585"},"modified":"2022-06-12T16:00:00","modified_gmt":"2022-06-12T14:00:00","slug":"saugroboter-mit-appfunktion-geschenk-fuer-sauberkeit%f0%9f%a7%94%f0%9f%8f%bc%e2%99%82%ef%b8%8f","status":"publish","type":"product","link":"https:\/\/www.blogseite.com\/geschenke\/s\/saugroboter-mit-appfunktion-geschenk-fuer-sauberkeit%f0%9f%a7%94%f0%9f%8f%bc%e2%99%82%ef%b8%8f\/","title":{"rendered":"Saugroboter mit Appfunktion! Geschenk f\u00fcr Sauberkeit!\ud83e\uddd4\ud83c\udffc\u200d\u2642\ufe0f"},"content":{"rendered":"<ul class=\"a-unordered-list a-vertical a-spacing-mini\">\n<li><span class=\"a-list-item\">Der bislang d\u00fcnnste und leichteste Kindle Paperwhite &#8211; 300-ppi-Display ohne Spiegeleffekte, lesen wie auf echtem Papier, sogar in hellem Sonnenlicht.<\/span><\/li>\n<li><span class=\"a-list-item\">Jetzt wasserfest (IPX8), sodass Sie am Strand, am Pool oder in der Badewanne lesen und entspannen k\u00f6nnen.<\/span><\/li>\n<li><span class=\"a-list-item\">Verf\u00fcgt \u00fcber 8 GB und damit doppelt so viel Speicherplatz im Vergleich zum Vorg\u00e4ngermodell. Optional mit 32 GB erh\u00e4ltlich, sodass noch mehr Magazine, Comics und H\u00f6rb\u00fccher auf Ihren Kindle passen.<\/span><\/li>\n<li><span class=\"a-list-item\">Jetzt auch mit Audible. Verbinden Sie Kopfh\u00f6rer oder Lautsprecher \u00fcber Bluetooth, um Ihre Geschichte weiterzuh\u00f6ren.<\/span><\/li>\n<li><span class=\"a-list-item\">Eine einzige Akkuladung h\u00e4lt wochenlang, nicht nur wenige Stunden.<\/span><\/li>\n<li><span class=\"a-list-item\">Mit dem integrierten und verstellbaren Licht k\u00f6nnen Sie drinnen und drau\u00dfen, bei Tag und bei Nacht lesen.<\/span><\/li>\n<li><span class=\"a-list-item\">Riesige Auswahl, niedrige Preise \u2013 \u00fcber 5,5 Millionen B\u00fccher, darunter aktuelle Bestseller, exklusive Kindle eBooks und mehr.<\/span><\/li>\n<\/ul>\n","protected":false},"excerpt":{"rendered":"<p>Der bislang d\u00fcnnste und leichteste Kindle Paperwhite &#8211; 300-ppi-Display ohne Spiegeleffekte, lesen wie auf echtem Papier, sogar in hellem Sonnenlicht. Jetzt wasserfest (IPX8), sodass Sie am Strand, am Pool oder in der Badewanne lesen und entspannen k\u00f6nnen. Verf\u00fcgt \u00fcber 8 GB und damit doppelt so viel Speicherplatz im Vergleich zum Vorg\u00e4ngermodell. Optional mit 32 GB [&hellip;]<\/p>\n","protected":false},"featured_media":5586,"comment_status":"open","ping_status":"closed","template":"","meta":[],"product_cat":[78,746,103,74,110,58,54,116,63,53,45,108,57,73,280,426,431,293,301,292,300,70,299,295,294,291,296,298,64],"product_tag":[1109],"class_list":{"0":"post-5585","1":"product","2":"type-product","3":"status-publish","4":"has-post-thumbnail","6":"product_cat-weihnachtsgeschenke","7":"product_cat--fit-fuer-den-fruehling","8":"product_cat-studenten","9":"product_cat-bester-freund","10":"product_cat-freund","11":"product_cat-opa","12":"product_cat-vatertag","13":"product_cat-frauen","14":"product_cat-mutter","15":"product_cat-muttertag","16":"product_cat-freundin","17":"product_cat-maenner","18":"product_cat-oma","19":"product_cat-beste-freundin","20":"product_cat-geburtstagsgeschenke","21":"product_cat-nach-preis","22":"product_cat-unter-50-euro","23":"product_cat-geschenk-fuer-bruder","24":"product_cat-eltern","25":"product_cat-sohn","26":"product_cat--kollege","27":"product_cat-geschenke-fuer-jeden-anlass","28":"product_cat--chef","29":"product_cat--tochter","30":"product_cat--schwester","31":"product_cat-nerds","32":"product_cat--schwiegermutter","33":"product_cat--ehefrau","34":"product_cat-vater","35":"product_tag-saugroboter","37":"first","38":"instock","39":"shipping-taxable","40":"product-type-external"},"_links":{"self":[{"href":"https:\/\/www.blogseite.com\/geschenke\/wp-json\/wp\/v2\/product\/5585"}],"collection":[{"href":"https:\/\/www.blogseite.com\/geschenke\/wp-json\/wp\/v2\/product"}],"about":[{"href":"https:\/\/www.blogseite.com\/geschenke\/wp-json\/wp\/v2\/types\/product"}],"replies":[{"embeddable":true,"href":"https:\/\/www.blogseite.com\/geschenke\/wp-json\/wp\/v2\/comments?post=5585"}],"wp:featuredmedia":[{"embeddable":true,"href":"https:\/\/www.blogseite.com\/geschenke\/wp-json\/wp\/v2\/media\/5586"}],"wp:attachment":[{"href":"https:\/\/www.blogseite.com\/geschenke\/wp-json\/wp\/v2\/media?parent=5585"}],"wp:term":[{"taxonomy":"product_cat","embeddable":true,"href":"https:\/\/www.blogseite.com\/geschenke\/wp-json\/wp\/v2\/product_cat?post=5585"},{"taxonomy":"product_tag","embeddable":true,"href":"https:\/\/www.blogseite.com\/geschenke\/wp-json\/wp\/v2\/product_tag?post=5585"}],"curies":[{"name":"wp","href":"https:\/\/api.w.org\/{rel}","templated":true}]}}