{"id":5582,"date":"2022-06-12T15:51:45","date_gmt":"2022-06-12T13:51:45","guid":{"rendered":"https:\/\/www.blogseite.com\/geschenke\/?post_type=product&#038;p=5582"},"modified":"2022-06-12T15:53:48","modified_gmt":"2022-06-12T13:53:48","slug":"guenstige-elektronische-zahnbuerste-als-geschenk-%f0%9f%98%ac","status":"publish","type":"product","link":"https:\/\/www.blogseite.com\/geschenke\/s\/guenstige-elektronische-zahnbuerste-als-geschenk-%f0%9f%98%ac\/","title":{"rendered":"g\u00fcnstige Elektronische Zahnb\u00fcrste als Geschenk?! \ud83d\ude2c"},"content":{"rendered":"<ul class=\"a-unordered-list a-vertical a-spacing-mini\">\n<li><span class=\"a-list-item\">Entfernt mit sanfter Schalltechnologie und 39.000 B\u00fcrstenkopfbewegungen pro Minute mehr Plaque als eine herk\u00f6mmliche Handzahnb\u00fcrste<\/span><\/li>\n<li><span class=\"a-list-item\">Extra Zahnfleischschutz dank vibrierenden, abgerundeten Borsten<\/span><\/li>\n<li><span class=\"a-list-item\">2 Putzprogramme: T\u00e4gliche Reinigung, Aufhellen<\/span><\/li>\n<li><span class=\"a-list-item\">Der Akku h\u00e4lt mit einer Vollladung bis zu 2\u00a0Wochen<\/span><\/li>\n<li><span class=\"a-list-item\">Lieferumfang: 1\u00a0elektrische Schallzahnb\u00fcrste mit Ladestation, 1\u00a0Aufsteckb\u00fcrste<\/span><\/li>\n<\/ul>\n","protected":false},"excerpt":{"rendered":"<p>Entfernt mit sanfter Schalltechnologie und 39.000 B\u00fcrstenkopfbewegungen pro Minute mehr Plaque als eine herk\u00f6mmliche Handzahnb\u00fcrste Extra Zahnfleischschutz dank vibrierenden, abgerundeten Borsten 2 Putzprogramme: T\u00e4gliche Reinigung, Aufhellen Der Akku h\u00e4lt mit einer Vollladung bis zu 2\u00a0Wochen Lieferumfang: 1\u00a0elektrische Schallzahnb\u00fcrste mit Ladestation, 1\u00a0Aufsteckb\u00fcrste<\/p>\n","protected":false},"featured_media":5581,"comment_status":"open","ping_status":"closed","template":"","meta":[],"product_cat":[78,746,103,74,110,58,54,116,63,53,45,108,57,73,280,426,431,293,301,292,300,70,299,295,294,291,296,298,64],"product_tag":[1107],"class_list":{"0":"post-5582","1":"product","2":"type-product","3":"status-publish","4":"has-post-thumbnail","6":"product_cat-weihnachtsgeschenke","7":"product_cat--fit-fuer-den-fruehling","8":"product_cat-studenten","9":"product_cat-bester-freund","10":"product_cat-freund","11":"product_cat-opa","12":"product_cat-vatertag","13":"product_cat-frauen","14":"product_cat-mutter","15":"product_cat-muttertag","16":"product_cat-freundin","17":"product_cat-maenner","18":"product_cat-oma","19":"product_cat-beste-freundin","20":"product_cat-geburtstagsgeschenke","21":"product_cat-nach-preis","22":"product_cat-unter-50-euro","23":"product_cat-geschenk-fuer-bruder","24":"product_cat-eltern","25":"product_cat-sohn","26":"product_cat--kollege","27":"product_cat-geschenke-fuer-jeden-anlass","28":"product_cat--chef","29":"product_cat--tochter","30":"product_cat--schwester","31":"product_cat-nerds","32":"product_cat--schwiegermutter","33":"product_cat--ehefrau","34":"product_cat-vater","35":"product_tag-elektronische-zahnbuerste","37":"first","38":"instock","39":"shipping-taxable","40":"product-type-external"},"_links":{"self":[{"href":"https:\/\/www.blogseite.com\/geschenke\/wp-json\/wp\/v2\/product\/5582"}],"collection":[{"href":"https:\/\/www.blogseite.com\/geschenke\/wp-json\/wp\/v2\/product"}],"about":[{"href":"https:\/\/www.blogseite.com\/geschenke\/wp-json\/wp\/v2\/types\/product"}],"replies":[{"embeddable":true,"href":"https:\/\/www.blogseite.com\/geschenke\/wp-json\/wp\/v2\/comments?post=5582"}],"wp:featuredmedia":[{"embeddable":true,"href":"https:\/\/www.blogseite.com\/geschenke\/wp-json\/wp\/v2\/media\/5581"}],"wp:attachment":[{"href":"https:\/\/www.blogseite.com\/geschenke\/wp-json\/wp\/v2\/media?parent=5582"}],"wp:term":[{"taxonomy":"product_cat","embeddable":true,"href":"https:\/\/www.blogseite.com\/geschenke\/wp-json\/wp\/v2\/product_cat?post=5582"},{"taxonomy":"product_tag","embeddable":true,"href":"https:\/\/www.blogseite.com\/geschenke\/wp-json\/wp\/v2\/product_tag?post=5582"}],"curies":[{"name":"wp","href":"https:\/\/api.w.org\/{rel}","templated":true}]}}