{"id":5575,"date":"2022-06-12T15:39:39","date_gmt":"2022-06-12T13:39:39","guid":{"rendered":"https:\/\/www.blogseite.com\/geschenke\/?post_type=product&#038;p=5575"},"modified":"2022-06-12T15:41:15","modified_gmt":"2022-06-12T13:41:15","slug":"gin-zum-selbermachen-richtig-tolles-geschenk-%f0%9f%a4%aa%f0%9f%a4%a9","status":"publish","type":"product","link":"https:\/\/www.blogseite.com\/geschenke\/s\/gin-zum-selbermachen-richtig-tolles-geschenk-%f0%9f%a4%aa%f0%9f%a4%a9\/","title":{"rendered":"Gin zum selbermachen! Richtig tolles Geschenk! \ud83e\udd2a\ud83e\udd29"},"content":{"rendered":"<ul class=\"a-unordered-list a-vertical a-spacing-mini\">\n<li><span class=\"a-list-item\">Au\u00dfenseite\uff1a44*35*10CM;Innen:43*34*9 CM;(L*H*W), passt f\u00fcr die meisten 17-17.3 Zoll Laptop\/Notebook\/MacBook\/Ultrabook\/Chromebook.<\/span><\/li>\n<li><span class=\"a-list-item\">Ein gepolstertes Laptopfach mit einzigartigen Blase Schaumstoff und Klettverschluss bietet zus\u00e4tzlichen Schutz, effektiv absorbiert St\u00f6\u00dfe, reduziert Sch\u00e4den, die durch St\u00f6\u00dfe und sch\u00fctzt Ihren Computer vor Kratzern<\/span><\/li>\n<li><span class=\"a-list-item\">Front Rei\u00dfverschluss-Fach hat gro\u00dfe Raum und zwei kleine Taschen f\u00fcr andere Gegenst\u00e4nde wie Handy, B\u00fccher Stifte etc., bieten zus\u00e4tzlichen Komfort<\/span><\/li>\n<li><span class=\"a-list-item\">Abnehmbarer und verstellbarer Schulterriemen aus Metall Creolen, Dual Griffe f\u00fcr langlebigen Tragekomfort<\/span><\/li>\n<li><span class=\"a-list-item\">Ein Back Belt l\u00e4sst sich einfach und fest an der Trolley-Koffer Gep\u00e4ck \u2013 Griffe und Schulterriemen<\/span><\/li>\n<\/ul>\n","protected":false},"excerpt":{"rendered":"<p>Au\u00dfenseite\uff1a44*35*10CM;Innen:43*34*9 CM;(L*H*W), passt f\u00fcr die meisten 17-17.3 Zoll Laptop\/Notebook\/MacBook\/Ultrabook\/Chromebook. Ein gepolstertes Laptopfach mit einzigartigen Blase Schaumstoff und Klettverschluss bietet zus\u00e4tzlichen Schutz, effektiv absorbiert St\u00f6\u00dfe, reduziert Sch\u00e4den, die durch St\u00f6\u00dfe und sch\u00fctzt Ihren Computer vor Kratzern Front Rei\u00dfverschluss-Fach hat gro\u00dfe Raum und zwei kleine Taschen f\u00fcr andere Gegenst\u00e4nde wie Handy, B\u00fccher Stifte etc., bieten zus\u00e4tzlichen Komfort [&hellip;]<\/p>\n","protected":false},"featured_media":5576,"comment_status":"open","ping_status":"closed","template":"","meta":[],"product_cat":[78,746,103,74,110,58,54,116,63,53,45,108,57,73,280,426,431,293,301,292,300,70,299,295,294,291,296,298,64],"product_tag":[470,750],"class_list":{"0":"post-5575","1":"product","2":"type-product","3":"status-publish","4":"has-post-thumbnail","6":"product_cat-weihnachtsgeschenke","7":"product_cat--fit-fuer-den-fruehling","8":"product_cat-studenten","9":"product_cat-bester-freund","10":"product_cat-freund","11":"product_cat-opa","12":"product_cat-vatertag","13":"product_cat-frauen","14":"product_cat-mutter","15":"product_cat-muttertag","16":"product_cat-freundin","17":"product_cat-maenner","18":"product_cat-oma","19":"product_cat-beste-freundin","20":"product_cat-geburtstagsgeschenke","21":"product_cat-nach-preis","22":"product_cat-unter-50-euro","23":"product_cat-geschenk-fuer-bruder","24":"product_cat-eltern","25":"product_cat-sohn","26":"product_cat--kollege","27":"product_cat-geschenke-fuer-jeden-anlass","28":"product_cat--chef","29":"product_cat--tochter","30":"product_cat--schwester","31":"product_cat-nerds","32":"product_cat--schwiegermutter","33":"product_cat--ehefrau","34":"product_cat-vater","35":"product_tag-alkohol","36":"product_tag-gin","38":"first","39":"instock","40":"shipping-taxable","41":"product-type-external"},"_links":{"self":[{"href":"https:\/\/www.blogseite.com\/geschenke\/wp-json\/wp\/v2\/product\/5575"}],"collection":[{"href":"https:\/\/www.blogseite.com\/geschenke\/wp-json\/wp\/v2\/product"}],"about":[{"href":"https:\/\/www.blogseite.com\/geschenke\/wp-json\/wp\/v2\/types\/product"}],"replies":[{"embeddable":true,"href":"https:\/\/www.blogseite.com\/geschenke\/wp-json\/wp\/v2\/comments?post=5575"}],"wp:featuredmedia":[{"embeddable":true,"href":"https:\/\/www.blogseite.com\/geschenke\/wp-json\/wp\/v2\/media\/5576"}],"wp:attachment":[{"href":"https:\/\/www.blogseite.com\/geschenke\/wp-json\/wp\/v2\/media?parent=5575"}],"wp:term":[{"taxonomy":"product_cat","embeddable":true,"href":"https:\/\/www.blogseite.com\/geschenke\/wp-json\/wp\/v2\/product_cat?post=5575"},{"taxonomy":"product_tag","embeddable":true,"href":"https:\/\/www.blogseite.com\/geschenke\/wp-json\/wp\/v2\/product_tag?post=5575"}],"curies":[{"name":"wp","href":"https:\/\/api.w.org\/{rel}","templated":true}]}}