{"id":5571,"date":"2022-06-12T15:32:28","date_gmt":"2022-06-12T13:32:28","guid":{"rendered":"https:\/\/www.blogseite.com\/geschenke\/?post_type=product&#038;p=5571"},"modified":"2022-06-12T15:34:39","modified_gmt":"2022-06-12T13:34:39","slug":"das-beste-geschenk-fuer-ordnungsfreaks-%f0%9f%a4%93","status":"publish","type":"product","link":"https:\/\/www.blogseite.com\/geschenke\/s\/das-beste-geschenk-fuer-ordnungsfreaks-%f0%9f%a4%93\/","title":{"rendered":"Das beste Geschenk f\u00fcr Ordnungsfreaks?! \ud83e\udd13"},"content":{"rendered":"<ul class=\"a-unordered-list a-vertical a-spacing-mini\">\n<li><span class=\"a-list-item\">Multifunktionale Ladestation und Organizer. Laden Sie Ihr Handy auf und halten Sie Ihre t\u00e4glichen Dinge bereit. Gr\u00f6\u00dfe zusammengebaut: 15 x 26,5 x 18,5 cm. Achtung! Auf den Bildern gezeigtes Zubeh\u00f6r ist nicht im Lieferumfang enthalten!<\/span><\/li>\n<li><span class=\"a-list-item\">Intelligentes Design \u2013 ein elegantes, schlichtes Design, das jedes Zuhause oder B\u00fcro erg\u00e4nzt. Der St\u00e4nder ist aus hochwertigem Eschenholz gefertigt<\/span><\/li>\n<li><span class=\"a-list-item\">Hochwertige Materialien \u2013 Unser Produkt ist aus hochwertigen Materialien f\u00fcr Haltbarkeit und Komfort hergestellt. Wir verwenden ausschlie\u00dflich Echtholz, keine Verbundwerkstoffe oder billige Kunststoffteile.<\/span><\/li>\n<li><span class=\"a-list-item\">Langlebig und stilvoll \u2013 Hergestellt aus hochwertigem Eschenholz, ist dieser Telefonst\u00e4nder sowohl stilvoll als auch funktional. Es ist robust genug, um ein Smartphone oder sogar ein Tablet zu halten<\/span><\/li>\n<li><span class=\"a-list-item\">Komfortables Seherlebnis \u2013 Der Winkel der Dockingstation erm\u00f6glicht es Ihnen, bequem Videos oder Bilder auf Ihrem Handy anzuschauen, ohne Ihren Nacken oder R\u00fccken zu belasten. Au\u00dferdem h\u00e4lt es Ihr Ger\u00e4t f\u00fcr l\u00e4ngere Zeit k\u00fchl.<\/span><\/li>\n<\/ul>\n","protected":false},"excerpt":{"rendered":"<p>Multifunktionale Ladestation und Organizer. Laden Sie Ihr Handy auf und halten Sie Ihre t\u00e4glichen Dinge bereit. Gr\u00f6\u00dfe zusammengebaut: 15 x 26,5 x 18,5 cm. Achtung! Auf den Bildern gezeigtes Zubeh\u00f6r ist nicht im Lieferumfang enthalten! Intelligentes Design \u2013 ein elegantes, schlichtes Design, das jedes Zuhause oder B\u00fcro erg\u00e4nzt. Der St\u00e4nder ist aus hochwertigem Eschenholz gefertigt [&hellip;]<\/p>\n","protected":false},"featured_media":5572,"comment_status":"open","ping_status":"closed","template":"","meta":[],"product_cat":[78,746,103,74,110,58,54,116,63,53,45,108,57,73,280,426,431,293,301,292,300,70,299,295,294,291,296,298,64],"product_tag":[1101,1102],"class_list":{"0":"post-5571","1":"product","2":"type-product","3":"status-publish","4":"has-post-thumbnail","6":"product_cat-weihnachtsgeschenke","7":"product_cat--fit-fuer-den-fruehling","8":"product_cat-studenten","9":"product_cat-bester-freund","10":"product_cat-freund","11":"product_cat-opa","12":"product_cat-vatertag","13":"product_cat-frauen","14":"product_cat-mutter","15":"product_cat-muttertag","16":"product_cat-freundin","17":"product_cat-maenner","18":"product_cat-oma","19":"product_cat-beste-freundin","20":"product_cat-geburtstagsgeschenke","21":"product_cat-nach-preis","22":"product_cat-unter-50-euro","23":"product_cat-geschenk-fuer-bruder","24":"product_cat-eltern","25":"product_cat-sohn","26":"product_cat--kollege","27":"product_cat-geschenke-fuer-jeden-anlass","28":"product_cat--chef","29":"product_cat--tochter","30":"product_cat--schwester","31":"product_cat-nerds","32":"product_cat--schwiegermutter","33":"product_cat--ehefrau","34":"product_cat-vater","35":"product_tag-dockingstation","36":"product_tag-ordnung","38":"first","39":"instock","40":"shipping-taxable","41":"product-type-external"},"_links":{"self":[{"href":"https:\/\/www.blogseite.com\/geschenke\/wp-json\/wp\/v2\/product\/5571"}],"collection":[{"href":"https:\/\/www.blogseite.com\/geschenke\/wp-json\/wp\/v2\/product"}],"about":[{"href":"https:\/\/www.blogseite.com\/geschenke\/wp-json\/wp\/v2\/types\/product"}],"replies":[{"embeddable":true,"href":"https:\/\/www.blogseite.com\/geschenke\/wp-json\/wp\/v2\/comments?post=5571"}],"wp:featuredmedia":[{"embeddable":true,"href":"https:\/\/www.blogseite.com\/geschenke\/wp-json\/wp\/v2\/media\/5572"}],"wp:attachment":[{"href":"https:\/\/www.blogseite.com\/geschenke\/wp-json\/wp\/v2\/media?parent=5571"}],"wp:term":[{"taxonomy":"product_cat","embeddable":true,"href":"https:\/\/www.blogseite.com\/geschenke\/wp-json\/wp\/v2\/product_cat?post=5571"},{"taxonomy":"product_tag","embeddable":true,"href":"https:\/\/www.blogseite.com\/geschenke\/wp-json\/wp\/v2\/product_tag?post=5571"}],"curies":[{"name":"wp","href":"https:\/\/api.w.org\/{rel}","templated":true}]}}