{"id":5561,"date":"2022-06-12T15:13:08","date_gmt":"2022-06-12T13:13:08","guid":{"rendered":"https:\/\/www.blogseite.com\/geschenke\/?post_type=product&#038;p=5561"},"modified":"2022-06-12T15:15:51","modified_gmt":"2022-06-12T13:15:51","slug":"bester-weinkuehler-so-bleibt-dein-wein-immer-kuehl-%f0%9f%a4%a9","status":"publish","type":"product","link":"https:\/\/www.blogseite.com\/geschenke\/s\/bester-weinkuehler-so-bleibt-dein-wein-immer-kuehl-%f0%9f%a4%a9\/","title":{"rendered":"Bester Weink\u00fchler?! So bleibt dein Wein immer K\u00fchl \ud83e\udd29"},"content":{"rendered":"<ul class=\"a-unordered-list a-vertical a-spacing-mini\">\n<li><span class=\"a-list-item\">\ud83c\udf77 \ud835\uddd7\ud835\uddd8\ud835\udde5 \ud835\udde7\ud835\uddd8\ud835\udde6\ud835\udde7\ud835\udde6\ud835\udddc\ud835\uddd8\ud835\uddda\ud835\uddd8\ud835\udde5*: \ud835\udde8\ud835\udde1\ud835\udde6\ud835\uddd8\ud835\udde5\ud835\uddd8 #\ud835\udfed \ud835\uddea\ud835\uddd8\ud835\udddc\ud835\udde1\ud835\uddde\u00dc\ud835\udddb\ud835\udddf\ud835\uddd8\ud835\udde5-\ud835\udddc\ud835\udde1\ud835\udde1\ud835\udde2\ud835\udde9\ud835\uddd4\ud835\udde7\ud835\udddc\ud835\udde2\ud835\udde1 &#8211; Mit dem VINENCO 3-in-1 Weink\u00fchler halten Sie Wein bis zu 2 Stunden auf optimaler Serviertemperatur, w\u00e4hrend der doppellippige Dekantierausgie\u00dfer durch gezielte Bel\u00fcftung Ihren Wein bereits beim Ausschenken geschmacklich aufwertet und f\u00fcr einen tropffreien Ausguss sorgt. Erleben Sie Weingenuss der Superlative! (*Vergleichssieger (Kategorie Weink\u00fchler) bei Vergleich.org 05\/16-07\/18)<\/span><\/li>\n<li><span class=\"a-list-item\">\ud83c\udf77 \ud835\uddd4\ud835\udddf\ud835\udddf\ud835\udde6\ud835\uddd8\ud835\udddc\ud835\udde7\ud835\udde6 \ud835\uddd8\ud835\udddc\ud835\udde1\ud835\udde6\ud835\uddd4\ud835\udde7\ud835\udded\ud835\uddd5\ud835\uddd8\ud835\udde5\ud835\uddd8\ud835\udddc\ud835\udde7 \ud835\udde8\ud835\udde1\ud835\uddd7 \ud835\udddc\ud835\uddd7\ud835\uddd8\ud835\uddd4\ud835\udddf \ud835\uddd4\ud835\udddf\ud835\udde6 \ud835\uddda\ud835\uddd8\ud835\udde6\ud835\uddd6\ud835\udddb\ud835\uddd8\ud835\udde1\ud835\uddde &#8211; Ob zuhause, bei Freunden und Familie, zu Hause oder im Freien: Exklusives Design und innovative Features machen Ihren VINENCO Weink\u00fchler zu einem Must-Have f\u00fcr jeden Anlass und einem besonderen Geschenk f\u00fcr all Ihre Lieben. Freuen Sie sich ebenfalls \u00fcber: FOLIENSCHNEIDER, EDELSTAHL-STOPPER &amp; AUFBEWAHRUNGSBEUTEL.<\/span><\/li>\n<li><span class=\"a-list-item\">\ud83c\udf77 \ud835\udde6\ud835\udde2 \ud835\uddd9\ud835\udde8\ud835\udde1\ud835\uddde\ud835\udde7\ud835\udddc\ud835\udde2\ud835\udde1\ud835\udddc\ud835\uddd8\ud835\udde5\ud835\udde7\u2018\ud835\udde6 &#8211; K\u00fchlstab f\u00fcr etwa eine Stunde im Gefrierfach k\u00fchlen, bis das darin enthaltene, hermetisch versiegelte K\u00fchlgel gefroren ist, danach mit Ausgie\u00dfer verschrauben. Etwa ein halbes Glas Wein vorab aus der Flasche gie\u00dfen, Weink\u00fchler einsetzen und den perfekt gek\u00fchlten Wein f\u00fcr bis zu zwei Stunden genie\u00dfen. Zum Reinigen einfach K\u00fchlstab und Aufsatz mit warmem Wasser absp\u00fclen. F\u00fcr alle herk\u00f6mmlichen Weinflaschentypen geeignet.<\/span><\/li>\n<li><span class=\"a-list-item\">\ud83c\udf77 \ud835\udddf\ud835\uddd8\ud835\uddd5\ud835\uddd8\ud835\udde1\ud835\udde6\ud835\udde0\ud835\udddc\ud835\udde7\ud835\udde7\ud835\uddd8\ud835\udddf\ud835\uddd8\ud835\uddd6\ud835\udddb\ud835\udde7\ud835\uddd8 \ud835\udde0\ud835\uddd4\ud835\udde7\ud835\uddd8\ud835\udde5\ud835\udddc\ud835\uddd4\ud835\udddf\ud835\udddc\ud835\uddd8\ud835\udde1 \ud835\udddb\u00d6\ud835\uddd6\ud835\udddb\ud835\udde6\ud835\udde7\ud835\uddd8\ud835\udde5 \ud835\udde4\ud835\udde8\ud835\uddd4\ud835\udddf\ud835\udddc\ud835\udde7\u00c4\ud835\udde7 &#8211; BPA-freies Acryl und hochqualitativer, geb\u00fcrsteter 304 Edelstahl sorgen f\u00fcr einen unverf\u00e4lschten, puren Weingenuss \u2013 FDA und LFGB Zertifizierungen garantieren, dass Zusammensetzung, Geruch oder Geschmack Ihres Weines in keinster Weise beeintr\u00e4chtigt werden.<\/span><\/li>\n<li><span class=\"a-list-item\">\ud83c\udf77 \ud835\uddd7\ud835\uddd8\ud835\udde8\ud835\udde7\ud835\udde6\ud835\uddd6\ud835\udddb\ud835\udde6\ud835\udde3\ud835\udde5\ud835\uddd4\ud835\uddd6\ud835\udddb\ud835\udddc\ud835\uddda\ud835\uddd8\ud835\udde5 \ud835\udfee\ud835\udff0\/\ud835\udff3 \ud835\udde6\ud835\udde8\ud835\udde3\ud835\udde3\ud835\udde2\ud835\udde5\ud835\udde7: \ud835\uddea\ud835\udddc\ud835\udde5 \ud835\udde6\ud835\udddc\ud835\udde1\ud835\uddd7 \ud835\udddc\ud835\udde0\ud835\udde0\ud835\uddd8\ud835\udde5 \ud835\uddd9\u00dc\ud835\udde5 \ud835\udde6\ud835\udddc\ud835\uddd8 \ud835\uddd7\ud835\uddd4 \u2013 \u00dcberzeugen Sie sich selbst und bestellen Sie noch heute. Sollten Sie nicht zufrieden sein, wenden Sie sich einfach an unseren 24\/7 Support und wir finden bestimmt eine zufriedenstellende L\u00f6sung f\u00fcr Sie.<\/span><\/li>\n<\/ul>\n","protected":false},"excerpt":{"rendered":"<p>\ud83c\udf77 \ud835\uddd7\ud835\uddd8\ud835\udde5 \ud835\udde7\ud835\uddd8\ud835\udde6\ud835\udde7\ud835\udde6\ud835\udddc\ud835\uddd8\ud835\uddda\ud835\uddd8\ud835\udde5*: \ud835\udde8\ud835\udde1\ud835\udde6\ud835\uddd8\ud835\udde5\ud835\uddd8 #\ud835\udfed \ud835\uddea\ud835\uddd8\ud835\udddc\ud835\udde1\ud835\uddde\u00dc\ud835\udddb\ud835\udddf\ud835\uddd8\ud835\udde5-\ud835\udddc\ud835\udde1\ud835\udde1\ud835\udde2\ud835\udde9\ud835\uddd4\ud835\udde7\ud835\udddc\ud835\udde2\ud835\udde1 &#8211; Mit dem VINENCO 3-in-1 Weink\u00fchler halten Sie Wein bis zu 2 Stunden auf optimaler Serviertemperatur, w\u00e4hrend der doppellippige Dekantierausgie\u00dfer durch gezielte Bel\u00fcftung Ihren Wein bereits beim Ausschenken geschmacklich aufwertet und f\u00fcr einen tropffreien Ausguss sorgt. Erleben Sie Weingenuss der Superlative! (*Vergleichssieger (Kategorie Weink\u00fchler) bei Vergleich.org 05\/16-07\/18) \ud83c\udf77 \ud835\uddd4\ud835\udddf\ud835\udddf\ud835\udde6\ud835\uddd8\ud835\udddc\ud835\udde7\ud835\udde6 [&hellip;]<\/p>\n","protected":false},"featured_media":5562,"comment_status":"open","ping_status":"closed","template":"","meta":[],"product_cat":[78,746,103,74,110,58,54,116,63,53,45,108,57,73,280,426,431,293,301,300,70,299,295,294,291,296,298,64],"product_tag":[516,948],"class_list":{"0":"post-5561","1":"product","2":"type-product","3":"status-publish","4":"has-post-thumbnail","6":"product_cat-weihnachtsgeschenke","7":"product_cat--fit-fuer-den-fruehling","8":"product_cat-studenten","9":"product_cat-bester-freund","10":"product_cat-freund","11":"product_cat-opa","12":"product_cat-vatertag","13":"product_cat-frauen","14":"product_cat-mutter","15":"product_cat-muttertag","16":"product_cat-freundin","17":"product_cat-maenner","18":"product_cat-oma","19":"product_cat-beste-freundin","20":"product_cat-geburtstagsgeschenke","21":"product_cat-nach-preis","22":"product_cat-unter-50-euro","23":"product_cat-geschenk-fuer-bruder","24":"product_cat-eltern","25":"product_cat--kollege","26":"product_cat-geschenke-fuer-jeden-anlass","27":"product_cat--chef","28":"product_cat--tochter","29":"product_cat--schwester","30":"product_cat-nerds","31":"product_cat--schwiegermutter","32":"product_cat--ehefrau","33":"product_cat-vater","34":"product_tag-win","35":"product_tag-weinkuehler","37":"first","38":"instock","39":"shipping-taxable","40":"product-type-external"},"_links":{"self":[{"href":"https:\/\/www.blogseite.com\/geschenke\/wp-json\/wp\/v2\/product\/5561"}],"collection":[{"href":"https:\/\/www.blogseite.com\/geschenke\/wp-json\/wp\/v2\/product"}],"about":[{"href":"https:\/\/www.blogseite.com\/geschenke\/wp-json\/wp\/v2\/types\/product"}],"replies":[{"embeddable":true,"href":"https:\/\/www.blogseite.com\/geschenke\/wp-json\/wp\/v2\/comments?post=5561"}],"wp:featuredmedia":[{"embeddable":true,"href":"https:\/\/www.blogseite.com\/geschenke\/wp-json\/wp\/v2\/media\/5562"}],"wp:attachment":[{"href":"https:\/\/www.blogseite.com\/geschenke\/wp-json\/wp\/v2\/media?parent=5561"}],"wp:term":[{"taxonomy":"product_cat","embeddable":true,"href":"https:\/\/www.blogseite.com\/geschenke\/wp-json\/wp\/v2\/product_cat?post=5561"},{"taxonomy":"product_tag","embeddable":true,"href":"https:\/\/www.blogseite.com\/geschenke\/wp-json\/wp\/v2\/product_tag?post=5561"}],"curies":[{"name":"wp","href":"https:\/\/api.w.org\/{rel}","templated":true}]}}