{"id":553,"date":"2020-11-26T11:26:30","date_gmt":"2020-11-26T10:26:30","guid":{"rendered":"https:\/\/geschenke.blogseite.com\/?post_type=product&#038;p=553"},"modified":"2022-04-06T10:36:13","modified_gmt":"2022-04-06T08:36:13","slug":"top-damen-wintermuetze-mit-fleece-strickmuetze-mit-bommel","status":"publish","type":"product","link":"https:\/\/www.blogseite.com\/geschenke\/s\/top-damen-wintermuetze-mit-fleece-strickmuetze-mit-bommel\/","title":{"rendered":"TOP: Damen Winterm\u00fctze mit Fleece, Strickm\u00fctze mit Bommel"},"content":{"rendered":"<ul class=\"a-unordered-list a-vertical a-spacing-mini\">\n<li><span class=\"a-list-item\">ANWENDUNG | Slouch Beanie von HEYO eignet sich ideal f\u00fcr Damen, die gro\u00dfe Wert auf Komfort und Design legen. Strickm\u00fctze wurde f\u00fcr Damen geschafft, die in der Suche nach warme und weiche Winterm\u00fctze sind. Man kann sie in allt\u00e4glichen Leben, w\u00e4hrend Sportaktivit\u00e4ten als auch auf der Piste anhaben. Sch\u00f6n weich innnen, funktioniert so wie ein Stirnband, da an den Ohren Fleece verwendet ist.<\/span><\/li>\n<li><span class=\"a-list-item\">F\u00dcLLEN SIE SICH MODERN | Durch ein attraktives Aussehen und robuste Ausf\u00fchrung zeichnet sich die Bommelm\u00fctze aus. Gestricktes Design, Fellbommel und Herstellerlogo f\u00e4llt ins Auge. Farbe f\u00fcgt die Eleganz hinzu. Bommel und Schnitt macht, dass Winterm\u00fctze ordentlich und modern aussieht. Deshalb k\u00f6nnen Sie die M\u00fctze unabh\u00e4ngig von der Alter anhaben.<\/span><\/li>\n<li><span class=\"a-list-item\">Verschluss: Pull On<\/span><\/li>\n<li><span class=\"a-list-item\">85% Polyacryl, 15% Polyamid<\/span><\/li>\n<li><span class=\"a-list-item\">Beanie<\/span><\/li>\n<li><span class=\"a-list-item\">BEQUEMLICHKEIT | Dank Acryl ist sie extrem leicht. Elastisches Material erm\u00f6glicht ideale Anpassung am Kopf. Strickm\u00fctze ist sehr bequem f\u00fcr den t\u00e4glichen Gebrauch und die winterliche Sportaktivit\u00e4t wie Skifahren oder Snowboard. Schnell und einfach anzuziehen.<\/span><\/li>\n<li><span class=\"a-list-item\">KOMFORT | Winterm\u00fctze h\u00e4lt gut die W\u00e4rme und sch\u00fctzt Kopf und Ohren vor Wind und Niederschl\u00e4gen. Dadurch werden Sie die Ausk\u00fchlung und Krankheiten vermeiden. Weiches Material macht, dass der Haut nicht gereizt wird. Slouch Long Beanie dr\u00fcckt an den Kopf nicht aber ist gut angepasst.<\/span><\/li>\n<li><span class=\"a-list-item\">QUALIT\u00c4T und PARAMETER | M\u00fctze wurde aus hochwertigen Materialen hergestellt. Hersteller garantiert lange Nutzungsdauer. Material 85 % Acryl 15% Polyamid . Herstellerlogo. Universale Gr\u00f6\u00dfe.<\/span><\/li>\n<\/ul>\n","protected":false},"excerpt":{"rendered":"<p>ANWENDUNG | Slouch Beanie von HEYO eignet sich ideal f\u00fcr Damen, die gro\u00dfe Wert auf Komfort und Design legen. Strickm\u00fctze wurde f\u00fcr Damen geschafft, die in der Suche nach warme und weiche Winterm\u00fctze sind. Man kann sie in allt\u00e4glichen Leben, w\u00e4hrend Sportaktivit\u00e4ten als auch auf der Piste anhaben. Sch\u00f6n weich innnen, funktioniert so wie ein [&hellip;]<\/p>\n","protected":false},"featured_media":554,"comment_status":"open","ping_status":"closed","template":"","meta":[],"product_cat":[116,63,53,73,55,426,430,431],"product_tag":[692,113,92],"class_list":{"0":"post-553","1":"product","2":"type-product","3":"status-publish","4":"has-post-thumbnail","6":"product_cat-frauen","7":"product_cat-mutter","8":"product_cat-muttertag","9":"product_cat-beste-freundin","10":"product_cat-valentinstag","11":"product_cat-nach-preis","12":"product_cat-unter-20-euro","13":"product_cat-unter-50-euro","14":"product_tag-frauen-mtze","15":"product_tag-geschenk-fuer-frauen","16":"product_tag-geschenk-fuer-freundin","18":"first","19":"instock","20":"shipping-taxable","21":"product-type-external"},"_links":{"self":[{"href":"https:\/\/www.blogseite.com\/geschenke\/wp-json\/wp\/v2\/product\/553"}],"collection":[{"href":"https:\/\/www.blogseite.com\/geschenke\/wp-json\/wp\/v2\/product"}],"about":[{"href":"https:\/\/www.blogseite.com\/geschenke\/wp-json\/wp\/v2\/types\/product"}],"replies":[{"embeddable":true,"href":"https:\/\/www.blogseite.com\/geschenke\/wp-json\/wp\/v2\/comments?post=553"}],"wp:featuredmedia":[{"embeddable":true,"href":"https:\/\/www.blogseite.com\/geschenke\/wp-json\/wp\/v2\/media\/554"}],"wp:attachment":[{"href":"https:\/\/www.blogseite.com\/geschenke\/wp-json\/wp\/v2\/media?parent=553"}],"wp:term":[{"taxonomy":"product_cat","embeddable":true,"href":"https:\/\/www.blogseite.com\/geschenke\/wp-json\/wp\/v2\/product_cat?post=553"},{"taxonomy":"product_tag","embeddable":true,"href":"https:\/\/www.blogseite.com\/geschenke\/wp-json\/wp\/v2\/product_tag?post=553"}],"curies":[{"name":"wp","href":"https:\/\/api.w.org\/{rel}","templated":true}]}}