{"id":540,"date":"2020-11-24T17:02:32","date_gmt":"2020-11-24T16:02:32","guid":{"rendered":"https:\/\/geschenke.blogseite.com\/?post_type=product&#038;p=540"},"modified":"2022-05-19T09:49:17","modified_gmt":"2022-05-19T07:49:17","slug":"fitbit-versa-2-amazon-exclusive-gesundheits-und-fitness-smartwatch-mit-sprachsteuerung-schlafindex-und-musikfunktion-bordeaux-mit-alexa-integration","status":"publish","type":"product","link":"https:\/\/www.blogseite.com\/geschenke\/s\/fitbit-versa-2-amazon-exclusive-gesundheits-und-fitness-smartwatch-mit-sprachsteuerung-schlafindex-und-musikfunktion-bordeaux-mit-alexa-integration\/","title":{"rendered":"Fitbit Versa 2 Amazon Exclusive \u2013 Gesundheits- und Fitness-Smartwatch mit Sprachsteuerung, Schlafindex und Musikfunktion, Bordeaux, mit Alexa-Integration"},"content":{"rendered":"<ul class=\"a-unordered-list a-vertical a-spacing-mini\">\n<li><span class=\"a-list-item\">Kompatibel ab: \u00a0Apple iOS 12.2 +, Android OS 7.0 +, Windows 10 Version 1607.0 +<\/span><\/li>\n<li><span class=\"a-list-item\">Dank des integrierten Sprachassistenten Amazon Alexa k\u00f6nnen Sie direkt auf Ihrer Smartwatch News und das Wetter abrufen, Schlafenszeit-Erinnerungen und Wecker einstellen, Smart-Home-Ger\u00e4te steuern und vieles mehr \u2013 allein mit Ihrer Stimme<\/span><\/li>\n<li><span class=\"a-list-item\">Anhand von Herzfrequenz, Schlafdauer und Bewegungen sowie der Zeit in Tiefschlaf- und REM-Phasen wird ein Schlafindex erstellt, durch den Sie die Qualit\u00e4t Ihres Schlafs nachvollziehen k\u00f6nnen<\/span><\/li>\n<li><span class=\"a-list-item\">Die kontinuierliche Herzfrequenzmessung hilft Ihnen, Ihre Trainingsintensit\u00e4t optimal anzupassen, und erm\u00f6glicht eine genauere Erfassung Ihres Kalorienverbrauchs. In der Fitbit-App k\u00f6nnen Sie die Entwicklung Ihrer Ruheherzfrequenz und Cardio-Fitness verfolgen<\/span><\/li>\n<li><span class=\"a-list-item\">Auf der Versa 2 k\u00f6nnen Sie \u00fcber 300 Songs speichern, Ihre Spotify-App steuern und Deezer-Playlists laden. Abos f\u00fcr Musikstreaming-Dienste erforderlich<\/span><\/li>\n<li><span class=\"a-list-item\">Anrufe, Messenger-Nachrichten, SMS, App-Benachrichtigungen und Kalenderereignisse werden auf dem Display der Smartwatch angezeigt, wenn Ihr Smartphone in der N\u00e4he ist. So sind Sie immer auf dem Laufenden \u2013 und k\u00f6nnen mit einem verbundenen Android-Smartphone sogar direkt vom Handgelenk auf Nachrichten antworten<\/span><\/li>\n<li><span class=\"a-list-item\">Behalten Sie dank Always-on-Displaymodus Ihre Echtzeit-Trainingsstatistiken und die Uhrzeit im Blick \u2013 auch wenn Sie gerade keine Hand frei haben. Wenn Sie es mal weniger auff\u00e4llig m\u00f6gen, schalten Sie den Modus einfach aus. Always-on-Displaymodus erfordert h\u00e4ufigeres Aufladen<\/span><\/li>\n<\/ul>\n","protected":false},"excerpt":{"rendered":"<p>Kompatibel ab: \u00a0Apple iOS 12.2 +, Android OS 7.0 +, Windows 10 Version 1607.0 + Dank des integrierten Sprachassistenten Amazon Alexa k\u00f6nnen Sie direkt auf Ihrer Smartwatch News und das Wetter abrufen, Schlafenszeit-Erinnerungen und Wecker einstellen, Smart-Home-Ger\u00e4te steuern und vieles mehr \u2013 allein mit Ihrer Stimme Anhand von Herzfrequenz, Schlafdauer und Bewegungen sowie der Zeit [&hellip;]<\/p>\n","protected":false},"featured_media":542,"comment_status":"open","ping_status":"closed","template":"","meta":[],"product_cat":[78,74,110,54,116,53,56,45,108,426,434,432,433,70],"product_tag":[260,118,79,92,626],"class_list":{"0":"post-540","1":"product","2":"type-product","3":"status-publish","4":"has-post-thumbnail","6":"product_cat-weihnachtsgeschenke","7":"product_cat-bester-freund","8":"product_cat-freund","9":"product_cat-vatertag","10":"product_cat-frauen","11":"product_cat-muttertag","12":"product_cat-hochzeit","13":"product_cat-freundin","14":"product_cat-maenner","15":"product_cat-nach-preis","16":"product_cat-ueber-100-euro","17":"product_cat-ueber-35-euro","18":"product_cat-ueber-40-euro","19":"product_cat-geschenke-fuer-jeden-anlass","20":"product_tag-geschenk-alltag","21":"product_tag-geschenk-fuer-bratina","22":"product_tag-geschenk-fuer-freund","23":"product_tag-geschenk-fuer-freundin","24":"product_tag-smartwatch","26":"first","27":"instock","28":"shipping-taxable","29":"product-type-external"},"_links":{"self":[{"href":"https:\/\/www.blogseite.com\/geschenke\/wp-json\/wp\/v2\/product\/540"}],"collection":[{"href":"https:\/\/www.blogseite.com\/geschenke\/wp-json\/wp\/v2\/product"}],"about":[{"href":"https:\/\/www.blogseite.com\/geschenke\/wp-json\/wp\/v2\/types\/product"}],"replies":[{"embeddable":true,"href":"https:\/\/www.blogseite.com\/geschenke\/wp-json\/wp\/v2\/comments?post=540"}],"wp:featuredmedia":[{"embeddable":true,"href":"https:\/\/www.blogseite.com\/geschenke\/wp-json\/wp\/v2\/media\/542"}],"wp:attachment":[{"href":"https:\/\/www.blogseite.com\/geschenke\/wp-json\/wp\/v2\/media?parent=540"}],"wp:term":[{"taxonomy":"product_cat","embeddable":true,"href":"https:\/\/www.blogseite.com\/geschenke\/wp-json\/wp\/v2\/product_cat?post=540"},{"taxonomy":"product_tag","embeddable":true,"href":"https:\/\/www.blogseite.com\/geschenke\/wp-json\/wp\/v2\/product_tag?post=540"}],"curies":[{"name":"wp","href":"https:\/\/api.w.org\/{rel}","templated":true}]}}