{"id":519,"date":"2020-11-24T15:53:40","date_gmt":"2020-11-24T14:53:40","guid":{"rendered":"https:\/\/geschenke.blogseite.com\/?post_type=product&#038;p=519"},"modified":"2022-04-06T10:43:40","modified_gmt":"2022-04-06T08:43:40","slug":"lerway-mtb-handschuhe-fahrradhandschuhe-vollfinger-zum-radfahren-trekking-outdoor-laufen-joggen-wandern-herren-schwarz","status":"publish","type":"product","link":"https:\/\/www.blogseite.com\/geschenke\/s\/lerway-mtb-handschuhe-fahrradhandschuhe-vollfinger-zum-radfahren-trekking-outdoor-laufen-joggen-wandern-herren-schwarz\/","title":{"rendered":"LERWAY MTB Handschuhe Fahrradhandschuhe Vollfinger zum Radfahren Trekking Outdoor Laufen Joggen Wandern Herren Schwarz"},"content":{"rendered":"<ul class=\"a-unordered-list a-vertical a-spacing-mini\">\n<li><span class=\"a-list-item\">\ud83d\udeb4\u200d 3 Gr\u00f6\u00dfen Lieferbar: M: 7-8cm, 2.76&#8243;- 3.15&#8243;; L: 8-9cm, 3.15&#8243;-3.54&#8243;; XL: 9-10cm, 3.54&#8243;-3.94&#8243;. Wir empfehlen Ihnen, ihre hand zu messen und mit den gr\u00f6\u00dfentabelle zu vergleichen.<\/span><\/li>\n<li><span class=\"a-list-item\">\ud83d\udeb4\u200d Flexibel und atmungsaktiv: Die sporthandschuhe verf\u00fcgen \u00fcber ein flexibles und atmungsaktives Material, um das schwitzen zu reduzieren und Ihnen Komfort zu bieten.<\/span><\/li>\n<li><span class=\"a-list-item\">Schwarz-M<\/span><\/li>\n<li><span class=\"a-list-item\">Modellnummer: 7507<\/span><\/li>\n<li><span class=\"a-list-item\">\ud83d\udeb4\u200d Touchscreen-Funktion: Der Silikondruck auf den Fingerspitzen sorgt f\u00fcr einen sicheren halt der Stangen und ist mit dem touchscreen kompatibel.<\/span><\/li>\n<li><span class=\"a-list-item\">\ud83d\udeb4\u200d Verstellbare handgelenksmanschette: Die verstellbare Klettmanschette am Handgelenk sorgt f\u00fcr eine feste und schnellere handschuhpassform.<\/span><\/li>\n<li><span class=\"a-list-item\">\ud83d\udeb4\u200d Rutschfest und verschlei\u00dffest: Die radhandschuhe haben eine 3 mm EVA-Polsterung auf der Handfl\u00e4che f\u00fcr komfort und reduzierte Vibrationen.<\/span><\/li>\n<\/ul>\n","protected":false},"excerpt":{"rendered":"<p>\ud83d\udeb4\u200d 3 Gr\u00f6\u00dfen Lieferbar: M: 7-8cm, 2.76&#8243;- 3.15&#8243;; L: 8-9cm, 3.15&#8243;-3.54&#8243;; XL: 9-10cm, 3.54&#8243;-3.94&#8243;. Wir empfehlen Ihnen, ihre hand zu messen und mit den gr\u00f6\u00dfentabelle zu vergleichen. \ud83d\udeb4\u200d Flexibel und atmungsaktiv: Die sporthandschuhe verf\u00fcgen \u00fcber ein flexibles und atmungsaktives Material, um das schwitzen zu reduzieren und Ihnen Komfort zu bieten. Schwarz-M Modellnummer: 7507 \ud83d\udeb4\u200d Touchscreen-Funktion: [&hellip;]<\/p>\n","protected":false},"featured_media":520,"comment_status":"open","ping_status":"closed","template":"","meta":[],"product_cat":[78,103,74,110,108,426,429,430,431,70],"product_tag":[696,79,255],"class_list":{"0":"post-519","1":"product","2":"type-product","3":"status-publish","4":"has-post-thumbnail","6":"product_cat-weihnachtsgeschenke","7":"product_cat-studenten","8":"product_cat-bester-freund","9":"product_cat-freund","10":"product_cat-maenner","11":"product_cat-nach-preis","12":"product_cat-unter-15-euro","13":"product_cat-unter-20-euro","14":"product_cat-unter-50-euro","15":"product_cat-geschenke-fuer-jeden-anlass","16":"product_tag-fahrradhandschue","17":"product_tag-geschenk-fuer-freund","18":"product_tag-geschenk-fuer-sportler","20":"first","21":"instock","22":"shipping-taxable","23":"product-type-external"},"_links":{"self":[{"href":"https:\/\/www.blogseite.com\/geschenke\/wp-json\/wp\/v2\/product\/519"}],"collection":[{"href":"https:\/\/www.blogseite.com\/geschenke\/wp-json\/wp\/v2\/product"}],"about":[{"href":"https:\/\/www.blogseite.com\/geschenke\/wp-json\/wp\/v2\/types\/product"}],"replies":[{"embeddable":true,"href":"https:\/\/www.blogseite.com\/geschenke\/wp-json\/wp\/v2\/comments?post=519"}],"wp:featuredmedia":[{"embeddable":true,"href":"https:\/\/www.blogseite.com\/geschenke\/wp-json\/wp\/v2\/media\/520"}],"wp:attachment":[{"href":"https:\/\/www.blogseite.com\/geschenke\/wp-json\/wp\/v2\/media?parent=519"}],"wp:term":[{"taxonomy":"product_cat","embeddable":true,"href":"https:\/\/www.blogseite.com\/geschenke\/wp-json\/wp\/v2\/product_cat?post=519"},{"taxonomy":"product_tag","embeddable":true,"href":"https:\/\/www.blogseite.com\/geschenke\/wp-json\/wp\/v2\/product_tag?post=519"}],"curies":[{"name":"wp","href":"https:\/\/api.w.org\/{rel}","templated":true}]}}