{"id":5001,"date":"2022-04-18T16:41:22","date_gmt":"2022-04-18T14:41:22","guid":{"rendered":"https:\/\/www.blogseite.com\/geschenke\/?post_type=product&#038;p=5001"},"modified":"2022-04-18T16:43:49","modified_gmt":"2022-04-18T14:43:49","slug":"urinella-fuer-frauen-wandern-camping-zubehoer-geschenke","status":"publish","type":"product","link":"https:\/\/www.blogseite.com\/geschenke\/s\/urinella-fuer-frauen-wandern-camping-zubehoer-geschenke\/","title":{"rendered":"Urinella f\u00fcr Frauen Wandern Camping Zubeh\u00f6r Geschenke"},"content":{"rendered":"<ul class=\"a-unordered-list a-vertical a-spacing-mini\">\n<li><span class=\"a-list-item\">Stehendes Urinella f\u00fcr Frauen: Genie\u00dfen Sie den gleichen Komfort wie M\u00e4nner, und urinieren Sie frei im Freien. Keine Leckage, wiederverwendbare weibliche Urinale machen Ihre Reise einfach und frei. Das Frauen Urinal ist sehr einfach zu bedienen. Es ist kompatibel mit Hosen, Outdoor-Kleidung und Wander Ausr\u00fcstung, so dass Sie sich nicht entbl\u00f6\u00dfen m\u00fcssen, Sie m\u00fcssen nicht in den Wald wandern und im Geb\u00fcsch hocken<\/span><\/li>\n<li><span class=\"a-list-item\">Sicheres und bequemes Material: Das Urinal frauen ist aus medizinischem Silikonmaterial, vakuum-aseptische Verpackung, ohne sch\u00e4dliche Inhaltsstoffe, weich und nicht verletzend f\u00fcr die Haut. Das weibliche Urinal ist sehr geeignet f\u00fcr Camping, Wandern, Bergsteigen, Wandern, Reisen, Radfahren, Festivals, Muttertag Geschenk, und auch geeignet f\u00fcr schwangere Frauen, die unbequem zu hocken und Frauen mit niedrigen R\u00fcckenschmerzen sind<\/span><\/li>\n<li><span class=\"a-list-item\">Bequemes Design: nah an der Haut, ergonomisches Design. Sie brauchen sich keine Sorgen \u00fcber auslaufenden Urin zu machen, wenn Sie das Frauenurinal benutzen. Noch wichtiger ist, dass die neue Generation von Frauenurinalen weich, faltbar, wasserdicht, kompakt und leicht ist. Au\u00dferdem verf\u00fcgt es \u00fcber eine verl\u00e4ngerte D\u00fcse und einen faltbaren Silikon-Verl\u00e4ngerungsschlauch. Die Kombination aus beidem erm\u00f6glicht es Ihnen, genauer zu zielen und zu verhindern, dass Urin herumspritzt<\/span><\/li>\n<li><span class=\"a-list-item\">Leicht zu reinigen und zu tragen: Das Pinkelhilfe f\u00fcr frauen ist klein und leicht. F\u00fcr alle Outdoor-Aktivit\u00e4ten k\u00f6nnen Sie das Frauen urinal in eine Aufbewahrungstasche falten und mitnehmen. Sehr geeignet f\u00fcr Reisende. Die Reinigung des tragbaren Urinals ist sehr einfach, sch\u00fctteln Sie es leicht und waschen Sie es mit Wasser oder Seifenwasser. Sie k\u00f6nnen es mehrere Male wiederverwenden<\/span><\/li>\n<li><span class=\"a-list-item\">Wandern Geschenk Muttertag: sehr geeignet f\u00fcr diejenigen, die Camping, Reisen, Laufen, Klettern, Kanufahren, Radfahren, Outdoor-Aktivit\u00e4ten und Camping Zubeh\u00f6r Geschenke f\u00fcr frauen, Wenn Sie irgendwelche Fragen \u00fcber das Urinal haben, z\u00f6gern Sie bitte nicht, uns zu kontaktieren, wir bieten 24 Stunden professionellen Kundenservice<\/span><\/li>\n<\/ul>\n","protected":false},"excerpt":{"rendered":"<p>Stehendes Urinella f\u00fcr Frauen: Genie\u00dfen Sie den gleichen Komfort wie M\u00e4nner, und urinieren Sie frei im Freien. Keine Leckage, wiederverwendbare weibliche Urinale machen Ihre Reise einfach und frei. Das Frauen Urinal ist sehr einfach zu bedienen. Es ist kompatibel mit Hosen, Outdoor-Kleidung und Wander Ausr\u00fcstung, so dass Sie sich nicht entbl\u00f6\u00dfen m\u00fcssen, Sie m\u00fcssen nicht [&hellip;]<\/p>\n","protected":false},"featured_media":5002,"comment_status":"open","ping_status":"closed","template":"","meta":[],"product_cat":[78,746,103,74,110,58,54,116,63,53,45,108,57,73,280,426,431,293,301,300,70,299,295,294,291,296,298,64],"product_tag":[996,995],"class_list":{"0":"post-5001","1":"product","2":"type-product","3":"status-publish","4":"has-post-thumbnail","6":"product_cat-weihnachtsgeschenke","7":"product_cat--fit-fuer-den-fruehling","8":"product_cat-studenten","9":"product_cat-bester-freund","10":"product_cat-freund","11":"product_cat-opa","12":"product_cat-vatertag","13":"product_cat-frauen","14":"product_cat-mutter","15":"product_cat-muttertag","16":"product_cat-freundin","17":"product_cat-maenner","18":"product_cat-oma","19":"product_cat-beste-freundin","20":"product_cat-geburtstagsgeschenke","21":"product_cat-nach-preis","22":"product_cat-unter-50-euro","23":"product_cat-geschenk-fuer-bruder","24":"product_cat-eltern","25":"product_cat--kollege","26":"product_cat-geschenke-fuer-jeden-anlass","27":"product_cat--chef","28":"product_cat--tochter","29":"product_cat--schwester","30":"product_cat-nerds","31":"product_cat--schwiegermutter","32":"product_cat--ehefrau","33":"product_cat-vater","34":"product_tag-wanderer","35":"product_tag-wandern","37":"first","38":"instock","39":"shipping-taxable","40":"product-type-external"},"_links":{"self":[{"href":"https:\/\/www.blogseite.com\/geschenke\/wp-json\/wp\/v2\/product\/5001"}],"collection":[{"href":"https:\/\/www.blogseite.com\/geschenke\/wp-json\/wp\/v2\/product"}],"about":[{"href":"https:\/\/www.blogseite.com\/geschenke\/wp-json\/wp\/v2\/types\/product"}],"replies":[{"embeddable":true,"href":"https:\/\/www.blogseite.com\/geschenke\/wp-json\/wp\/v2\/comments?post=5001"}],"wp:featuredmedia":[{"embeddable":true,"href":"https:\/\/www.blogseite.com\/geschenke\/wp-json\/wp\/v2\/media\/5002"}],"wp:attachment":[{"href":"https:\/\/www.blogseite.com\/geschenke\/wp-json\/wp\/v2\/media?parent=5001"}],"wp:term":[{"taxonomy":"product_cat","embeddable":true,"href":"https:\/\/www.blogseite.com\/geschenke\/wp-json\/wp\/v2\/product_cat?post=5001"},{"taxonomy":"product_tag","embeddable":true,"href":"https:\/\/www.blogseite.com\/geschenke\/wp-json\/wp\/v2\/product_tag?post=5001"}],"curies":[{"name":"wp","href":"https:\/\/api.w.org\/{rel}","templated":true}]}}