{"id":4987,"date":"2022-04-18T15:55:53","date_gmt":"2022-04-18T13:55:53","guid":{"rendered":"https:\/\/www.blogseite.com\/geschenke\/?post_type=product&#038;p=4987"},"modified":"2022-04-18T15:57:55","modified_gmt":"2022-04-18T13:57:55","slug":"bahidora-isomatte-outdoor-isomatte-camping-ultraleicht","status":"publish","type":"product","link":"https:\/\/www.blogseite.com\/geschenke\/s\/bahidora-isomatte-outdoor-isomatte-camping-ultraleicht\/","title":{"rendered":"Bahidora Isomatte Outdoor. Isomatte Camping Ultraleicht"},"content":{"rendered":"<ul class=\"a-unordered-list a-vertical a-spacing-mini\">\n<li><span class=\"a-list-item\">ULTRALEICHT: Die Isomatte Camping ist der ideale Begleiter auf Reisen und \u00fcberzeugt mit einem Gewicht von nur 430 g. H\u00f6chster Schlafkomfort ohne zus\u00e4tzlichen Ballast.<\/span><\/li>\n<li><span class=\"a-list-item\">KOMPAKT: Mit einem kleinen Packma\u00df von nur 20 x 9 cm l\u00e4sst sich die Isomatte Outdoor spielend leicht verstauen. Nach dem Aufblasen \u00fcberzeugt die Schlafmatte mit einer Gr\u00f6\u00dfe von 188 x 55 cm und einer St\u00e4rke von 5,5 cm.<\/span><\/li>\n<li><span class=\"a-list-item\">KOMFORTABEL: Dank einzelner aber zugleich verbundener Luftkammern passt sich die Outdoor Matratze dem K\u00f6rper perfekt an. F\u00fcr ein H\u00f6chstma\u00df an Komfort. Mit einem R-Wert von 1,3 eignet sich die Schlafmatte im Fr\u00fchling, Sommer und Herbst (bis ca. +5\u00b0 C).<\/span><\/li>\n<li><span class=\"a-list-item\">EINFACH AUFZUBLASEN: Mit nur 10-15 Atemz\u00fcgen l\u00e4sst sich die Campingmatte und Outdoor Matte im Handumdrehen aufblasen. Das innovative R\u00fcckhalteventil verhindert das unerw\u00fcnschte Ausstr\u00f6men von Luft.<\/span><\/li>\n<li><span class=\"a-list-item\">STRAPAZIERF\u00c4HIG: Gemacht f\u00fcr den Einsatz im Freien f\u00fcr alle Drau\u00dfenschl\u00e4fer \u2013 dank 20D Nylon Ripstop und TPU Beschichtung besitzt die Camping Matratze eine robuste und wasserabweisende Oberfl\u00e4che.<\/span><\/li>\n<\/ul>\n","protected":false},"excerpt":{"rendered":"<p>ULTRALEICHT: Die Isomatte Camping ist der ideale Begleiter auf Reisen und \u00fcberzeugt mit einem Gewicht von nur 430 g. H\u00f6chster Schlafkomfort ohne zus\u00e4tzlichen Ballast. KOMPAKT: Mit einem kleinen Packma\u00df von nur 20 x 9 cm l\u00e4sst sich die Isomatte Outdoor spielend leicht verstauen. Nach dem Aufblasen \u00fcberzeugt die Schlafmatte mit einer Gr\u00f6\u00dfe von 188 x [&hellip;]<\/p>\n","protected":false},"featured_media":4988,"comment_status":"open","ping_status":"closed","template":"","meta":[],"product_cat":[78,746,103,74,110,58,54,116,63,53,45,108,57,73,280,426,431,293,301,300,70,299,295,294,291,296,298,64],"product_tag":[996,995],"class_list":{"0":"post-4987","1":"product","2":"type-product","3":"status-publish","4":"has-post-thumbnail","6":"product_cat-weihnachtsgeschenke","7":"product_cat--fit-fuer-den-fruehling","8":"product_cat-studenten","9":"product_cat-bester-freund","10":"product_cat-freund","11":"product_cat-opa","12":"product_cat-vatertag","13":"product_cat-frauen","14":"product_cat-mutter","15":"product_cat-muttertag","16":"product_cat-freundin","17":"product_cat-maenner","18":"product_cat-oma","19":"product_cat-beste-freundin","20":"product_cat-geburtstagsgeschenke","21":"product_cat-nach-preis","22":"product_cat-unter-50-euro","23":"product_cat-geschenk-fuer-bruder","24":"product_cat-eltern","25":"product_cat--kollege","26":"product_cat-geschenke-fuer-jeden-anlass","27":"product_cat--chef","28":"product_cat--tochter","29":"product_cat--schwester","30":"product_cat-nerds","31":"product_cat--schwiegermutter","32":"product_cat--ehefrau","33":"product_cat-vater","34":"product_tag-wanderer","35":"product_tag-wandern","37":"first","38":"instock","39":"shipping-taxable","40":"product-type-external"},"_links":{"self":[{"href":"https:\/\/www.blogseite.com\/geschenke\/wp-json\/wp\/v2\/product\/4987"}],"collection":[{"href":"https:\/\/www.blogseite.com\/geschenke\/wp-json\/wp\/v2\/product"}],"about":[{"href":"https:\/\/www.blogseite.com\/geschenke\/wp-json\/wp\/v2\/types\/product"}],"replies":[{"embeddable":true,"href":"https:\/\/www.blogseite.com\/geschenke\/wp-json\/wp\/v2\/comments?post=4987"}],"wp:featuredmedia":[{"embeddable":true,"href":"https:\/\/www.blogseite.com\/geschenke\/wp-json\/wp\/v2\/media\/4988"}],"wp:attachment":[{"href":"https:\/\/www.blogseite.com\/geschenke\/wp-json\/wp\/v2\/media?parent=4987"}],"wp:term":[{"taxonomy":"product_cat","embeddable":true,"href":"https:\/\/www.blogseite.com\/geschenke\/wp-json\/wp\/v2\/product_cat?post=4987"},{"taxonomy":"product_tag","embeddable":true,"href":"https:\/\/www.blogseite.com\/geschenke\/wp-json\/wp\/v2\/product_tag?post=4987"}],"curies":[{"name":"wp","href":"https:\/\/api.w.org\/{rel}","templated":true}]}}