{"id":4983,"date":"2022-04-18T15:52:16","date_gmt":"2022-04-18T13:52:16","guid":{"rendered":"https:\/\/www.blogseite.com\/geschenke\/?post_type=product&#038;p=4983"},"modified":"2022-04-18T15:53:09","modified_gmt":"2022-04-18T13:53:09","slug":"outdoor-panda-faltbare-carbon-wanderstoecke-fuer-damen-und-herren","status":"publish","type":"product","link":"https:\/\/www.blogseite.com\/geschenke\/s\/outdoor-panda-faltbare-carbon-wanderstoecke-fuer-damen-und-herren\/","title":{"rendered":"Outdoor Panda Faltbare Carbon Wanderst\u00f6cke f\u00fcr Damen und Herren"},"content":{"rendered":"<ul class=\"a-unordered-list a-vertical a-spacing-mini\">\n<li><span class=\"a-list-item\">PASST BEQUEM IN DEN RUCKSACK: Mit ihrem kompakten Packma\u00df von 34x4x8cm passen die faltbaren Wander St\u00f6cke bequem in den Rucksack und m\u00fcssen nicht drau\u00dfen festgemacht werden.<\/span><\/li>\n<li><span class=\"a-list-item\">F\u00dcR ALLE SITUATIONEN GER\u00dcSTET: Zu den Wanderst\u00f6cke bekommst du 5 verschiedene Aufs\u00e4tze die f\u00fcr Schlamm, Schnee und Asphalt geeignet sind. Du bist also gut ausgestattet, egal wo du hin gehst.<\/span><\/li>\n<li><span class=\"a-list-item\">LEICHT UND BEQUEM ZU TRANSPORTIEREN: Die mitgelieferte Tragetasche und das S\u00e4ckchen f\u00fcr die Ersatzteile helfen dir deine neuen Wanderst\u00f6cke sicher und gut verstaut \u00fcberall mitnehmen.<\/span><\/li>\n<li><span class=\"a-list-item\">KEIN UNN\u00d6TIGES ZUSATZGEWICHT: Dank des verbauten 3k Carbons wiegt einer unserer Wanderstock lediglich 256g.<\/span><\/li>\n<li><span class=\"a-list-item\">DIE RICHTIGE GR\u00d6\u00dfE F\u00dcR DICH: Unsere kleine Variante (100-120cm) ist f\u00fcr dich geeignet wenn du zwischen 145 und 175cm gro\u00df bist. Unsere gro\u00dfe Variante ist f\u00fcr dich wenn du 170-200cm gro\u00df bist. (genaue \u00dcbersicht in den Bildern \/ in der Produktbeschreibung)<\/span><\/li>\n<\/ul>\n","protected":false},"excerpt":{"rendered":"<p>PASST BEQUEM IN DEN RUCKSACK: Mit ihrem kompakten Packma\u00df von 34x4x8cm passen die faltbaren Wander St\u00f6cke bequem in den Rucksack und m\u00fcssen nicht drau\u00dfen festgemacht werden. F\u00dcR ALLE SITUATIONEN GER\u00dcSTET: Zu den Wanderst\u00f6cke bekommst du 5 verschiedene Aufs\u00e4tze die f\u00fcr Schlamm, Schnee und Asphalt geeignet sind. Du bist also gut ausgestattet, egal wo du hin [&hellip;]<\/p>\n","protected":false},"featured_media":4984,"comment_status":"open","ping_status":"closed","template":"","meta":[],"product_cat":[78,746,103,74,110,58,54,116,63,53,45,108,57,73,280,426,431,293,301,300,70,299,295,294,291,296,298,64],"product_tag":[996,995],"class_list":{"0":"post-4983","1":"product","2":"type-product","3":"status-publish","4":"has-post-thumbnail","6":"product_cat-weihnachtsgeschenke","7":"product_cat--fit-fuer-den-fruehling","8":"product_cat-studenten","9":"product_cat-bester-freund","10":"product_cat-freund","11":"product_cat-opa","12":"product_cat-vatertag","13":"product_cat-frauen","14":"product_cat-mutter","15":"product_cat-muttertag","16":"product_cat-freundin","17":"product_cat-maenner","18":"product_cat-oma","19":"product_cat-beste-freundin","20":"product_cat-geburtstagsgeschenke","21":"product_cat-nach-preis","22":"product_cat-unter-50-euro","23":"product_cat-geschenk-fuer-bruder","24":"product_cat-eltern","25":"product_cat--kollege","26":"product_cat-geschenke-fuer-jeden-anlass","27":"product_cat--chef","28":"product_cat--tochter","29":"product_cat--schwester","30":"product_cat-nerds","31":"product_cat--schwiegermutter","32":"product_cat--ehefrau","33":"product_cat-vater","34":"product_tag-wanderer","35":"product_tag-wandern","37":"first","38":"instock","39":"shipping-taxable","40":"product-type-external"},"_links":{"self":[{"href":"https:\/\/www.blogseite.com\/geschenke\/wp-json\/wp\/v2\/product\/4983"}],"collection":[{"href":"https:\/\/www.blogseite.com\/geschenke\/wp-json\/wp\/v2\/product"}],"about":[{"href":"https:\/\/www.blogseite.com\/geschenke\/wp-json\/wp\/v2\/types\/product"}],"replies":[{"embeddable":true,"href":"https:\/\/www.blogseite.com\/geschenke\/wp-json\/wp\/v2\/comments?post=4983"}],"wp:featuredmedia":[{"embeddable":true,"href":"https:\/\/www.blogseite.com\/geschenke\/wp-json\/wp\/v2\/media\/4984"}],"wp:attachment":[{"href":"https:\/\/www.blogseite.com\/geschenke\/wp-json\/wp\/v2\/media?parent=4983"}],"wp:term":[{"taxonomy":"product_cat","embeddable":true,"href":"https:\/\/www.blogseite.com\/geschenke\/wp-json\/wp\/v2\/product_cat?post=4983"},{"taxonomy":"product_tag","embeddable":true,"href":"https:\/\/www.blogseite.com\/geschenke\/wp-json\/wp\/v2\/product_tag?post=4983"}],"curies":[{"name":"wp","href":"https:\/\/api.w.org\/{rel}","templated":true}]}}