{"id":4976,"date":"2022-04-18T15:42:50","date_gmt":"2022-04-18T13:42:50","guid":{"rendered":"https:\/\/www.blogseite.com\/geschenke\/?post_type=product&#038;p=4976"},"modified":"2022-04-18T15:44:27","modified_gmt":"2022-04-18T13:44:27","slug":"bullhead-klappmesser-einhandmesser-neuheit","status":"publish","type":"product","link":"https:\/\/www.blogseite.com\/geschenke\/s\/bullhead-klappmesser-einhandmesser-neuheit\/","title":{"rendered":"Bullhead Klappmesser einhandmesser \u2013 NEUHEIT"},"content":{"rendered":"<p>&nbsp;<\/p>\n<ul class=\"a-unordered-list a-vertical a-spacing-mini\">\n<li><span class=\"a-list-item\">EINZIGARTIGE WELTNEUHEIT &#8211; Unser \u201eSpecial Ops\u201c ist das weltweit erste und einzige Klappmesser mit einem patentierten Daumendruckverst\u00e4rker f\u00fcr mega-kraftvollen Druck! Schneide jetzt noch besser, pr\u00e4ziser und sicherer!<\/span><\/li>\n<li><span class=\"a-list-item\">GRATIS GESCHENK &#8211; Neben Deinem Outdoor Messer erh\u00e4ltst Du einen Inbus zur Montage von &#8220;The Tick&#8221; gratis dazu. Obendrauf bekommst Du noch ein schicke Pflegeanleitung im handlichen E-Book Format mit vielen coolen Tipps &#8211; per E-Ma<\/span><\/li>\n<li><span class=\"a-list-item\">RASIERMESSERSCHARF &amp; LANGLEBIG &#8211; Die nahezu unkaputtbare Klinge aus D2 Stahl macht unser hochwertiges Taschenmesser zum Deinem neuen Lieblingsgef\u00e4hrten. Durch die TX Sicherheitsverschraubung wird die Gefahr einer lockeren Klinge Richtung 0 reduziert!<\/span><\/li>\n<li><span class=\"a-list-item\">BESONDERS HANDLICH &amp; SICHER &#8211; Sogar bei N\u00e4sse, Schnee und K\u00e4lte ist ein Abrutschen nahezu unm\u00f6glich. Der unzerst\u00f6rbare G10 Griff mit eingefr\u00e4ster Daumenmulde bietet jederzeit volle Kontrolle, 100% Grip &amp; maximale Sicherheit vor Verletzungen.<\/span><\/li>\n<li><span class=\"a-list-item\">FUNKTIONIERT. EIN LEBEN LANG! &#8211; Auch nach \u00fcber 100.000 \u00d6ffnungen gleitet dein \u201eSpecial Ops\u201c durch die verwendeten Profi-Kugellager noch wie am ersten Tag. Darauf geben wir dir eine lebenslange Garantie &#8211; ohne Wenn und Aber!<\/span><\/li>\n<\/ul>\n","protected":false},"excerpt":{"rendered":"<p>&nbsp; EINZIGARTIGE WELTNEUHEIT &#8211; Unser \u201eSpecial Ops\u201c ist das weltweit erste und einzige Klappmesser mit einem patentierten Daumendruckverst\u00e4rker f\u00fcr mega-kraftvollen Druck! Schneide jetzt noch besser, pr\u00e4ziser und sicherer! GRATIS GESCHENK &#8211; Neben Deinem Outdoor Messer erh\u00e4ltst Du einen Inbus zur Montage von &#8220;The Tick&#8221; gratis dazu. Obendrauf bekommst Du noch ein schicke Pflegeanleitung im handlichen [&hellip;]<\/p>\n","protected":false},"featured_media":4977,"comment_status":"open","ping_status":"closed","template":"","meta":[],"product_cat":[78,746,103,74,110,58,54,116,63,53,45,108,57,73,280,426,431,293,301,300,70,299,295,294,291,296,298,64],"product_tag":[545,996,995],"class_list":{"0":"post-4976","1":"product","2":"type-product","3":"status-publish","4":"has-post-thumbnail","6":"product_cat-weihnachtsgeschenke","7":"product_cat--fit-fuer-den-fruehling","8":"product_cat-studenten","9":"product_cat-bester-freund","10":"product_cat-freund","11":"product_cat-opa","12":"product_cat-vatertag","13":"product_cat-frauen","14":"product_cat-mutter","15":"product_cat-muttertag","16":"product_cat-freundin","17":"product_cat-maenner","18":"product_cat-oma","19":"product_cat-beste-freundin","20":"product_cat-geburtstagsgeschenke","21":"product_cat-nach-preis","22":"product_cat-unter-50-euro","23":"product_cat-geschenk-fuer-bruder","24":"product_cat-eltern","25":"product_cat--kollege","26":"product_cat-geschenke-fuer-jeden-anlass","27":"product_cat--chef","28":"product_cat--tochter","29":"product_cat--schwester","30":"product_cat-nerds","31":"product_cat--schwiegermutter","32":"product_cat--ehefrau","33":"product_cat-vater","34":"product_tag-rucksack","35":"product_tag-wanderer","36":"product_tag-wandern","38":"first","39":"instock","40":"shipping-taxable","41":"product-type-external"},"_links":{"self":[{"href":"https:\/\/www.blogseite.com\/geschenke\/wp-json\/wp\/v2\/product\/4976"}],"collection":[{"href":"https:\/\/www.blogseite.com\/geschenke\/wp-json\/wp\/v2\/product"}],"about":[{"href":"https:\/\/www.blogseite.com\/geschenke\/wp-json\/wp\/v2\/types\/product"}],"replies":[{"embeddable":true,"href":"https:\/\/www.blogseite.com\/geschenke\/wp-json\/wp\/v2\/comments?post=4976"}],"wp:featuredmedia":[{"embeddable":true,"href":"https:\/\/www.blogseite.com\/geschenke\/wp-json\/wp\/v2\/media\/4977"}],"wp:attachment":[{"href":"https:\/\/www.blogseite.com\/geschenke\/wp-json\/wp\/v2\/media?parent=4976"}],"wp:term":[{"taxonomy":"product_cat","embeddable":true,"href":"https:\/\/www.blogseite.com\/geschenke\/wp-json\/wp\/v2\/product_cat?post=4976"},{"taxonomy":"product_tag","embeddable":true,"href":"https:\/\/www.blogseite.com\/geschenke\/wp-json\/wp\/v2\/product_tag?post=4976"}],"curies":[{"name":"wp","href":"https:\/\/api.w.org\/{rel}","templated":true}]}}