{"id":4924,"date":"2022-04-18T11:10:22","date_gmt":"2022-04-18T09:10:22","guid":{"rendered":"https:\/\/www.blogseite.com\/geschenke\/?post_type=product&#038;p=4924"},"modified":"2022-04-18T11:28:29","modified_gmt":"2022-04-18T09:28:29","slug":"baby-groot-blumentopf-deko","status":"publish","type":"product","link":"https:\/\/www.blogseite.com\/geschenke\/s\/baby-groot-blumentopf-deko\/","title":{"rendered":"Baby Groot Blumentopf Deko"},"content":{"rendered":"<ul class=\"a-unordered-list a-vertical a-spacing-mini\">\n<li><span class=\"a-list-item\">BEKANNT AUS FILMKLASSIKERN &#8211; Der Groot ist eine der bekanntesten Marvel Figuren und eignet sich daher perfekt als Marvel Fanartikel f\u00fcr echte Fans. Er ist unglaublich echt und praktisch zugleich.<\/span><\/li>\n<li><span class=\"a-list-item\">VIELSEITIG EINSETZBAR &#8211; Der Groot Blumentopf ist in seiner Nutzung \u00e4u\u00dferst vielf\u00e4ltig. Er eignet sich sowohl als Pflanztopf im Garten, oder als n\u00fctzlicher Stiftehalter und B\u00fcro Deko.<\/span><\/li>\n<li><span class=\"a-list-item\">HOCHWERTIGES DESIGN &#8211; Die Gartenfigur verf\u00fcgt \u00fcber eine hochwertige Verarbeitung. Abgerundet durch ein lebensechtes Design, ist der Pflanztopf ein echter Blickfang f\u00fcr den heimischen Garten.<\/span><\/li>\n<li><span class=\"a-list-item\">PERFEKT F\u00dcR SAMMLER &#8211; Der Babygroot ist ein Muss f\u00fcr Fans von Guardians of the Family oder anderen Marvel Klassikern. Neben der Deko eignet sich der Groot perfekt zum Sammeln und Tauschen.<\/span><\/li>\n<li><span class=\"a-list-item\">FILMREIFES QUALIT\u00c4TSVERSPRECHEN &#8211; Unsere Marvel Figuren unterliegen stets h\u00f6chsten Qualit\u00e4tsanforderungen. So wird auch der Babygroot Blumentopf selbstverst\u00e4ndlich nach Deutschen Standards produziert.<\/span><\/li>\n<\/ul>\n","protected":false},"excerpt":{"rendered":"<p>BEKANNT AUS FILMKLASSIKERN &#8211; Der Groot ist eine der bekanntesten Marvel Figuren und eignet sich daher perfekt als Marvel Fanartikel f\u00fcr echte Fans. Er ist unglaublich echt und praktisch zugleich. VIELSEITIG EINSETZBAR &#8211; Der Groot Blumentopf ist in seiner Nutzung \u00e4u\u00dferst vielf\u00e4ltig. Er eignet sich sowohl als Pflanztopf im Garten, oder als n\u00fctzlicher Stiftehalter und [&hellip;]<\/p>\n","protected":false},"featured_media":4925,"comment_status":"open","ping_status":"closed","template":"","meta":[],"product_cat":[78,746,103,74,110,116,63,53,45,108,73,280,426,431,293,301,292,300,70,299,295,294,291,296,298],"product_tag":[991,892,990],"class_list":{"0":"post-4924","1":"product","2":"type-product","3":"status-publish","4":"has-post-thumbnail","6":"product_cat-weihnachtsgeschenke","7":"product_cat--fit-fuer-den-fruehling","8":"product_cat-studenten","9":"product_cat-bester-freund","10":"product_cat-freund","11":"product_cat-frauen","12":"product_cat-mutter","13":"product_cat-muttertag","14":"product_cat-freundin","15":"product_cat-maenner","16":"product_cat-beste-freundin","17":"product_cat-geburtstagsgeschenke","18":"product_cat-nach-preis","19":"product_cat-unter-50-euro","20":"product_cat-geschenk-fuer-bruder","21":"product_cat-eltern","22":"product_cat-sohn","23":"product_cat--kollege","24":"product_cat-geschenke-fuer-jeden-anlass","25":"product_cat--chef","26":"product_cat--tochter","27":"product_cat--schwester","28":"product_cat-nerds","29":"product_cat--schwiegermutter","30":"product_cat--ehefrau","31":"product_tag-filme","32":"product_tag-kleinigkeit","33":"product_tag-witzig","35":"first","36":"instock","37":"shipping-taxable","38":"product-type-external"},"_links":{"self":[{"href":"https:\/\/www.blogseite.com\/geschenke\/wp-json\/wp\/v2\/product\/4924"}],"collection":[{"href":"https:\/\/www.blogseite.com\/geschenke\/wp-json\/wp\/v2\/product"}],"about":[{"href":"https:\/\/www.blogseite.com\/geschenke\/wp-json\/wp\/v2\/types\/product"}],"replies":[{"embeddable":true,"href":"https:\/\/www.blogseite.com\/geschenke\/wp-json\/wp\/v2\/comments?post=4924"}],"wp:featuredmedia":[{"embeddable":true,"href":"https:\/\/www.blogseite.com\/geschenke\/wp-json\/wp\/v2\/media\/4925"}],"wp:attachment":[{"href":"https:\/\/www.blogseite.com\/geschenke\/wp-json\/wp\/v2\/media?parent=4924"}],"wp:term":[{"taxonomy":"product_cat","embeddable":true,"href":"https:\/\/www.blogseite.com\/geschenke\/wp-json\/wp\/v2\/product_cat?post=4924"},{"taxonomy":"product_tag","embeddable":true,"href":"https:\/\/www.blogseite.com\/geschenke\/wp-json\/wp\/v2\/product_tag?post=4924"}],"curies":[{"name":"wp","href":"https:\/\/api.w.org\/{rel}","templated":true}]}}