{"id":4861,"date":"2021-08-20T11:53:30","date_gmt":"2021-08-20T09:53:30","guid":{"rendered":"https:\/\/geschenke.blogseite.com\/?post_type=product&#038;p=4861"},"modified":"2022-03-31T17:20:30","modified_gmt":"2022-03-31T15:20:30","slug":"gardigo-fliegenwedler-2er-set-%f0%9f%98%8a","status":"publish","type":"product","link":"https:\/\/www.blogseite.com\/geschenke\/s\/gardigo-fliegenwedler-2er-set-%f0%9f%98%8a\/","title":{"rendered":"Gardigo Fliegenwedler 2er Set \ud83d\ude0a"},"content":{"rendered":"<ul class=\"a-unordered-list a-vertical a-spacing-mini\">\n<li><span class=\"a-list-item\">DER SELBSTST\u00c4NDIGE FLIEGENSCHUTZ beim Kaffeeklatsch, Grillabend oder Fr\u00fchst\u00fcck im Freien zum Schutz Ihrer Speisen und Nerven<\/span><\/li>\n<li><span class=\"a-list-item\">\u2705 WEDELT FLIEGEN EINFACH WEG und h\u00e4lt Fluginsekten durch die Rotation der Fl\u00fcgel und besonderen Schimmerstreifen fern<\/span><\/li>\n<li><span class=\"a-list-item\">\u2705 KLEINES GER\u00c4T MIT GRO\u00dfER WIRKUNG: Fl\u00fcgelspannweite 40 cm | Wir empfehlen Ihnen pro Tisch (bis zu 4 Personen) zwei Fliegenwedler einzusetzen | Produktma\u00dfe: 8 x 25 x 8 cm<\/span><\/li>\n<li><span class=\"a-list-item\">\u2705 KEINE VERLETZUNGSGEFAHR die rotierenden Fl\u00fcgel bestehen aus einem Soften Kunststoff der bei Ber\u00fchrung keine Schmerzen verursacht<\/span><\/li>\n<li><span class=\"a-list-item\">\u2705 TESTERGEBNIS die New State Mexico Universit\u00e4t in den USA hat uns aufgrund des positiven Ergebnisses Ihr Siegel verliehen<\/span><\/li>\n<\/ul>\n","protected":false},"excerpt":{"rendered":"<p>DER SELBSTST\u00c4NDIGE FLIEGENSCHUTZ beim Kaffeeklatsch, Grillabend oder Fr\u00fchst\u00fcck im Freien zum Schutz Ihrer Speisen und Nerven \u2705 WEDELT FLIEGEN EINFACH WEG und h\u00e4lt Fluginsekten durch die Rotation der Fl\u00fcgel und besonderen Schimmerstreifen fern \u2705 KLEINES GER\u00c4T MIT GRO\u00dfER WIRKUNG: Fl\u00fcgelspannweite 40 cm | Wir empfehlen Ihnen pro Tisch (bis zu 4 Personen) zwei Fliegenwedler einzusetzen [&hellip;]<\/p>\n","protected":false},"featured_media":4862,"comment_status":"open","ping_status":"closed","template":"","meta":[],"product_cat":[814,78,103,74,110,58,54,116,63,53,45,108,57,73,280,426,430,431,301,300,70,299,295,294,296,298,64],"product_tag":[981],"class_list":{"0":"post-4861","1":"product","2":"type-product","3":"status-publish","4":"has-post-thumbnail","6":"product_cat-zuhause","7":"product_cat-weihnachtsgeschenke","8":"product_cat-studenten","9":"product_cat-bester-freund","10":"product_cat-freund","11":"product_cat-opa","12":"product_cat-vatertag","13":"product_cat-frauen","14":"product_cat-mutter","15":"product_cat-muttertag","16":"product_cat-freundin","17":"product_cat-maenner","18":"product_cat-oma","19":"product_cat-beste-freundin","20":"product_cat-geburtstagsgeschenke","21":"product_cat-nach-preis","22":"product_cat-unter-20-euro","23":"product_cat-unter-50-euro","24":"product_cat-eltern","25":"product_cat--kollege","26":"product_cat-geschenke-fuer-jeden-anlass","27":"product_cat--chef","28":"product_cat--tochter","29":"product_cat--schwester","30":"product_cat--schwiegermutter","31":"product_cat--ehefrau","32":"product_cat-vater","33":"product_tag-fliegenvertreiber","35":"first","36":"instock","37":"shipping-taxable","38":"product-type-external"},"_links":{"self":[{"href":"https:\/\/www.blogseite.com\/geschenke\/wp-json\/wp\/v2\/product\/4861"}],"collection":[{"href":"https:\/\/www.blogseite.com\/geschenke\/wp-json\/wp\/v2\/product"}],"about":[{"href":"https:\/\/www.blogseite.com\/geschenke\/wp-json\/wp\/v2\/types\/product"}],"replies":[{"embeddable":true,"href":"https:\/\/www.blogseite.com\/geschenke\/wp-json\/wp\/v2\/comments?post=4861"}],"wp:featuredmedia":[{"embeddable":true,"href":"https:\/\/www.blogseite.com\/geschenke\/wp-json\/wp\/v2\/media\/4862"}],"wp:attachment":[{"href":"https:\/\/www.blogseite.com\/geschenke\/wp-json\/wp\/v2\/media?parent=4861"}],"wp:term":[{"taxonomy":"product_cat","embeddable":true,"href":"https:\/\/www.blogseite.com\/geschenke\/wp-json\/wp\/v2\/product_cat?post=4861"},{"taxonomy":"product_tag","embeddable":true,"href":"https:\/\/www.blogseite.com\/geschenke\/wp-json\/wp\/v2\/product_tag?post=4861"}],"curies":[{"name":"wp","href":"https:\/\/api.w.org\/{rel}","templated":true}]}}