{"id":4856,"date":"2021-08-18T16:59:16","date_gmt":"2021-08-18T14:59:16","guid":{"rendered":"https:\/\/geschenke.blogseite.com\/?post_type=product&#038;p=4856"},"modified":"2022-03-31T17:21:26","modified_gmt":"2022-03-31T15:21:26","slug":"mondlampe-mondlicht-nachtlicht-%f0%9f%8c%95","status":"publish","type":"product","link":"https:\/\/www.blogseite.com\/geschenke\/s\/mondlampe-mondlicht-nachtlicht-%f0%9f%8c%95\/","title":{"rendered":"Mondlampe Mondlicht Nachtlicht kaufen \ud83c\udf15"},"content":{"rendered":"<ul class=\"a-unordered-list a-vertical a-spacing-mini\">\n<li><span class=\"a-list-item\">\u3010\u00d6ko-Materialien &amp; sicher f\u00fcr Kinder\u3011 Hergestellt aus PLA-Materialien mit 3D-gedruckter Technologie, mit der Kinder sicher Spa\u00df haben und spielen k\u00f6nnen. Konzentrieren Sie sich auf die Details, um die Krater, Kurven und Berge realistisch zu gestalten und die Mondoberfl\u00e4che lebendig darzustellen.<\/span><\/li>\n<li><span class=\"a-list-item\">\u3010Funktionen\u3011 Fernbedienung + Ber\u00fchren + Tippen auf Steuerung \/ 16 RGB-Farben \/ 4 Blitzwechselmodus \/ Zeiteinstellung von 15 Minuten bis 12 Stunden \/ Dimmfunktion \uff08Dr\u00fccken Sie lange auf die Unterseite, um die Tippenfunktion beim ersten Mal zu aktivieren.\uff09<\/span><\/li>\n<li><span class=\"a-list-item\">\u3010Wirtschaftlich und wiederaufladbar\u3011 Langlebiger Akku (500 mAh): Eingebauter USB-Akku, idealer Begleiter f\u00fcr Kinder, damit sie sich sicher und wiederaufladbar f\u00fchlen (3 Stunden vollst\u00e4ndiger Ladevorgang, 10 bis 30 Betriebsstunden).<\/span><\/li>\n<li><span class=\"a-list-item\">\u3010Perfekte Geschenkauswahl\u3011 Die leuchtende 3D-Lampe ist ein romantisches und mysteri\u00f6ses kreatives Weihnachtsgeschenk zum Geburtstag und Valentinstag f\u00fcr M\u00e4dchen \/ Jungen \/ Frauen \/ Kinder \/ Eltern \/ Liebhaber usw. Auch perfekt als dekoratives Kinder- \/ Kinderzimmer und zu besonderen Anl\u00e4ssen . Ein ideales k\u00fchles Luna-Nachtlicht f\u00fcr Schlafzimmer, Tisch, Schreibtisch, B\u00fcro und Caf\u00e9.<\/span><\/li>\n<li><span class=\"a-list-item\">\u3010Schutz &amp; SICHERER KAUF\u3011 100% GELD-ZUR\u00dcCK-SCHUTZ: Bestellen Sie jetzt beruhigt. RISIKOLOS; Ihr Einkauf wird durch unsere exklusive 1-Jahres-Hilfe und den 90-Tage-R\u00fcckgabeschutz abgesichert. Ob Sie Moon La lieben oder nicht, Sie haben Anspruch auf eine 100% ige R\u00fcckerstattungshilfe.<\/span><\/li>\n<\/ul>\n","protected":false},"excerpt":{"rendered":"<p>\u3010\u00d6ko-Materialien &amp; sicher f\u00fcr Kinder\u3011 Hergestellt aus PLA-Materialien mit 3D-gedruckter Technologie, mit der Kinder sicher Spa\u00df haben und spielen k\u00f6nnen. Konzentrieren Sie sich auf die Details, um die Krater, Kurven und Berge realistisch zu gestalten und die Mondoberfl\u00e4che lebendig darzustellen. \u3010Funktionen\u3011 Fernbedienung + Ber\u00fchren + Tippen auf Steuerung \/ 16 RGB-Farben \/ 4 Blitzwechselmodus \/ [&hellip;]<\/p>\n","protected":false},"featured_media":4857,"comment_status":"open","ping_status":"closed","template":"","meta":[],"product_cat":[814,78,103,74,110,58,54,116,63,53,45,108,57,73,280,426,430,431,301,300,70,299,295,294,296,298,64],"product_tag":[611],"class_list":{"0":"post-4856","1":"product","2":"type-product","3":"status-publish","4":"has-post-thumbnail","6":"product_cat-zuhause","7":"product_cat-weihnachtsgeschenke","8":"product_cat-studenten","9":"product_cat-bester-freund","10":"product_cat-freund","11":"product_cat-opa","12":"product_cat-vatertag","13":"product_cat-frauen","14":"product_cat-mutter","15":"product_cat-muttertag","16":"product_cat-freundin","17":"product_cat-maenner","18":"product_cat-oma","19":"product_cat-beste-freundin","20":"product_cat-geburtstagsgeschenke","21":"product_cat-nach-preis","22":"product_cat-unter-20-euro","23":"product_cat-unter-50-euro","24":"product_cat-eltern","25":"product_cat--kollege","26":"product_cat-geschenke-fuer-jeden-anlass","27":"product_cat--chef","28":"product_cat--tochter","29":"product_cat--schwester","30":"product_cat--schwiegermutter","31":"product_cat--ehefrau","32":"product_cat-vater","33":"product_tag-lampe","35":"first","36":"instock","37":"shipping-taxable","38":"product-type-external"},"_links":{"self":[{"href":"https:\/\/www.blogseite.com\/geschenke\/wp-json\/wp\/v2\/product\/4856"}],"collection":[{"href":"https:\/\/www.blogseite.com\/geschenke\/wp-json\/wp\/v2\/product"}],"about":[{"href":"https:\/\/www.blogseite.com\/geschenke\/wp-json\/wp\/v2\/types\/product"}],"replies":[{"embeddable":true,"href":"https:\/\/www.blogseite.com\/geschenke\/wp-json\/wp\/v2\/comments?post=4856"}],"wp:featuredmedia":[{"embeddable":true,"href":"https:\/\/www.blogseite.com\/geschenke\/wp-json\/wp\/v2\/media\/4857"}],"wp:attachment":[{"href":"https:\/\/www.blogseite.com\/geschenke\/wp-json\/wp\/v2\/media?parent=4856"}],"wp:term":[{"taxonomy":"product_cat","embeddable":true,"href":"https:\/\/www.blogseite.com\/geschenke\/wp-json\/wp\/v2\/product_cat?post=4856"},{"taxonomy":"product_tag","embeddable":true,"href":"https:\/\/www.blogseite.com\/geschenke\/wp-json\/wp\/v2\/product_tag?post=4856"}],"curies":[{"name":"wp","href":"https:\/\/api.w.org\/{rel}","templated":true}]}}