{"id":4830,"date":"2021-08-18T15:25:34","date_gmt":"2021-08-18T13:25:34","guid":{"rendered":"https:\/\/geschenke.blogseite.com\/?post_type=product&#038;p=4830"},"modified":"2022-03-31T17:27:24","modified_gmt":"2022-03-31T15:27:24","slug":"picknick-rucksack-picknick-rucksack-tasche-hamper-%f0%9f%94%a5","status":"publish","type":"product","link":"https:\/\/www.blogseite.com\/geschenke\/s\/picknick-rucksack-picknick-rucksack-tasche-hamper-%f0%9f%94%a5\/","title":{"rendered":"Picknick Rucksack Picknick Rucksack Tasche Hamper \ud83d\udd25"},"content":{"rendered":"<ul class=\"a-unordered-list a-vertical a-spacing-mini\">\n<li><span class=\"a-list-item\">Picknickrucksack mit K\u00fchlfach f\u00fcr sch\u00f6ne Stunden in freier Natur zu zweit<\/span><\/li>\n<li><span class=\"a-list-item\">Moderner Rucksack mit Picknickset und passender extragro\u00dfer Decke f\u00fcr vier Personen \u2013 enth\u00e4lt 4 Edelstahlmesser, 4 Gabeln, 4 L\u00f6ffel, 4 BPA-freie Teller, 4 Tassen und 4 waschbare Baumwoll-Servietten<\/span><\/li>\n<li><span class=\"a-list-item\">Fleece-Decke mit beschichteter und schmutzabweisender Unterseite<\/span><\/li>\n<li><span class=\"a-list-item\">Das im Rucksack enthaltene K\u00fchlfach h\u00e4lt Lebensmittel l\u00e4nger k\u00fchl<\/span><\/li>\n<li><span class=\"a-list-item\">Der Rucksack hat die Ma\u00dfe 30 x 20 x 42cm (L\u00e4nge x Breite x H\u00f6he), die Decke ist ausgelegt 115 x 135cm (L\u00e4nge x Breite)<\/span><\/li>\n<\/ul>\n","protected":false},"excerpt":{"rendered":"<p>Picknickrucksack mit K\u00fchlfach f\u00fcr sch\u00f6ne Stunden in freier Natur zu zweit Moderner Rucksack mit Picknickset und passender extragro\u00dfer Decke f\u00fcr vier Personen \u2013 enth\u00e4lt 4 Edelstahlmesser, 4 Gabeln, 4 L\u00f6ffel, 4 BPA-freie Teller, 4 Tassen und 4 waschbare Baumwoll-Servietten Fleece-Decke mit beschichteter und schmutzabweisender Unterseite Das im Rucksack enthaltene K\u00fchlfach h\u00e4lt Lebensmittel l\u00e4nger k\u00fchl Der [&hellip;]<\/p>\n","protected":false},"featured_media":4831,"comment_status":"open","ping_status":"closed","template":"","meta":[],"product_cat":[78,103,74,110,58,116,63,45,108,57,73,280,426,432,433,293,301,292,300,70,299,295,294,291,296,124,298,64],"product_tag":[976],"class_list":{"0":"post-4830","1":"product","2":"type-product","3":"status-publish","4":"has-post-thumbnail","6":"product_cat-weihnachtsgeschenke","7":"product_cat-studenten","8":"product_cat-bester-freund","9":"product_cat-freund","10":"product_cat-opa","11":"product_cat-frauen","12":"product_cat-mutter","13":"product_cat-freundin","14":"product_cat-maenner","15":"product_cat-oma","16":"product_cat-beste-freundin","17":"product_cat-geburtstagsgeschenke","18":"product_cat-nach-preis","19":"product_cat-ueber-35-euro","20":"product_cat-ueber-40-euro","21":"product_cat-geschenk-fuer-bruder","22":"product_cat-eltern","23":"product_cat-sohn","24":"product_cat--kollege","25":"product_cat-geschenke-fuer-jeden-anlass","26":"product_cat--chef","27":"product_cat--tochter","28":"product_cat--schwester","29":"product_cat-nerds","30":"product_cat--schwiegermutter","31":"product_cat-jungesellenabschied","32":"product_cat--ehefrau","33":"product_cat-vater","34":"product_tag-picknick","36":"first","37":"instock","38":"shipping-taxable","39":"product-type-external"},"_links":{"self":[{"href":"https:\/\/www.blogseite.com\/geschenke\/wp-json\/wp\/v2\/product\/4830"}],"collection":[{"href":"https:\/\/www.blogseite.com\/geschenke\/wp-json\/wp\/v2\/product"}],"about":[{"href":"https:\/\/www.blogseite.com\/geschenke\/wp-json\/wp\/v2\/types\/product"}],"replies":[{"embeddable":true,"href":"https:\/\/www.blogseite.com\/geschenke\/wp-json\/wp\/v2\/comments?post=4830"}],"wp:featuredmedia":[{"embeddable":true,"href":"https:\/\/www.blogseite.com\/geschenke\/wp-json\/wp\/v2\/media\/4831"}],"wp:attachment":[{"href":"https:\/\/www.blogseite.com\/geschenke\/wp-json\/wp\/v2\/media?parent=4830"}],"wp:term":[{"taxonomy":"product_cat","embeddable":true,"href":"https:\/\/www.blogseite.com\/geschenke\/wp-json\/wp\/v2\/product_cat?post=4830"},{"taxonomy":"product_tag","embeddable":true,"href":"https:\/\/www.blogseite.com\/geschenke\/wp-json\/wp\/v2\/product_tag?post=4830"}],"curies":[{"name":"wp","href":"https:\/\/api.w.org\/{rel}","templated":true}]}}