{"id":4816,"date":"2021-08-18T11:38:43","date_gmt":"2021-08-18T09:38:43","guid":{"rendered":"https:\/\/geschenke.blogseite.com\/?post_type=product&#038;p=4816"},"modified":"2022-03-31T17:33:11","modified_gmt":"2022-03-31T15:33:11","slug":"fit-flip-mikrofaser-handtuch-in-allen-farben-%f0%9f%94%a5","status":"publish","type":"product","link":"https:\/\/www.blogseite.com\/geschenke\/s\/fit-flip-mikrofaser-handtuch-in-allen-farben-%f0%9f%94%a5\/","title":{"rendered":"Fit-Flip Mikrofaser Handtuch \u2013 in Allen Farben \ud83d\udd25"},"content":{"rendered":"<p><span class=\"a-list-item\">KOMPAKT &amp; LEICHT \u2013 Das ultra leichte Allzweck Microfaserhandtuch spart unglaublich viel Platz und l\u00e4sst sich kinderleicht in jedem Rucksack, Sport- oder Reisetasche verstauen. Egal ob leichtes Fitnesshandtuch, Camping Handtuch oder gro\u00dfes Strandtuch, wir haben die richtige Gr\u00f6\u00dfe und Farbe f\u00fcr Dich. Lieferumfang: 1x Handtuch 30x50cm &#8211; ohne Tasche<\/span><\/p>\n","protected":false},"excerpt":{"rendered":"<p>KOMPAKT &amp; LEICHT \u2013 Das ultra leichte Allzweck Microfaserhandtuch spart unglaublich viel Platz und l\u00e4sst sich kinderleicht in jedem Rucksack, Sport- oder Reisetasche verstauen. Egal ob leichtes Fitnesshandtuch, Camping Handtuch oder gro\u00dfes Strandtuch, wir haben die richtige Gr\u00f6\u00dfe und Farbe f\u00fcr Dich. Lieferumfang: 1x Handtuch 30x50cm &#8211; ohne Tasche<\/p>\n","protected":false},"featured_media":4817,"comment_status":"open","ping_status":"closed","template":"","meta":[],"product_cat":[814,78,746,103,74,110,58,116,63,45,108,57,73,280,426,432,433,293,301,292,300,70,299,295,294,291,296,124,298,64],"product_tag":[840],"class_list":{"0":"post-4816","1":"product","2":"type-product","3":"status-publish","4":"has-post-thumbnail","6":"product_cat-zuhause","7":"product_cat-weihnachtsgeschenke","8":"product_cat--fit-fuer-den-fruehling","9":"product_cat-studenten","10":"product_cat-bester-freund","11":"product_cat-freund","12":"product_cat-opa","13":"product_cat-frauen","14":"product_cat-mutter","15":"product_cat-freundin","16":"product_cat-maenner","17":"product_cat-oma","18":"product_cat-beste-freundin","19":"product_cat-geburtstagsgeschenke","20":"product_cat-nach-preis","21":"product_cat-ueber-35-euro","22":"product_cat-ueber-40-euro","23":"product_cat-geschenk-fuer-bruder","24":"product_cat-eltern","25":"product_cat-sohn","26":"product_cat--kollege","27":"product_cat-geschenke-fuer-jeden-anlass","28":"product_cat--chef","29":"product_cat--tochter","30":"product_cat--schwester","31":"product_cat-nerds","32":"product_cat--schwiegermutter","33":"product_cat-jungesellenabschied","34":"product_cat--ehefrau","35":"product_cat-vater","36":"product_tag-handtuch","38":"first","39":"instock","40":"shipping-taxable","41":"product-type-external"},"_links":{"self":[{"href":"https:\/\/www.blogseite.com\/geschenke\/wp-json\/wp\/v2\/product\/4816"}],"collection":[{"href":"https:\/\/www.blogseite.com\/geschenke\/wp-json\/wp\/v2\/product"}],"about":[{"href":"https:\/\/www.blogseite.com\/geschenke\/wp-json\/wp\/v2\/types\/product"}],"replies":[{"embeddable":true,"href":"https:\/\/www.blogseite.com\/geschenke\/wp-json\/wp\/v2\/comments?post=4816"}],"wp:featuredmedia":[{"embeddable":true,"href":"https:\/\/www.blogseite.com\/geschenke\/wp-json\/wp\/v2\/media\/4817"}],"wp:attachment":[{"href":"https:\/\/www.blogseite.com\/geschenke\/wp-json\/wp\/v2\/media?parent=4816"}],"wp:term":[{"taxonomy":"product_cat","embeddable":true,"href":"https:\/\/www.blogseite.com\/geschenke\/wp-json\/wp\/v2\/product_cat?post=4816"},{"taxonomy":"product_tag","embeddable":true,"href":"https:\/\/www.blogseite.com\/geschenke\/wp-json\/wp\/v2\/product_tag?post=4816"}],"curies":[{"name":"wp","href":"https:\/\/api.w.org\/{rel}","templated":true}]}}