{"id":4753,"date":"2021-08-17T10:52:08","date_gmt":"2021-08-17T08:52:08","guid":{"rendered":"https:\/\/geschenke.blogseite.com\/?post_type=product&#038;p=4753"},"modified":"2022-03-31T17:44:01","modified_gmt":"2022-03-31T15:44:01","slug":"persoenlicher-alarm-140-db-%f0%9f%92%aa%f0%9f%8f%bb","status":"publish","type":"product","link":"https:\/\/www.blogseite.com\/geschenke\/s\/persoenlicher-alarm-140-db-%f0%9f%92%aa%f0%9f%8f%bb\/","title":{"rendered":"Pers\u00f6nlicher Alarm 140 db \ud83d\udcaa\ud83c\udffb"},"content":{"rendered":"<ul class=\"a-unordered-list a-vertical a-spacing-mini\">\n<li><span class=\"a-list-item\">\u2764 Praktischer Taschenalarm &#8211; Ultra haltbares ABS und Metall, rostbest\u00e4ndig. 140dB Piercing Sirene ist genug, um Aufmerksamkeit zu erregen und den Angreifer zu verunsichern. Klingeln k\u00f6nnen 30-40 Minuten dauern und allm\u00e4hlich laut w\u00fcrde nicht Ihre Ohren verletzen.<\/span><\/li>\n<li><span class=\"a-list-item\">\u2764 LED-Blitzlicht &#8211; Personal alarm mit heller wei\u00dfer LED Minitaschenlampe der Schwachlicht Notbeleuchtung, f\u00fcr mindestens 30 Minuten dauern, ist es Ihre gro\u00dfe Hilfe, wenn Sie allein in der Dunkelheit sind.<\/span><\/li>\n<li><span class=\"a-list-item\">\u2764 Einfach Handhabung &#8211; Die Bedienung ist einfach und effektiv, Ziehen Sie den Ausl\u00f6serstift heraus, wenn Gefahren auftauchen, lauter Alarm wird die Aufmerksamkeit von Menschen auf sich ziehen.<\/span><\/li>\n<li><span class=\"a-list-item\">\u2764 Leicht und Tragbar &#8211; Drei emergency personal alarms, metall Stahl Schl\u00fcsselanh\u00e4nger kann auf Schl\u00fcssel, Rucksack-Rei\u00dfverschluss, G\u00fcrtelschlaufen, Schultasche h\u00e4ngen, als Dekoration. Der pers\u00f6nliche Alarm ist winzig und wird von Angreifern oder Eindringlingen kaum beachtet.<\/span><\/li>\n<li><span class=\"a-list-item\">\u2764 Weit verbreitet &#8211; Gut f\u00fcr alle Altersgruppen, Perfekt Notfall Selbstschutz f\u00fcr Frauen, Kinder, Studenten, Jogger, Nachtschichtarbeiter, Menschen viel allein unterwegs sind. Auch f\u00fcr Wander, Camping und Spazieren gehen.<\/span><\/li>\n<\/ul>\n","protected":false},"excerpt":{"rendered":"<p>\u2764 Praktischer Taschenalarm &#8211; Ultra haltbares ABS und Metall, rostbest\u00e4ndig. 140dB Piercing Sirene ist genug, um Aufmerksamkeit zu erregen und den Angreifer zu verunsichern. Klingeln k\u00f6nnen 30-40 Minuten dauern und allm\u00e4hlich laut w\u00fcrde nicht Ihre Ohren verletzen. \u2764 LED-Blitzlicht &#8211; Personal alarm mit heller wei\u00dfer LED Minitaschenlampe der Schwachlicht Notbeleuchtung, f\u00fcr mindestens 30 Minuten dauern, [&hellip;]<\/p>\n","protected":false},"featured_media":4754,"comment_status":"open","ping_status":"closed","template":"","meta":[],"product_cat":[814,78,746,103,74,110,58,116,63,45,108,57,73,280,426,430,431,293,301,292,300,70,299,295,294,296,124,298],"product_tag":[964,963],"class_list":{"0":"post-4753","1":"product","2":"type-product","3":"status-publish","4":"has-post-thumbnail","6":"product_cat-zuhause","7":"product_cat-weihnachtsgeschenke","8":"product_cat--fit-fuer-den-fruehling","9":"product_cat-studenten","10":"product_cat-bester-freund","11":"product_cat-freund","12":"product_cat-opa","13":"product_cat-frauen","14":"product_cat-mutter","15":"product_cat-freundin","16":"product_cat-maenner","17":"product_cat-oma","18":"product_cat-beste-freundin","19":"product_cat-geburtstagsgeschenke","20":"product_cat-nach-preis","21":"product_cat-unter-20-euro","22":"product_cat-unter-50-euro","23":"product_cat-geschenk-fuer-bruder","24":"product_cat-eltern","25":"product_cat-sohn","26":"product_cat--kollege","27":"product_cat-geschenke-fuer-jeden-anlass","28":"product_cat--chef","29":"product_cat--tochter","30":"product_cat--schwester","31":"product_cat--schwiegermutter","32":"product_cat-jungesellenabschied","33":"product_cat--ehefrau","34":"product_tag-alarm","35":"product_tag-sicherheit","37":"first","38":"instock","39":"shipping-taxable","40":"product-type-external"},"_links":{"self":[{"href":"https:\/\/www.blogseite.com\/geschenke\/wp-json\/wp\/v2\/product\/4753"}],"collection":[{"href":"https:\/\/www.blogseite.com\/geschenke\/wp-json\/wp\/v2\/product"}],"about":[{"href":"https:\/\/www.blogseite.com\/geschenke\/wp-json\/wp\/v2\/types\/product"}],"replies":[{"embeddable":true,"href":"https:\/\/www.blogseite.com\/geschenke\/wp-json\/wp\/v2\/comments?post=4753"}],"wp:featuredmedia":[{"embeddable":true,"href":"https:\/\/www.blogseite.com\/geschenke\/wp-json\/wp\/v2\/media\/4754"}],"wp:attachment":[{"href":"https:\/\/www.blogseite.com\/geschenke\/wp-json\/wp\/v2\/media?parent=4753"}],"wp:term":[{"taxonomy":"product_cat","embeddable":true,"href":"https:\/\/www.blogseite.com\/geschenke\/wp-json\/wp\/v2\/product_cat?post=4753"},{"taxonomy":"product_tag","embeddable":true,"href":"https:\/\/www.blogseite.com\/geschenke\/wp-json\/wp\/v2\/product_tag?post=4753"}],"curies":[{"name":"wp","href":"https:\/\/api.w.org\/{rel}","templated":true}]}}