{"id":4694,"date":"2021-07-27T15:30:35","date_gmt":"2021-07-27T13:30:35","guid":{"rendered":"https:\/\/geschenke.blogseite.com\/?post_type=product&#038;p=4694"},"modified":"2022-03-31T17:53:30","modified_gmt":"2022-03-31T15:53:30","slug":"roulens-vintage-geldboerse-damen-leder-gross-%f0%9f%98%8d","status":"publish","type":"product","link":"https:\/\/www.blogseite.com\/geschenke\/s\/roulens-vintage-geldboerse-damen-leder-gross-%f0%9f%98%8d\/","title":{"rendered":"ROULENS Vintage Geldb\u00f6rse Damen Leder Gross \ud83d\ude0d"},"content":{"rendered":"<p>Damen Leder Geldb\u00f6rsen aus weichem echtem Leder, stylisches Used-Look Leder, ist top verarbeitet, alle N\u00e4hte sind sehr sauber.Die Lederoberfl\u00e4che sieht nach l\u00e4ngerem Gebrauch noch besser aus.<\/p>\n","protected":false},"excerpt":{"rendered":"<p>Damen Leder Geldb\u00f6rsen aus weichem echtem Leder, stylisches Used-Look Leder, ist top verarbeitet, alle N\u00e4hte sind sehr sauber.Die Lederoberfl\u00e4che sieht nach l\u00e4ngerem Gebrauch noch besser aus.<\/p>\n","protected":false},"featured_media":4695,"comment_status":"open","ping_status":"closed","template":"","meta":[],"product_cat":[814,78,103,116,63,53,45,73,280,426,431,301,70,295,294,296,298],"product_tag":[586],"class_list":{"0":"post-4694","1":"product","2":"type-product","3":"status-publish","4":"has-post-thumbnail","6":"product_cat-zuhause","7":"product_cat-weihnachtsgeschenke","8":"product_cat-studenten","9":"product_cat-frauen","10":"product_cat-mutter","11":"product_cat-muttertag","12":"product_cat-freundin","13":"product_cat-beste-freundin","14":"product_cat-geburtstagsgeschenke","15":"product_cat-nach-preis","16":"product_cat-unter-50-euro","17":"product_cat-eltern","18":"product_cat-geschenke-fuer-jeden-anlass","19":"product_cat--tochter","20":"product_cat--schwester","21":"product_cat--schwiegermutter","22":"product_cat--ehefrau","23":"product_tag-frauen-geldboerse","25":"first","26":"instock","27":"shipping-taxable","28":"product-type-external"},"_links":{"self":[{"href":"https:\/\/www.blogseite.com\/geschenke\/wp-json\/wp\/v2\/product\/4694"}],"collection":[{"href":"https:\/\/www.blogseite.com\/geschenke\/wp-json\/wp\/v2\/product"}],"about":[{"href":"https:\/\/www.blogseite.com\/geschenke\/wp-json\/wp\/v2\/types\/product"}],"replies":[{"embeddable":true,"href":"https:\/\/www.blogseite.com\/geschenke\/wp-json\/wp\/v2\/comments?post=4694"}],"wp:featuredmedia":[{"embeddable":true,"href":"https:\/\/www.blogseite.com\/geschenke\/wp-json\/wp\/v2\/media\/4695"}],"wp:attachment":[{"href":"https:\/\/www.blogseite.com\/geschenke\/wp-json\/wp\/v2\/media?parent=4694"}],"wp:term":[{"taxonomy":"product_cat","embeddable":true,"href":"https:\/\/www.blogseite.com\/geschenke\/wp-json\/wp\/v2\/product_cat?post=4694"},{"taxonomy":"product_tag","embeddable":true,"href":"https:\/\/www.blogseite.com\/geschenke\/wp-json\/wp\/v2\/product_tag?post=4694"}],"curies":[{"name":"wp","href":"https:\/\/api.w.org\/{rel}","templated":true}]}}