{"id":4675,"date":"2021-07-17T10:31:32","date_gmt":"2021-07-17T08:31:32","guid":{"rendered":"https:\/\/geschenke.blogseite.com\/?post_type=product&#038;p=4675"},"modified":"2022-03-31T17:57:05","modified_gmt":"2022-03-31T15:57:05","slug":"king-beatz-perlenarmband-aus-natuerlichen-lavasteinen","status":"publish","type":"product","link":"https:\/\/www.blogseite.com\/geschenke\/s\/king-beatz-perlenarmband-aus-natuerlichen-lavasteinen\/","title":{"rendered":"King Beatz\u00ae Perlenarmband aus nat\u00fcrlichen Lavasteinen"},"content":{"rendered":"<p>Ein richtig sch\u00f6nes Fantasy, Perlenarmband das perfekt f\u00fcr deine Freundin sein kann. \ud83d\ude0a<\/p>\n","protected":false},"excerpt":{"rendered":"<p>Ein richtig sch\u00f6nes Fantasy, Perlenarmband das perfekt f\u00fcr deine Freundin sein kann. \ud83d\ude0a<\/p>\n","protected":false},"featured_media":4676,"comment_status":"open","ping_status":"closed","template":"","meta":[],"product_cat":[814,78,103,116,63,53,45,73,280,426,431,301,70,295,294,296,298],"product_tag":[768],"class_list":{"0":"post-4675","1":"product","2":"type-product","3":"status-publish","4":"has-post-thumbnail","6":"product_cat-zuhause","7":"product_cat-weihnachtsgeschenke","8":"product_cat-studenten","9":"product_cat-frauen","10":"product_cat-mutter","11":"product_cat-muttertag","12":"product_cat-freundin","13":"product_cat-beste-freundin","14":"product_cat-geburtstagsgeschenke","15":"product_cat-nach-preis","16":"product_cat-unter-50-euro","17":"product_cat-eltern","18":"product_cat-geschenke-fuer-jeden-anlass","19":"product_cat--tochter","20":"product_cat--schwester","21":"product_cat--schwiegermutter","22":"product_cat--ehefrau","23":"product_tag-armband","25":"first","26":"instock","27":"shipping-taxable","28":"product-type-external"},"_links":{"self":[{"href":"https:\/\/www.blogseite.com\/geschenke\/wp-json\/wp\/v2\/product\/4675"}],"collection":[{"href":"https:\/\/www.blogseite.com\/geschenke\/wp-json\/wp\/v2\/product"}],"about":[{"href":"https:\/\/www.blogseite.com\/geschenke\/wp-json\/wp\/v2\/types\/product"}],"replies":[{"embeddable":true,"href":"https:\/\/www.blogseite.com\/geschenke\/wp-json\/wp\/v2\/comments?post=4675"}],"wp:featuredmedia":[{"embeddable":true,"href":"https:\/\/www.blogseite.com\/geschenke\/wp-json\/wp\/v2\/media\/4676"}],"wp:attachment":[{"href":"https:\/\/www.blogseite.com\/geschenke\/wp-json\/wp\/v2\/media?parent=4675"}],"wp:term":[{"taxonomy":"product_cat","embeddable":true,"href":"https:\/\/www.blogseite.com\/geschenke\/wp-json\/wp\/v2\/product_cat?post=4675"},{"taxonomy":"product_tag","embeddable":true,"href":"https:\/\/www.blogseite.com\/geschenke\/wp-json\/wp\/v2\/product_tag?post=4675"}],"curies":[{"name":"wp","href":"https:\/\/api.w.org\/{rel}","templated":true}]}}