{"id":4669,"date":"2021-07-15T19:09:40","date_gmt":"2021-07-15T17:09:40","guid":{"rendered":"https:\/\/geschenke.blogseite.com\/?post_type=product&#038;p=4669"},"modified":"2022-03-31T17:58:07","modified_gmt":"2022-03-31T15:58:07","slug":"rose-flower-baer-handgemachter-teddybaer","status":"publish","type":"product","link":"https:\/\/www.blogseite.com\/geschenke\/s\/rose-flower-baer-handgemachter-teddybaer\/","title":{"rendered":"Rose Flower B\u00e4r Handgemachter Teddyb\u00e4r"},"content":{"rendered":"<p><span class=\"a-list-item\">Perfektes Geschenk der Rosenb\u00e4r eignet sich hervorragend f\u00fcr Freundinnen, Jubil\u00e4en, Geburtstage, Hochzeiten, Valentinstag oder jede Gelegenheit<\/span><\/p>\n","protected":false},"excerpt":{"rendered":"<p>Perfektes Geschenk der Rosenb\u00e4r eignet sich hervorragend f\u00fcr Freundinnen, Jubil\u00e4en, Geburtstage, Hochzeiten, Valentinstag oder jede Gelegenheit<\/p>\n","protected":false},"featured_media":4670,"comment_status":"open","ping_status":"closed","template":"","meta":[],"product_cat":[814,116,63,53,45,73,52,280,55,426,431,301,294,298],"product_tag":[945],"class_list":{"0":"post-4669","1":"product","2":"type-product","3":"status-publish","4":"has-post-thumbnail","6":"product_cat-zuhause","7":"product_cat-frauen","8":"product_cat-mutter","9":"product_cat-muttertag","10":"product_cat-freundin","11":"product_cat-beste-freundin","12":"product_cat-hochzeitsgeschenke","13":"product_cat-geburtstagsgeschenke","14":"product_cat-valentinstag","15":"product_cat-nach-preis","16":"product_cat-unter-50-euro","17":"product_cat-eltern","18":"product_cat--schwester","19":"product_cat--ehefrau","20":"product_tag-liebe","22":"first","23":"instock","24":"shipping-taxable","25":"product-type-external"},"_links":{"self":[{"href":"https:\/\/www.blogseite.com\/geschenke\/wp-json\/wp\/v2\/product\/4669"}],"collection":[{"href":"https:\/\/www.blogseite.com\/geschenke\/wp-json\/wp\/v2\/product"}],"about":[{"href":"https:\/\/www.blogseite.com\/geschenke\/wp-json\/wp\/v2\/types\/product"}],"replies":[{"embeddable":true,"href":"https:\/\/www.blogseite.com\/geschenke\/wp-json\/wp\/v2\/comments?post=4669"}],"wp:featuredmedia":[{"embeddable":true,"href":"https:\/\/www.blogseite.com\/geschenke\/wp-json\/wp\/v2\/media\/4670"}],"wp:attachment":[{"href":"https:\/\/www.blogseite.com\/geschenke\/wp-json\/wp\/v2\/media?parent=4669"}],"wp:term":[{"taxonomy":"product_cat","embeddable":true,"href":"https:\/\/www.blogseite.com\/geschenke\/wp-json\/wp\/v2\/product_cat?post=4669"},{"taxonomy":"product_tag","embeddable":true,"href":"https:\/\/www.blogseite.com\/geschenke\/wp-json\/wp\/v2\/product_tag?post=4669"}],"curies":[{"name":"wp","href":"https:\/\/api.w.org\/{rel}","templated":true}]}}