{"id":4631,"date":"2021-07-15T11:01:45","date_gmt":"2021-07-15T09:01:45","guid":{"rendered":"https:\/\/geschenke.blogseite.com\/?post_type=product&#038;p=4631"},"modified":"2022-03-31T18:01:57","modified_gmt":"2022-03-31T16:01:57","slug":"navaris-retro-brille-ohne-sehstaerke-%f0%9f%a4%93","status":"publish","type":"product","link":"https:\/\/www.blogseite.com\/geschenke\/s\/navaris-retro-brille-ohne-sehstaerke-%f0%9f%a4%93\/","title":{"rendered":"Navaris Retro Brille ohne Sehst\u00e4rke \ud83e\udd13"},"content":{"rendered":"<ul class=\"a-unordered-list a-vertical a-spacing-mini\">\n<li><span class=\"a-list-item\">DESIGN TRIFFT AUGENSCHUTZ: Beim Tragen der ungeschliffenen Fensterglas Brille mit B\u00fcgeln aus Metall in Goldoptik werden nicht nur die Augen vor blauem Display Licht gesch\u00fctzt. Mit dem stylischen Rahmen setzt Du gleich noch ein Fashion Statement.<\/span><\/li>\n<li><span class=\"a-list-item\">GEGEN ERM\u00dcDUNG: Kopfschmerzen nach 8h am Bildschirm? Diese Normalglasbrille mit Blaulichtfilter schont die Augen beim Arbeiten am PC. Zudem sch\u00fctzt sie vor elektrischer Strahlung. Der Vintage Rahmen sorgt f\u00fcr mehr Style im Alltag.<\/span><\/li>\n<li><span class=\"a-list-item\">LIEFERUMFANG: Geliefert wird die Unisex Brille mit Acrylglas Gl\u00e4sern inkl. Schickem Etui aus Kunstleder, einen Stoffbeutel und einem Putztuch. Ma\u00dfe Gl\u00e4ser: 50 x 41 mm, f\u00fcr Frauen und M\u00e4nner.<\/span><\/li>\n<\/ul>\n","protected":false},"excerpt":{"rendered":"<p>DESIGN TRIFFT AUGENSCHUTZ: Beim Tragen der ungeschliffenen Fensterglas Brille mit B\u00fcgeln aus Metall in Goldoptik werden nicht nur die Augen vor blauem Display Licht gesch\u00fctzt. Mit dem stylischen Rahmen setzt Du gleich noch ein Fashion Statement. GEGEN ERM\u00dcDUNG: Kopfschmerzen nach 8h am Bildschirm? Diese Normalglasbrille mit Blaulichtfilter schont die Augen beim Arbeiten am PC. Zudem [&hellip;]<\/p>\n","protected":false},"featured_media":4643,"comment_status":"open","ping_status":"closed","template":"","meta":[],"product_cat":[814,78,103,74,110,58,54,116,45,108,57,73,280,426,429,430,431,293,300,70,299,295,294,296,124,64],"product_tag":[815,917],"class_list":{"0":"post-4631","1":"product","2":"type-product","3":"status-publish","4":"has-post-thumbnail","6":"product_cat-zuhause","7":"product_cat-weihnachtsgeschenke","8":"product_cat-studenten","9":"product_cat-bester-freund","10":"product_cat-freund","11":"product_cat-opa","12":"product_cat-vatertag","13":"product_cat-frauen","14":"product_cat-freundin","15":"product_cat-maenner","16":"product_cat-oma","17":"product_cat-beste-freundin","18":"product_cat-geburtstagsgeschenke","19":"product_cat-nach-preis","20":"product_cat-unter-15-euro","21":"product_cat-unter-20-euro","22":"product_cat-unter-50-euro","23":"product_cat-geschenk-fuer-bruder","24":"product_cat--kollege","25":"product_cat-geschenke-fuer-jeden-anlass","26":"product_cat--chef","27":"product_cat--tochter","28":"product_cat--schwester","29":"product_cat--schwiegermutter","30":"product_cat-jungesellenabschied","31":"product_cat-vater","32":"product_tag-deko","33":"product_tag-retro","35":"first","36":"instock","37":"shipping-taxable","38":"product-type-external"},"_links":{"self":[{"href":"https:\/\/www.blogseite.com\/geschenke\/wp-json\/wp\/v2\/product\/4631"}],"collection":[{"href":"https:\/\/www.blogseite.com\/geschenke\/wp-json\/wp\/v2\/product"}],"about":[{"href":"https:\/\/www.blogseite.com\/geschenke\/wp-json\/wp\/v2\/types\/product"}],"replies":[{"embeddable":true,"href":"https:\/\/www.blogseite.com\/geschenke\/wp-json\/wp\/v2\/comments?post=4631"}],"wp:featuredmedia":[{"embeddable":true,"href":"https:\/\/www.blogseite.com\/geschenke\/wp-json\/wp\/v2\/media\/4643"}],"wp:attachment":[{"href":"https:\/\/www.blogseite.com\/geschenke\/wp-json\/wp\/v2\/media?parent=4631"}],"wp:term":[{"taxonomy":"product_cat","embeddable":true,"href":"https:\/\/www.blogseite.com\/geschenke\/wp-json\/wp\/v2\/product_cat?post=4631"},{"taxonomy":"product_tag","embeddable":true,"href":"https:\/\/www.blogseite.com\/geschenke\/wp-json\/wp\/v2\/product_tag?post=4631"}],"curies":[{"name":"wp","href":"https:\/\/api.w.org\/{rel}","templated":true}]}}