{"id":4629,"date":"2021-07-15T10:55:01","date_gmt":"2021-07-15T08:55:01","guid":{"rendered":"https:\/\/geschenke.blogseite.com\/?post_type=product&#038;p=4629"},"modified":"2022-03-31T18:02:17","modified_gmt":"2022-03-31T16:02:17","slug":"alte-ziegelform-32x15x95-cm-ein-kammer-%f0%9f%98%b2","status":"publish","type":"product","link":"https:\/\/www.blogseite.com\/geschenke\/s\/alte-ziegelform-32x15x95-cm-ein-kammer-%f0%9f%98%b2\/","title":{"rendered":"Alte Ziegelform 32x15x9,5 cm &#8211; Ein-Kammer \ud83d\ude32"},"content":{"rendered":"<ul class=\"a-unordered-list a-vertical a-spacing-mini\">\n<li><span class=\"a-list-item\">Nicht nur Wein wird mit dem Alter besser &#8211; sondern auch diese Ziegelformen. Aus massiven Alth\u00f6lzern gefertigt, ist wirklich jede Form ein echtes Unikat!<\/span><\/li>\n<li><span class=\"a-list-item\">In fernen L\u00e4ndern als Ziegelform benutzt &#8211; aber ausrangiert sind sie noch lange nicht! Mit verschiedenen Features ausgestattet, wie z.B. einem Nagel, der in die Kiste eingeschlagen wurde, oder Metall-Beschl\u00e4ge, die WAHREN Vintage-Look verbreiten. Viele Produkte, die im Vintage-\/Shabby-Stil gehalten sind, wurden nur auf alt getrimmt. Aber diese Regale sind es wirklich und haben eine lange und spannende Geschichte hinter sich.<\/span><\/li>\n<li><span class=\"a-list-item\">Rustikal und \u00e4u\u00dferst praktisch &#8211; so kommen sie daher. Benutzen Sie sie als Buchregal, als Aufbewahrung f\u00fcr Ihre Kostbarkeiten oder auch als Blumenkasten.<\/span><\/li>\n<li><span class=\"a-list-item\">Durch die Ein-Kammer-Bauweise haben Sie gen\u00fcgend Lagerfl\u00e4che f\u00fcr verschiedene Dinge, die Sie in die Regale stellen k\u00f6nnen.<\/span><\/li>\n<li><span class=\"a-list-item\">Ma\u00dfe: L\u00e4nge: ca. 32 cm, Breite ca. 15 cm, H\u00f6he ca. 9,5 cm<\/span><\/li>\n<\/ul>\n","protected":false},"excerpt":{"rendered":"<p>Nicht nur Wein wird mit dem Alter besser &#8211; sondern auch diese Ziegelformen. Aus massiven Alth\u00f6lzern gefertigt, ist wirklich jede Form ein echtes Unikat! In fernen L\u00e4ndern als Ziegelform benutzt &#8211; aber ausrangiert sind sie noch lange nicht! Mit verschiedenen Features ausgestattet, wie z.B. einem Nagel, der in die Kiste eingeschlagen wurde, oder Metall-Beschl\u00e4ge, die [&hellip;]<\/p>\n","protected":false},"featured_media":4644,"comment_status":"open","ping_status":"closed","template":"","meta":[],"product_cat":[814,78,103,74,110,58,54,116,45,108,57,73,280,426,429,430,431,293,301,300,70,299,296,64],"product_tag":[815,917],"class_list":{"0":"post-4629","1":"product","2":"type-product","3":"status-publish","4":"has-post-thumbnail","6":"product_cat-zuhause","7":"product_cat-weihnachtsgeschenke","8":"product_cat-studenten","9":"product_cat-bester-freund","10":"product_cat-freund","11":"product_cat-opa","12":"product_cat-vatertag","13":"product_cat-frauen","14":"product_cat-freundin","15":"product_cat-maenner","16":"product_cat-oma","17":"product_cat-beste-freundin","18":"product_cat-geburtstagsgeschenke","19":"product_cat-nach-preis","20":"product_cat-unter-15-euro","21":"product_cat-unter-20-euro","22":"product_cat-unter-50-euro","23":"product_cat-geschenk-fuer-bruder","24":"product_cat-eltern","25":"product_cat--kollege","26":"product_cat-geschenke-fuer-jeden-anlass","27":"product_cat--chef","28":"product_cat--schwiegermutter","29":"product_cat-vater","30":"product_tag-deko","31":"product_tag-retro","33":"first","34":"instock","35":"shipping-taxable","36":"product-type-external"},"_links":{"self":[{"href":"https:\/\/www.blogseite.com\/geschenke\/wp-json\/wp\/v2\/product\/4629"}],"collection":[{"href":"https:\/\/www.blogseite.com\/geschenke\/wp-json\/wp\/v2\/product"}],"about":[{"href":"https:\/\/www.blogseite.com\/geschenke\/wp-json\/wp\/v2\/types\/product"}],"replies":[{"embeddable":true,"href":"https:\/\/www.blogseite.com\/geschenke\/wp-json\/wp\/v2\/comments?post=4629"}],"wp:featuredmedia":[{"embeddable":true,"href":"https:\/\/www.blogseite.com\/geschenke\/wp-json\/wp\/v2\/media\/4644"}],"wp:attachment":[{"href":"https:\/\/www.blogseite.com\/geschenke\/wp-json\/wp\/v2\/media?parent=4629"}],"wp:term":[{"taxonomy":"product_cat","embeddable":true,"href":"https:\/\/www.blogseite.com\/geschenke\/wp-json\/wp\/v2\/product_cat?post=4629"},{"taxonomy":"product_tag","embeddable":true,"href":"https:\/\/www.blogseite.com\/geschenke\/wp-json\/wp\/v2\/product_tag?post=4629"}],"curies":[{"name":"wp","href":"https:\/\/api.w.org\/{rel}","templated":true}]}}