{"id":4617,"date":"2021-07-14T18:28:45","date_gmt":"2021-07-14T16:28:45","guid":{"rendered":"https:\/\/geschenke.blogseite.com\/?post_type=product&#038;p=4617"},"modified":"2022-03-31T18:08:15","modified_gmt":"2022-03-31T16:08:15","slug":"plattenspieler-mit-eingebauten-lautsprechern-kaufen-%f0%9f%98%84","status":"publish","type":"product","link":"https:\/\/www.blogseite.com\/geschenke\/s\/plattenspieler-mit-eingebauten-lautsprechern-kaufen-%f0%9f%98%84\/","title":{"rendered":"Plattenspieler mit eingebauten Lautsprechern kaufen \ud83d\ude04"},"content":{"rendered":"<ul class=\"a-unordered-list a-vertical a-spacing-mini\">\n<li><span class=\"a-list-item\">RETRO-DESIGN: The new transportable record player Peggy Sue of the brand Digitnow! Will look like a nice retro suitcase from the 50s. The compact chassis was equipped with an orange-colored finish.<\/span><\/li>\n<li><span class=\"a-list-item\">ANALOG UND DIGITAL: Der Plattenspieler spielt nicht nur bis zu 3 verschiedene Schallplattengr\u00f6\u00dfen ab, sondern gibt Ihnen zudem die M\u00f6glichkeit, die Musik Ihrer pers\u00f6nlichen Lieblingsplatten in das heute g\u00e4ngige MP3-Format umzuwandeln.<\/span><\/li>\n<li><span class=\"a-list-item\">USB-PORT: Der Plattenspieler besitzt einen r\u00fcckseitigen USB-Anschluss, \u00fcber den das Musiksignal ganz einfach auf dem Computer aufgenommen werden kann. Gleichzeitig wird der Peggy Sue Schallplattenspieler hier\u00fcber problemlos mit Strom versorgt.<\/span><\/li>\n<li><span class=\"a-list-item\">SOFORT ABSPIELBEREIT: Der auna Peggy Sue Retro-Plattenspieler verf\u00fcgt \u00fcber integrierte Stereolautsprecher, so dass Sie sofort nach dem Auspacken Ihre Schallplatten abspielen k\u00f6nnen, ohne weitere Lautsprecher oder Verst\u00e4rker anschlie\u00dfen zu m\u00fcssen.<\/span><\/li>\n<li><span class=\"a-list-item\">ERWEITERBAR: \u00dcber einen r\u00fcckseitigen Stereo-Cinch-Line-Ausgang lassen sich die Audiosignale an externe Lautsprecher oder Ihre HiFi-Stereoanlagen weiterleiten. Die Lautst\u00e4rke l\u00e4sst sich stufenlos direkt am Ger\u00e4t \u00fcber einen Drehregler einstellen.<\/span><\/li>\n<\/ul>\n","protected":false},"excerpt":{"rendered":"<p>RETRO-DESIGN: The new transportable record player Peggy Sue of the brand Digitnow! Will look like a nice retro suitcase from the 50s. The compact chassis was equipped with an orange-colored finish. ANALOG UND DIGITAL: Der Plattenspieler spielt nicht nur bis zu 3 verschiedene Schallplattengr\u00f6\u00dfen ab, sondern gibt Ihnen zudem die M\u00f6glichkeit, die Musik Ihrer pers\u00f6nlichen [&hellip;]<\/p>\n","protected":false},"featured_media":4651,"comment_status":"open","ping_status":"closed","template":"","meta":[],"product_cat":[814,78,103,74,110,58,54,116,45,108,57,73,280,426,430,431,293,301,300,70,299,296,64],"product_tag":[918,917],"class_list":{"0":"post-4617","1":"product","2":"type-product","3":"status-publish","4":"has-post-thumbnail","6":"product_cat-zuhause","7":"product_cat-weihnachtsgeschenke","8":"product_cat-studenten","9":"product_cat-bester-freund","10":"product_cat-freund","11":"product_cat-opa","12":"product_cat-vatertag","13":"product_cat-frauen","14":"product_cat-freundin","15":"product_cat-maenner","16":"product_cat-oma","17":"product_cat-beste-freundin","18":"product_cat-geburtstagsgeschenke","19":"product_cat-nach-preis","20":"product_cat-unter-20-euro","21":"product_cat-unter-50-euro","22":"product_cat-geschenk-fuer-bruder","23":"product_cat-eltern","24":"product_cat--kollege","25":"product_cat-geschenke-fuer-jeden-anlass","26":"product_cat--chef","27":"product_cat--schwiegermutter","28":"product_cat-vater","29":"product_tag-plattenspieler","30":"product_tag-retro","32":"first","33":"instock","34":"shipping-taxable","35":"product-type-external"},"_links":{"self":[{"href":"https:\/\/www.blogseite.com\/geschenke\/wp-json\/wp\/v2\/product\/4617"}],"collection":[{"href":"https:\/\/www.blogseite.com\/geschenke\/wp-json\/wp\/v2\/product"}],"about":[{"href":"https:\/\/www.blogseite.com\/geschenke\/wp-json\/wp\/v2\/types\/product"}],"replies":[{"embeddable":true,"href":"https:\/\/www.blogseite.com\/geschenke\/wp-json\/wp\/v2\/comments?post=4617"}],"wp:featuredmedia":[{"embeddable":true,"href":"https:\/\/www.blogseite.com\/geschenke\/wp-json\/wp\/v2\/media\/4651"}],"wp:attachment":[{"href":"https:\/\/www.blogseite.com\/geschenke\/wp-json\/wp\/v2\/media?parent=4617"}],"wp:term":[{"taxonomy":"product_cat","embeddable":true,"href":"https:\/\/www.blogseite.com\/geschenke\/wp-json\/wp\/v2\/product_cat?post=4617"},{"taxonomy":"product_tag","embeddable":true,"href":"https:\/\/www.blogseite.com\/geschenke\/wp-json\/wp\/v2\/product_tag?post=4617"}],"curies":[{"name":"wp","href":"https:\/\/api.w.org\/{rel}","templated":true}]}}