{"id":4585,"date":"2021-07-10T10:35:25","date_gmt":"2021-07-10T08:35:25","guid":{"rendered":"https:\/\/geschenke.blogseite.com\/?post_type=product&#038;p=4585"},"modified":"2022-03-31T19:00:46","modified_gmt":"2022-03-31T17:00:46","slug":"garnier-bio-naturkosmetik-gesichtspflege-set-3-teiliges","status":"publish","type":"product","link":"https:\/\/www.blogseite.com\/geschenke\/s\/garnier-bio-naturkosmetik-gesichtspflege-set-3-teiliges\/","title":{"rendered":"Garnier Bio Naturkosmetik Gesichtspflege-Set \u2013 3-teiliges"},"content":{"rendered":"<ul class=\"a-unordered-list a-vertical a-spacing-mini\">\n<li><span class=\"a-list-item\">Nachhaltiges Anti-Aging-Set &#8211; die umweltfreundliche Beauty-Box enth\u00e4lt 3 nat\u00fcrliche Gesichtspflege-Produkte (Toner 437 g, Anti-Aging-\u00d6l 140g, Creme 207g) f\u00fcr regenerierte und straffe Haut<\/span><\/li>\n<li><span class=\"a-list-item\">Reinigendes Mizellenwasser &#8211; das Gesichtswasser mit Kornblume und Gerste entfernt sanft Make-up und Unreinheiten, sodass die Haut optimal auf die Pflege vorbereitet ist<\/span><\/li>\n<li><span class=\"a-list-item\">Straffendes Gesichts-\u00d6l &#8211; die Anti-Aging-Pflege mildert F\u00e4ltchen und Linien &#8211; f\u00fcr einen jugendlich strahlenden Teint. Die nat\u00fcrlichen Inhaltsstoffe st\u00e4rken zudem die Hautschutzbarriere &#8211; ideal f\u00fcr reife oder empfindliche Haut<\/span><\/li>\n<li><span class=\"a-list-item\">Anti-Falten Feuchtigkeitscreme &#8211; die Gesichtscreme gegen Falten und andere Anzeichen der Hautalterung wirkt intensiv regenerierend. Mit \u00e4therischem Lavendel-\u00d6l und antioxidativem Vitamin E<\/span><\/li>\n<li><span class=\"a-list-item\">Recyclebare Geschenk-Box &#8211; alle Produkte des Anti-Aging Pflege-Sets sind vegan und nach dem COSMOS Standard durch Ecocert Greenlife zertifiziert. Zaubern Sie sich glatte Haut mit der Kraft der Natur<\/span><\/li>\n<\/ul>\n","protected":false},"excerpt":{"rendered":"<p>Nachhaltiges Anti-Aging-Set &#8211; die umweltfreundliche Beauty-Box enth\u00e4lt 3 nat\u00fcrliche Gesichtspflege-Produkte (Toner 437 g, Anti-Aging-\u00d6l 140g, Creme 207g) f\u00fcr regenerierte und straffe Haut Reinigendes Mizellenwasser &#8211; das Gesichtswasser mit Kornblume und Gerste entfernt sanft Make-up und Unreinheiten, sodass die Haut optimal auf die Pflege vorbereitet ist Straffendes Gesichts-\u00d6l &#8211; die Anti-Aging-Pflege mildert F\u00e4ltchen und Linien &#8211; [&hellip;]<\/p>\n","protected":false},"featured_media":4586,"comment_status":"open","ping_status":"closed","template":"","meta":[],"product_cat":[78,746,103,74,110,116,63,45,108,73,280,426,434,430,431,293,292,300,302,70,297,299,295,294,124,64],"product_tag":[599,910],"class_list":{"0":"post-4585","1":"product","2":"type-product","3":"status-publish","4":"has-post-thumbnail","6":"product_cat-weihnachtsgeschenke","7":"product_cat--fit-fuer-den-fruehling","8":"product_cat-studenten","9":"product_cat-bester-freund","10":"product_cat-freund","11":"product_cat-frauen","12":"product_cat-mutter","13":"product_cat-freundin","14":"product_cat-maenner","15":"product_cat-beste-freundin","16":"product_cat-geburtstagsgeschenke","17":"product_cat-nach-preis","18":"product_cat-ueber-100-euro","19":"product_cat-unter-20-euro","20":"product_cat-unter-50-euro","21":"product_cat-geschenk-fuer-bruder","22":"product_cat-sohn","23":"product_cat--kollege","24":"product_cat--jungen","25":"product_cat-geschenke-fuer-jeden-anlass","26":"product_cat--maedchen","27":"product_cat--chef","28":"product_cat--tochter","29":"product_cat--schwester","30":"product_cat-jungesellenabschied","31":"product_cat-vater","32":"product_tag-anti-aging","33":"product_tag-gesichtspflege","35":"first","36":"instock","37":"shipping-taxable","38":"product-type-external"},"_links":{"self":[{"href":"https:\/\/www.blogseite.com\/geschenke\/wp-json\/wp\/v2\/product\/4585"}],"collection":[{"href":"https:\/\/www.blogseite.com\/geschenke\/wp-json\/wp\/v2\/product"}],"about":[{"href":"https:\/\/www.blogseite.com\/geschenke\/wp-json\/wp\/v2\/types\/product"}],"replies":[{"embeddable":true,"href":"https:\/\/www.blogseite.com\/geschenke\/wp-json\/wp\/v2\/comments?post=4585"}],"wp:featuredmedia":[{"embeddable":true,"href":"https:\/\/www.blogseite.com\/geschenke\/wp-json\/wp\/v2\/media\/4586"}],"wp:attachment":[{"href":"https:\/\/www.blogseite.com\/geschenke\/wp-json\/wp\/v2\/media?parent=4585"}],"wp:term":[{"taxonomy":"product_cat","embeddable":true,"href":"https:\/\/www.blogseite.com\/geschenke\/wp-json\/wp\/v2\/product_cat?post=4585"},{"taxonomy":"product_tag","embeddable":true,"href":"https:\/\/www.blogseite.com\/geschenke\/wp-json\/wp\/v2\/product_tag?post=4585"}],"curies":[{"name":"wp","href":"https:\/\/api.w.org\/{rel}","templated":true}]}}