{"id":4583,"date":"2021-07-10T10:27:48","date_gmt":"2021-07-10T08:27:48","guid":{"rendered":"https:\/\/geschenke.blogseite.com\/?post_type=product&#038;p=4583"},"modified":"2022-03-31T19:01:11","modified_gmt":"2022-03-31T17:01:11","slug":"groot-treeman-pflanzer-blumentopf-%f0%9f%98%8a","status":"publish","type":"product","link":"https:\/\/www.blogseite.com\/geschenke\/s\/groot-treeman-pflanzer-blumentopf-%f0%9f%98%8a\/","title":{"rendered":"Groot Treeman Pflanzer Blumentopf \ud83d\ude0a"},"content":{"rendered":"<ul class=\"a-unordered-list a-vertical a-spacing-mini\">\n<li><span class=\"a-list-item\">Material &#8211; Hergestellt aus hochwertigem PVC, ist sicher und ungiftig und kann mit Zuversicht verwendet werden.<\/span><\/li>\n<li><span class=\"a-list-item\">Eine Spa\u00dfdekoration f\u00fcr Ihr Haus\uff1a2 S\u00e4tze perfekter Kombination,Stiftehalter mit Zeichentrickfigur sehr s\u00fc\u00df und sch\u00f6n<\/span><\/li>\n<li><span class=\"a-list-item\">Groot Stifthalter &#8211; Auch f\u00fcr H\u00e4user, B\u00fcro Dekorationen, Aufbewahrungsboxen, Remoteboxen und andere kleine Gegenst\u00e4nde Aufbewahrungsboxen.<\/span><\/li>\n<li><span class=\"a-list-item\">Ehr s\u00fc\u00df und sch\u00f6n:Mit Loch am Boden, kann als Blument\u00f6pfe zum Pflanzen von Blumen, Sukkulenten anderen Zierpflanzen verwendet werden,Sehr nette Aktion, Sehr niedlicher Ausdruck, S\u00fc\u00dfe Ausdr\u00fccke sorgen f\u00fcr gute Laune!<\/span><\/li>\n<li><span class=\"a-list-item\">Dies ist ein gutes Geschenk f\u00fcr jeden! Kinder, Ehefrau, Kollege, Klassenkameraden,marvel geschenke f\u00fcr m\u00e4nner und Frau so weiter. Geburtstagsgeschenke, Valentinstag Geschenk, Student Geschenke, Weihnachtsgeschenke.<\/span><\/li>\n<\/ul>\n","protected":false},"excerpt":{"rendered":"<p>Material &#8211; Hergestellt aus hochwertigem PVC, ist sicher und ungiftig und kann mit Zuversicht verwendet werden. Eine Spa\u00dfdekoration f\u00fcr Ihr Haus\uff1a2 S\u00e4tze perfekter Kombination,Stiftehalter mit Zeichentrickfigur sehr s\u00fc\u00df und sch\u00f6n Groot Stifthalter &#8211; Auch f\u00fcr H\u00e4user, B\u00fcro Dekorationen, Aufbewahrungsboxen, Remoteboxen und andere kleine Gegenst\u00e4nde Aufbewahrungsboxen. Ehr s\u00fc\u00df und sch\u00f6n:Mit Loch am Boden, kann als Blument\u00f6pfe [&hellip;]<\/p>\n","protected":false},"featured_media":4584,"comment_status":"open","ping_status":"closed","template":"","meta":[],"product_cat":[78,746,103,74,110,116,63,45,108,73,280,426,434,431,293,292,300,302,70,297,299,295,294,124,64],"product_tag":[911],"class_list":{"0":"post-4583","1":"product","2":"type-product","3":"status-publish","4":"has-post-thumbnail","6":"product_cat-weihnachtsgeschenke","7":"product_cat--fit-fuer-den-fruehling","8":"product_cat-studenten","9":"product_cat-bester-freund","10":"product_cat-freund","11":"product_cat-frauen","12":"product_cat-mutter","13":"product_cat-freundin","14":"product_cat-maenner","15":"product_cat-beste-freundin","16":"product_cat-geburtstagsgeschenke","17":"product_cat-nach-preis","18":"product_cat-ueber-100-euro","19":"product_cat-unter-50-euro","20":"product_cat-geschenk-fuer-bruder","21":"product_cat-sohn","22":"product_cat--kollege","23":"product_cat--jungen","24":"product_cat-geschenke-fuer-jeden-anlass","25":"product_cat--maedchen","26":"product_cat--chef","27":"product_cat--tochter","28":"product_cat--schwester","29":"product_cat-jungesellenabschied","30":"product_cat-vater","31":"product_tag-blumentopf","33":"first","34":"instock","35":"shipping-taxable","36":"product-type-external"},"_links":{"self":[{"href":"https:\/\/www.blogseite.com\/geschenke\/wp-json\/wp\/v2\/product\/4583"}],"collection":[{"href":"https:\/\/www.blogseite.com\/geschenke\/wp-json\/wp\/v2\/product"}],"about":[{"href":"https:\/\/www.blogseite.com\/geschenke\/wp-json\/wp\/v2\/types\/product"}],"replies":[{"embeddable":true,"href":"https:\/\/www.blogseite.com\/geschenke\/wp-json\/wp\/v2\/comments?post=4583"}],"wp:featuredmedia":[{"embeddable":true,"href":"https:\/\/www.blogseite.com\/geschenke\/wp-json\/wp\/v2\/media\/4584"}],"wp:attachment":[{"href":"https:\/\/www.blogseite.com\/geschenke\/wp-json\/wp\/v2\/media?parent=4583"}],"wp:term":[{"taxonomy":"product_cat","embeddable":true,"href":"https:\/\/www.blogseite.com\/geschenke\/wp-json\/wp\/v2\/product_cat?post=4583"},{"taxonomy":"product_tag","embeddable":true,"href":"https:\/\/www.blogseite.com\/geschenke\/wp-json\/wp\/v2\/product_tag?post=4583"}],"curies":[{"name":"wp","href":"https:\/\/api.w.org\/{rel}","templated":true}]}}