{"id":4558,"date":"2021-07-08T15:44:53","date_gmt":"2021-07-08T13:44:53","guid":{"rendered":"https:\/\/geschenke.blogseite.com\/?post_type=product&#038;p=4558"},"modified":"2022-03-31T19:06:16","modified_gmt":"2022-03-31T17:06:16","slug":"500ml-aroma-diffuser-mit-8-10ml-aetherische-oele-%f0%9f%98%8d","status":"publish","type":"product","link":"https:\/\/www.blogseite.com\/geschenke\/s\/500ml-aroma-diffuser-mit-8-10ml-aetherische-oele-%f0%9f%98%8d\/","title":{"rendered":"500ml Aroma Diffuser mit 8 * 10ml \u00c4therische \u00d6le \ud83d\ude0d"},"content":{"rendered":"<ul class=\"a-unordered-list a-vertical a-spacing-mini\">\n<li><span class=\"a-list-item\">\u2764Aroma Diffuser mit 8 St\u00fcck \u00c4therische \u00d6le: Das Aroma diffusor set enth\u00e4lt einen 500ml Aroma diffusor und ein Set \u00e4therisches \u00d6l mit 8 Flaschen 100% reinem \u00e4therischen \u00d6l: Lavendel, S\u00fc\u00dforange, Teebaum, Eukalyptus, Pfefferminze, Weihrauch, Zitrone, Rosmarin. Es ist ein perfekter Aroma diffusor f\u00fcr Zuhause, B\u00fcro, Yoga, Spa, Schlafzimmer usw.<\/span><\/li>\n<li><span class=\"a-list-item\">\u27647 FARBEN LED-STIMMUNGSLICHT: Nachtlicht &amp; Automatische Abschaltung &#8211; Der Diffuser hat 7 farbige LEDs f\u00fcr eine wundersch\u00f6ne, beruhigende Atmosph\u00e4re oder die Verwendung als Nachtlicht.<\/span><\/li>\n<li><span class=\"a-list-item\">\u2764 H\u00d6HERE LUFTQUALIT\u00c4T: Verbessert die Luftqualit\u00e4t und verhindert Sch\u00e4den durch Passivrauchen, abgestandene Luft und Allergene. Es funktioniert wie ein Ionisator durch Abgabe negativer Ionen in die Luft, die sch\u00e4dliche positive Ionen bek\u00e4mpfen.<\/span><\/li>\n<li><span class=\"a-list-item\">\u2764 IDEAL ALS GESCHENK: infinitoos 5. Version 500ml Aromadiffusor ist f\u00fcr jeden, der auf der Suche nach einer gesunden Aromatherapie ist, um zu entspannen, zu schlafen und Aromen mit den Menschen genie\u00dfen m\u00f6chten, die sie lieben. Er ist ideal f\u00fcr Schlafzimmer, Wohnzimmer, Kinderzimmer, Yoga-Studios, B\u00fcros, Hotels und Spas. Ideales Geschenk f\u00fcr Familie und Freunde.<\/span><\/li>\n<li><span class=\"a-list-item\">\u2764100% ZUFRIEDENHEIT GARANTIERT: infinitoo ist bem\u00fcht, s\u00e4mtliche Fragen rund um Produkt und Service zu bearbeiten, und engagiert, allen Kunden ein 5-Sterne-Kauferlebnis zu bieten. Wir bieten Ihnen schnellen und zufriedenstellenden Kundenservice.45-Tage Geld-z\u00fcrck und 12-Monate Produkt Garantie ist immer dabei, so k\u00f6nnen Sie mit Vertrauen kaufen \ud83d\ude42<\/span><\/li>\n<\/ul>\n","protected":false},"excerpt":{"rendered":"<p>\u2764Aroma Diffuser mit 8 St\u00fcck \u00c4therische \u00d6le: Das Aroma diffusor set enth\u00e4lt einen 500ml Aroma diffusor und ein Set \u00e4therisches \u00d6l mit 8 Flaschen 100% reinem \u00e4therischen \u00d6l: Lavendel, S\u00fc\u00dforange, Teebaum, Eukalyptus, Pfefferminze, Weihrauch, Zitrone, Rosmarin. Es ist ein perfekter Aroma diffusor f\u00fcr Zuhause, B\u00fcro, Yoga, Spa, Schlafzimmer usw. \u27647 FARBEN LED-STIMMUNGSLICHT: Nachtlicht &amp; Automatische [&hellip;]<\/p>\n","protected":false},"featured_media":4559,"comment_status":"open","ping_status":"closed","template":"","meta":[],"product_cat":[814,78,103,74,110,58,54,116,63,53,45,108,57,73,280,55,426,428,429,430,431,293,301,292,300,302,70,297,299,295,294,296,298,64],"product_tag":[896],"class_list":{"0":"post-4558","1":"product","2":"type-product","3":"status-publish","4":"has-post-thumbnail","6":"product_cat-zuhause","7":"product_cat-weihnachtsgeschenke","8":"product_cat-studenten","9":"product_cat-bester-freund","10":"product_cat-freund","11":"product_cat-opa","12":"product_cat-vatertag","13":"product_cat-frauen","14":"product_cat-mutter","15":"product_cat-muttertag","16":"product_cat-freundin","17":"product_cat-maenner","18":"product_cat-oma","19":"product_cat-beste-freundin","20":"product_cat-geburtstagsgeschenke","21":"product_cat-valentinstag","22":"product_cat-nach-preis","23":"product_cat-unter-10-euro","24":"product_cat-unter-15-euro","25":"product_cat-unter-20-euro","26":"product_cat-unter-50-euro","27":"product_cat-geschenk-fuer-bruder","28":"product_cat-eltern","29":"product_cat-sohn","30":"product_cat--kollege","31":"product_cat--jungen","32":"product_cat-geschenke-fuer-jeden-anlass","33":"product_cat--maedchen","34":"product_cat--chef","35":"product_cat--tochter","36":"product_cat--schwester","37":"product_cat--schwiegermutter","38":"product_cat--ehefrau","39":"product_cat-vater","40":"product_tag-duftlampe","42":"first","43":"instock","44":"shipping-taxable","45":"product-type-external"},"_links":{"self":[{"href":"https:\/\/www.blogseite.com\/geschenke\/wp-json\/wp\/v2\/product\/4558"}],"collection":[{"href":"https:\/\/www.blogseite.com\/geschenke\/wp-json\/wp\/v2\/product"}],"about":[{"href":"https:\/\/www.blogseite.com\/geschenke\/wp-json\/wp\/v2\/types\/product"}],"replies":[{"embeddable":true,"href":"https:\/\/www.blogseite.com\/geschenke\/wp-json\/wp\/v2\/comments?post=4558"}],"wp:featuredmedia":[{"embeddable":true,"href":"https:\/\/www.blogseite.com\/geschenke\/wp-json\/wp\/v2\/media\/4559"}],"wp:attachment":[{"href":"https:\/\/www.blogseite.com\/geschenke\/wp-json\/wp\/v2\/media?parent=4558"}],"wp:term":[{"taxonomy":"product_cat","embeddable":true,"href":"https:\/\/www.blogseite.com\/geschenke\/wp-json\/wp\/v2\/product_cat?post=4558"},{"taxonomy":"product_tag","embeddable":true,"href":"https:\/\/www.blogseite.com\/geschenke\/wp-json\/wp\/v2\/product_tag?post=4558"}],"curies":[{"name":"wp","href":"https:\/\/api.w.org\/{rel}","templated":true}]}}