{"id":4556,"date":"2021-07-08T08:57:10","date_gmt":"2021-07-08T06:57:10","guid":{"rendered":"https:\/\/geschenke.blogseite.com\/?post_type=product&#038;p=4556"},"modified":"2022-03-31T19:06:42","modified_gmt":"2022-03-31T17:06:42","slug":"janolia-aetherisches-oele-set-%f0%9f%a5%b0","status":"publish","type":"product","link":"https:\/\/www.blogseite.com\/geschenke\/s\/janolia-aetherisches-oele-set-%f0%9f%a5%b0\/","title":{"rendered":"Janolia \u00c4therisches \u00d6le Set \ud83e\udd70"},"content":{"rendered":"<ul class=\"a-unordered-list a-vertical a-spacing-mini\">\n<li><span class=\"a-list-item\">\u2740Upgrade Paket &#8212; Bitte beachten Sie: Ab dem 16. Juli verwendet das Janolia Essential Oil Set eine verbesserte Verpackung. Sch\u00f6nere Verpackung, Tolles Geschenk f\u00fcr Freunde und Familie.<\/span><\/li>\n<li><span class=\"a-list-item\">\u2740Pure \u00c4therische \u00d6le &#8212; Sie werden durch Extrahieren von Essenz f\u00fcr nat\u00fcrliche Pflanzen einschlie\u00dflich S\u00fc\u00dfe Orange, Lavendel, Eukalyptus, Zitronengras, Rose, Minze, Tee Baum, Jasmin, Bergamotte, etc. Rein und sicher,Verwenden Sie mit Vertrauen.<\/span><\/li>\n<li><span class=\"a-list-item\">\u2740Multifunktional &#8212; Aus nat\u00fcrlichen Pflanzen hergestellt, sind unsere \u00e4therischen \u00f6le gut zu riechen.Sie k\u00f6nnen dem Luftbefeuchter einige Tropfen hinzuf\u00fcgen, er hilft, die Luft zu erfrischen.<\/span><\/li>\n<li><span class=\"a-list-item\">\u2740Diffuser \u00d6l Auswahl an Anwendungen &#8212; Sie duft\u00f6l k\u00f6nnen zu verschiedenen Anl\u00e4ssen, wie zu Hause, im B\u00fcro, im Yogaraum, im Schwimmbad usw. Verwendet werden.<\/span><\/li>\n<li><span class=\"a-list-item\">\u2740Warme Tipps &#8212; \u00c4therische duft\u00f6le k\u00f6nnen leicht verdunsten, bitte verschlie\u00dfen, wenn sie nicht verwendet werden. Bitte an einem k\u00fchlen Ort fern vom Feuer lagern. Schwangere und Babys werden nicht empfohlen. (Der Janolia \u00e4therische \u00f6le geschenk set ist durch das Sicherheitsdatenblatt zertifiziert. Wenn Sie mehr \u00fcber das MSDS-Zertifikat dieses Produkts erfahren m\u00f6chten, wenden Sie sich bitte an uns.)<\/span><\/li>\n<\/ul>\n","protected":false},"excerpt":{"rendered":"<p>\u2740Upgrade Paket &#8212; Bitte beachten Sie: Ab dem 16. Juli verwendet das Janolia Essential Oil Set eine verbesserte Verpackung. Sch\u00f6nere Verpackung, Tolles Geschenk f\u00fcr Freunde und Familie. \u2740Pure \u00c4therische \u00d6le &#8212; Sie werden durch Extrahieren von Essenz f\u00fcr nat\u00fcrliche Pflanzen einschlie\u00dflich S\u00fc\u00dfe Orange, Lavendel, Eukalyptus, Zitronengras, Rose, Minze, Tee Baum, Jasmin, Bergamotte, etc. Rein und [&hellip;]<\/p>\n","protected":false},"featured_media":4557,"comment_status":"open","ping_status":"closed","template":"","meta":[],"product_cat":[814,78,103,74,110,58,54,116,63,53,45,108,57,73,280,55,426,428,429,430,431,293,301,292,300,302,70,297,299,295,294,296,298,64],"product_tag":[892,456,893],"class_list":{"0":"post-4556","1":"product","2":"type-product","3":"status-publish","4":"has-post-thumbnail","6":"product_cat-zuhause","7":"product_cat-weihnachtsgeschenke","8":"product_cat-studenten","9":"product_cat-bester-freund","10":"product_cat-freund","11":"product_cat-opa","12":"product_cat-vatertag","13":"product_cat-frauen","14":"product_cat-mutter","15":"product_cat-muttertag","16":"product_cat-freundin","17":"product_cat-maenner","18":"product_cat-oma","19":"product_cat-beste-freundin","20":"product_cat-geburtstagsgeschenke","21":"product_cat-valentinstag","22":"product_cat-nach-preis","23":"product_cat-unter-10-euro","24":"product_cat-unter-15-euro","25":"product_cat-unter-20-euro","26":"product_cat-unter-50-euro","27":"product_cat-geschenk-fuer-bruder","28":"product_cat-eltern","29":"product_cat-sohn","30":"product_cat--kollege","31":"product_cat--jungen","32":"product_cat-geschenke-fuer-jeden-anlass","33":"product_cat--maedchen","34":"product_cat--chef","35":"product_cat--tochter","36":"product_cat--schwester","37":"product_cat--schwiegermutter","38":"product_cat--ehefrau","39":"product_cat-vater","40":"product_tag-kleinigkeit","41":"product_tag-lustig","42":"product_tag-mitbringsel","44":"first","45":"instock","46":"shipping-taxable","47":"product-type-external"},"_links":{"self":[{"href":"https:\/\/www.blogseite.com\/geschenke\/wp-json\/wp\/v2\/product\/4556"}],"collection":[{"href":"https:\/\/www.blogseite.com\/geschenke\/wp-json\/wp\/v2\/product"}],"about":[{"href":"https:\/\/www.blogseite.com\/geschenke\/wp-json\/wp\/v2\/types\/product"}],"replies":[{"embeddable":true,"href":"https:\/\/www.blogseite.com\/geschenke\/wp-json\/wp\/v2\/comments?post=4556"}],"wp:featuredmedia":[{"embeddable":true,"href":"https:\/\/www.blogseite.com\/geschenke\/wp-json\/wp\/v2\/media\/4557"}],"wp:attachment":[{"href":"https:\/\/www.blogseite.com\/geschenke\/wp-json\/wp\/v2\/media?parent=4556"}],"wp:term":[{"taxonomy":"product_cat","embeddable":true,"href":"https:\/\/www.blogseite.com\/geschenke\/wp-json\/wp\/v2\/product_cat?post=4556"},{"taxonomy":"product_tag","embeddable":true,"href":"https:\/\/www.blogseite.com\/geschenke\/wp-json\/wp\/v2\/product_tag?post=4556"}],"curies":[{"name":"wp","href":"https:\/\/api.w.org\/{rel}","templated":true}]}}