{"id":4545,"date":"2021-07-01T11:48:54","date_gmt":"2021-07-01T09:48:54","guid":{"rendered":"https:\/\/geschenke.blogseite.com\/?post_type=product&#038;p=4545"},"modified":"2022-03-31T19:08:27","modified_gmt":"2022-03-31T17:08:27","slug":"kneipp-duftwelten-duftkerze-%f0%9f%98%83-mitbringsel","status":"publish","type":"product","link":"https:\/\/www.blogseite.com\/geschenke\/s\/kneipp-duftwelten-duftkerze-%f0%9f%98%83-mitbringsel\/","title":{"rendered":"Kneipp Duftwelten Duftkerze \ud83d\ude03 Mitbringsel"},"content":{"rendered":"<ul class=\"a-unordered-list a-vertical a-spacing-mini\">\n<li><span class=\"a-list-item\">Duftprofil: frisch, krautig, aktivierend<\/span><\/li>\n<li><span class=\"a-list-item\">F\u00fcr stressfreie Momente<\/span><\/li>\n<li><span class=\"a-list-item\">Mit nat\u00fcrlichem \u00e4therischem \u00d6l des Rosmarins<\/span><\/li>\n<li><span class=\"a-list-item\">Aromakologische Kompetenz<\/span><\/li>\n<li><span class=\"a-list-item\">Mit praktischem Holzdeckel als Aufbewahrungsbeh\u00e4lter wiederverwendbar<\/span><\/li>\n<\/ul>\n","protected":false},"excerpt":{"rendered":"<p>Duftprofil: frisch, krautig, aktivierend F\u00fcr stressfreie Momente Mit nat\u00fcrlichem \u00e4therischem \u00d6l des Rosmarins Aromakologische Kompetenz Mit praktischem Holzdeckel als Aufbewahrungsbeh\u00e4lter wiederverwendbar<\/p>\n","protected":false},"featured_media":4546,"comment_status":"open","ping_status":"closed","template":"","meta":[],"product_cat":[78,103,74,110,58,54,116,63,53,45,108,57,73,280,55,426,428,429,430,431,293,301,292,300,302,70,297,299,295,294,296,298,64],"product_tag":[892,893],"class_list":{"0":"post-4545","1":"product","2":"type-product","3":"status-publish","4":"has-post-thumbnail","6":"product_cat-weihnachtsgeschenke","7":"product_cat-studenten","8":"product_cat-bester-freund","9":"product_cat-freund","10":"product_cat-opa","11":"product_cat-vatertag","12":"product_cat-frauen","13":"product_cat-mutter","14":"product_cat-muttertag","15":"product_cat-freundin","16":"product_cat-maenner","17":"product_cat-oma","18":"product_cat-beste-freundin","19":"product_cat-geburtstagsgeschenke","20":"product_cat-valentinstag","21":"product_cat-nach-preis","22":"product_cat-unter-10-euro","23":"product_cat-unter-15-euro","24":"product_cat-unter-20-euro","25":"product_cat-unter-50-euro","26":"product_cat-geschenk-fuer-bruder","27":"product_cat-eltern","28":"product_cat-sohn","29":"product_cat--kollege","30":"product_cat--jungen","31":"product_cat-geschenke-fuer-jeden-anlass","32":"product_cat--maedchen","33":"product_cat--chef","34":"product_cat--tochter","35":"product_cat--schwester","36":"product_cat--schwiegermutter","37":"product_cat--ehefrau","38":"product_cat-vater","39":"product_tag-kleinigkeit","40":"product_tag-mitbringsel","42":"first","43":"instock","44":"shipping-taxable","45":"product-type-external"},"_links":{"self":[{"href":"https:\/\/www.blogseite.com\/geschenke\/wp-json\/wp\/v2\/product\/4545"}],"collection":[{"href":"https:\/\/www.blogseite.com\/geschenke\/wp-json\/wp\/v2\/product"}],"about":[{"href":"https:\/\/www.blogseite.com\/geschenke\/wp-json\/wp\/v2\/types\/product"}],"replies":[{"embeddable":true,"href":"https:\/\/www.blogseite.com\/geschenke\/wp-json\/wp\/v2\/comments?post=4545"}],"wp:featuredmedia":[{"embeddable":true,"href":"https:\/\/www.blogseite.com\/geschenke\/wp-json\/wp\/v2\/media\/4546"}],"wp:attachment":[{"href":"https:\/\/www.blogseite.com\/geschenke\/wp-json\/wp\/v2\/media?parent=4545"}],"wp:term":[{"taxonomy":"product_cat","embeddable":true,"href":"https:\/\/www.blogseite.com\/geschenke\/wp-json\/wp\/v2\/product_cat?post=4545"},{"taxonomy":"product_tag","embeddable":true,"href":"https:\/\/www.blogseite.com\/geschenke\/wp-json\/wp\/v2\/product_tag?post=4545"}],"curies":[{"name":"wp","href":"https:\/\/api.w.org\/{rel}","templated":true}]}}