{"id":4528,"date":"2021-06-18T14:33:05","date_gmt":"2021-06-18T12:33:05","guid":{"rendered":"https:\/\/geschenke.blogseite.com\/?post_type=product&#038;p=4528"},"modified":"2022-03-31T19:11:04","modified_gmt":"2022-03-31T17:11:04","slug":"yves-rocher-comme-une-evidence-eau-de-parfum","status":"publish","type":"product","link":"https:\/\/www.blogseite.com\/geschenke\/s\/yves-rocher-comme-une-evidence-eau-de-parfum\/","title":{"rendered":"Yves Rocher COMME UNE EVIDENCE Eau de Parfum"},"content":{"rendered":"<ul class=\"a-unordered-list a-vertical a-spacing-mini\">\n<li><span class=\"a-list-item\">Comme une Evidence Intense, der elegante Duftklassiker \u2013 noch sinnlicher und intensiver f\u00fcr unvergessliche Momente voller Harmonie und Ausgeglichenheit. Die blumige Herznote der Rose wurde erg\u00e4nzt durch sonnige Akzente von Jasmin und gehaltvollen Akkorden von wei\u00dfen H\u00f6lzern, vereint mit k\u00f6stlichen Duftnoten von Pralin\u00e9 in der Basis.<\/span><\/li>\n<li><span class=\"a-list-item\">Duft-Klassiker Intense: Eine Duft-Kreation voller Sinnlichkeit und Intensit\u00e4t, die durch Tiefe und Modernit\u00e4t \u00fcberzeugt.<\/span><\/li>\n<li><span class=\"a-list-item\">Intensive Momente voller Harmonie: \u00c4therisches \u00d6l aus der Damaszener Rose und das Absolue aus Jasmin Grandiflorum verk\u00f6rpern den klassischen Duft COMME UNE EVIDENCE \u2013 das destillierte \u00d6l der Rose erh\u00e4lt besonders fruchtige Akzente mit einem Hauch von Honig, w\u00e4hrend Jasmin dem Parf\u00fcm W\u00e4rme, Sanftheit und verf\u00fchrerische Sinnlichkeit verleiht.<\/span><\/li>\n<li><span class=\"a-list-item\">Das Geheimnis der Formel: Das Eau de Parfum Intense besteht aus Inhaltsstoffen pflanzlichen Ursprungs, wie \u00e4therischen \u00d6len aus der Damaszener Rose und dem Absolue aus Jasmin Grandiflorum und enth\u00e4lt keine tierischen Bestandteile.<\/span><\/li>\n<li><span class=\"a-list-item\">Lieferumfang: 1 x Zerst\u00e4uber 50 ml COMME UNE EVIDENCE Eau de Parfum Intense von Yves Rocher.<\/span><\/li>\n<\/ul>\n","protected":false},"excerpt":{"rendered":"<p>Comme une Evidence Intense, der elegante Duftklassiker \u2013 noch sinnlicher und intensiver f\u00fcr unvergessliche Momente voller Harmonie und Ausgeglichenheit. Die blumige Herznote der Rose wurde erg\u00e4nzt durch sonnige Akzente von Jasmin und gehaltvollen Akkorden von wei\u00dfen H\u00f6lzern, vereint mit k\u00f6stlichen Duftnoten von Pralin\u00e9 in der Basis. Duft-Klassiker Intense: Eine Duft-Kreation voller Sinnlichkeit und Intensit\u00e4t, die [&hellip;]<\/p>\n","protected":false},"featured_media":4529,"comment_status":"open","ping_status":"closed","template":"","meta":[],"product_cat":[814,78,116,63,53,45,108,73,280,55,426,432,429,430,431,301,70,297,299,295,294,296,298],"product_tag":[846,845],"class_list":{"0":"post-4528","1":"product","2":"type-product","3":"status-publish","4":"has-post-thumbnail","6":"product_cat-zuhause","7":"product_cat-weihnachtsgeschenke","8":"product_cat-frauen","9":"product_cat-mutter","10":"product_cat-muttertag","11":"product_cat-freundin","12":"product_cat-maenner","13":"product_cat-beste-freundin","14":"product_cat-geburtstagsgeschenke","15":"product_cat-valentinstag","16":"product_cat-nach-preis","17":"product_cat-ueber-35-euro","18":"product_cat-unter-15-euro","19":"product_cat-unter-20-euro","20":"product_cat-unter-50-euro","21":"product_cat-eltern","22":"product_cat-geschenke-fuer-jeden-anlass","23":"product_cat--maedchen","24":"product_cat--chef","25":"product_cat--tochter","26":"product_cat--schwester","27":"product_cat--schwiegermutter","28":"product_cat--ehefrau","29":"product_tag-damen-duft","30":"product_tag-duft","32":"first","33":"instock","34":"shipping-taxable","35":"product-type-external"},"_links":{"self":[{"href":"https:\/\/www.blogseite.com\/geschenke\/wp-json\/wp\/v2\/product\/4528"}],"collection":[{"href":"https:\/\/www.blogseite.com\/geschenke\/wp-json\/wp\/v2\/product"}],"about":[{"href":"https:\/\/www.blogseite.com\/geschenke\/wp-json\/wp\/v2\/types\/product"}],"replies":[{"embeddable":true,"href":"https:\/\/www.blogseite.com\/geschenke\/wp-json\/wp\/v2\/comments?post=4528"}],"wp:featuredmedia":[{"embeddable":true,"href":"https:\/\/www.blogseite.com\/geschenke\/wp-json\/wp\/v2\/media\/4529"}],"wp:attachment":[{"href":"https:\/\/www.blogseite.com\/geschenke\/wp-json\/wp\/v2\/media?parent=4528"}],"wp:term":[{"taxonomy":"product_cat","embeddable":true,"href":"https:\/\/www.blogseite.com\/geschenke\/wp-json\/wp\/v2\/product_cat?post=4528"},{"taxonomy":"product_tag","embeddable":true,"href":"https:\/\/www.blogseite.com\/geschenke\/wp-json\/wp\/v2\/product_tag?post=4528"}],"curies":[{"name":"wp","href":"https:\/\/api.w.org\/{rel}","templated":true}]}}