{"id":4524,"date":"2021-06-18T14:20:25","date_gmt":"2021-06-18T12:20:25","guid":{"rendered":"https:\/\/geschenke.blogseite.com\/?post_type=product&#038;p=4524"},"modified":"2022-03-31T19:11:41","modified_gmt":"2022-03-31T17:11:41","slug":"bruno-banani-magic-woman-eau-de-toilette-%f0%9f%94%a5","status":"publish","type":"product","link":"https:\/\/www.blogseite.com\/geschenke\/s\/bruno-banani-magic-woman-eau-de-toilette-%f0%9f%94%a5\/","title":{"rendered":"Bruno Banani Magic Woman \u2013 Eau de Toilette \ud83d\udd25"},"content":{"rendered":"<ul class=\"a-unordered-list a-vertical a-spacing-mini\">\n<li><span class=\"a-list-item\">Der Damenduft mit magischer Anziehungskraft: Mit bruno banani Magic Woman himmlisch unschuldig und gleichzeitig teuflisch provokant sein &#8211; Gegens\u00e4tze, die jeden Mann um den Finger wickeln<\/span><\/li>\n<li><span class=\"a-list-item\">Provokation pur! Der kurvige Flakon des Damendufts in knalligem Pink und verruchtem Lila setzt den Teufel in jeder Lady frei &#8211; Wahre Eleganz und weiblicher Charme, dem niemand widerstehen kann<\/span><\/li>\n<li><span class=\"a-list-item\">Die verf\u00fchrerisch-elegante Kopfnote hinterl\u00e4sst einen magischen Eindruck: Ein Hauch Tigermelone, rote Johannisbeeren, Veilchen und spritzige Passionsfrucht &#8211; hei\u00dfer Flirt auf den ersten Blick!<\/span><\/li>\n<li><span class=\"a-list-item\">Abgerundet wird der sexy Abendduft mit einer fruchtigen Herznote aus Pink-Champagner-Akkorden, Maigl\u00f6ckchen, wilden Erdbeeren und einer sinnlichen Basisnote aus Moschus, Sandelholz und Patchouli<\/span><\/li>\n<li><span class=\"a-list-item\">Lieferumfang: 1 x 20 ml bruno banani Magic Woman Eau de Toilette Natural Spray \/ Weiblich-s\u00fcndhaftes Damen Parf\u00fcm mit hei\u00dfer Note im hochwertigen Parf\u00fcm Sprayer aus Glas &#8211; unwiderstehlich weiblich, einfach sexy!<\/span><\/li>\n<\/ul>\n","protected":false},"excerpt":{"rendered":"<p>Der Damenduft mit magischer Anziehungskraft: Mit bruno banani Magic Woman himmlisch unschuldig und gleichzeitig teuflisch provokant sein &#8211; Gegens\u00e4tze, die jeden Mann um den Finger wickeln Provokation pur! Der kurvige Flakon des Damendufts in knalligem Pink und verruchtem Lila setzt den Teufel in jeder Lady frei &#8211; Wahre Eleganz und weiblicher Charme, dem niemand widerstehen [&hellip;]<\/p>\n","protected":false},"featured_media":4525,"comment_status":"open","ping_status":"closed","template":"","meta":[],"product_cat":[814,78,116,63,53,45,108,73,280,55,426,432,429,430,431,301,70,297,299,295,294,296,298],"product_tag":[846,845],"class_list":{"0":"post-4524","1":"product","2":"type-product","3":"status-publish","4":"has-post-thumbnail","6":"product_cat-zuhause","7":"product_cat-weihnachtsgeschenke","8":"product_cat-frauen","9":"product_cat-mutter","10":"product_cat-muttertag","11":"product_cat-freundin","12":"product_cat-maenner","13":"product_cat-beste-freundin","14":"product_cat-geburtstagsgeschenke","15":"product_cat-valentinstag","16":"product_cat-nach-preis","17":"product_cat-ueber-35-euro","18":"product_cat-unter-15-euro","19":"product_cat-unter-20-euro","20":"product_cat-unter-50-euro","21":"product_cat-eltern","22":"product_cat-geschenke-fuer-jeden-anlass","23":"product_cat--maedchen","24":"product_cat--chef","25":"product_cat--tochter","26":"product_cat--schwester","27":"product_cat--schwiegermutter","28":"product_cat--ehefrau","29":"product_tag-damen-duft","30":"product_tag-duft","32":"first","33":"instock","34":"shipping-taxable","35":"product-type-external"},"_links":{"self":[{"href":"https:\/\/www.blogseite.com\/geschenke\/wp-json\/wp\/v2\/product\/4524"}],"collection":[{"href":"https:\/\/www.blogseite.com\/geschenke\/wp-json\/wp\/v2\/product"}],"about":[{"href":"https:\/\/www.blogseite.com\/geschenke\/wp-json\/wp\/v2\/types\/product"}],"replies":[{"embeddable":true,"href":"https:\/\/www.blogseite.com\/geschenke\/wp-json\/wp\/v2\/comments?post=4524"}],"wp:featuredmedia":[{"embeddable":true,"href":"https:\/\/www.blogseite.com\/geschenke\/wp-json\/wp\/v2\/media\/4525"}],"wp:attachment":[{"href":"https:\/\/www.blogseite.com\/geschenke\/wp-json\/wp\/v2\/media?parent=4524"}],"wp:term":[{"taxonomy":"product_cat","embeddable":true,"href":"https:\/\/www.blogseite.com\/geschenke\/wp-json\/wp\/v2\/product_cat?post=4524"},{"taxonomy":"product_tag","embeddable":true,"href":"https:\/\/www.blogseite.com\/geschenke\/wp-json\/wp\/v2\/product_tag?post=4524"}],"curies":[{"name":"wp","href":"https:\/\/api.w.org\/{rel}","templated":true}]}}