{"id":4520,"date":"2021-06-18T14:09:06","date_gmt":"2021-06-18T12:09:06","guid":{"rendered":"https:\/\/geschenke.blogseite.com\/?post_type=product&#038;p=4520"},"modified":"2022-03-31T19:12:54","modified_gmt":"2022-03-31T17:12:54","slug":"bruno-banani-dangerous-woman-%f0%9f%94%a5%f0%9f%98%8a","status":"publish","type":"product","link":"https:\/\/www.blogseite.com\/geschenke\/s\/bruno-banani-dangerous-woman-%f0%9f%94%a5%f0%9f%98%8a\/","title":{"rendered":"Bruno Banani Dangerous Woman \ud83d\udd25\ud83d\ude0a"},"content":{"rendered":"<ul class=\"a-unordered-list a-vertical a-spacing-mini\">\n<li><span class=\"a-list-item\">Ohne M\u00fchen mit bruno banani Dangerous Woman die sexy Seite ausspielen &#8211; f\u00fcr selbstbewusste und starke Frauen, die wissen, wie unwiderstehlich sie auf M\u00e4nner wirken<\/span><\/li>\n<li><span class=\"a-list-item\">Der Duft der Verf\u00fchrung und Sinnlichkeit: Das Damen Parf\u00fcm kommt im asymmetrischen Flakon in temperamentvollem Pinkton &#8211; das besondere Etwas f\u00fcr jeden Moment<\/span><\/li>\n<li><span class=\"a-list-item\">F\u00fcr den ersten Eindruck braucht keine Frau eine zweite Chance: Die einzigartige Kopfnote des Damendufts aus saftiger Johannisbeere unterst\u00fctzt jede Lady, die ihr Leben in vollen Z\u00fcgen genie\u00dft<\/span><\/li>\n<li><span class=\"a-list-item\">Ein exotisches Flair kreiert durch die Herznote aus zarten Bl\u00fcten und sinnlicher Kokosmilch wird durch die Basisnote aus bet\u00f6render Heliotrop, Gourmandnoten und Vanille Absolue abgerundet<\/span><\/li>\n<li><span class=\"a-list-item\">Lieferumfang: 1 x 20 ml bruno banani Dangerous Woman Eau de Toilette Natural Spray \/ Ultra-femininer Frauen Duft mit sinnlicher Note im hochwertigen Parf\u00fcm Sprayer aus Glas &#8211; f\u00fcr jede femme fatale!<\/span><\/li>\n<\/ul>\n","protected":false},"excerpt":{"rendered":"<p>Ohne M\u00fchen mit bruno banani Dangerous Woman die sexy Seite ausspielen &#8211; f\u00fcr selbstbewusste und starke Frauen, die wissen, wie unwiderstehlich sie auf M\u00e4nner wirken Der Duft der Verf\u00fchrung und Sinnlichkeit: Das Damen Parf\u00fcm kommt im asymmetrischen Flakon in temperamentvollem Pinkton &#8211; das besondere Etwas f\u00fcr jeden Moment F\u00fcr den ersten Eindruck braucht keine Frau [&hellip;]<\/p>\n","protected":false},"featured_media":4521,"comment_status":"open","ping_status":"closed","template":"","meta":[],"product_cat":[814,78,116,63,53,45,108,73,280,55,426,432,429,430,431,301,70,297,299,295,294,296,298],"product_tag":[846,845],"class_list":{"0":"post-4520","1":"product","2":"type-product","3":"status-publish","4":"has-post-thumbnail","6":"product_cat-zuhause","7":"product_cat-weihnachtsgeschenke","8":"product_cat-frauen","9":"product_cat-mutter","10":"product_cat-muttertag","11":"product_cat-freundin","12":"product_cat-maenner","13":"product_cat-beste-freundin","14":"product_cat-geburtstagsgeschenke","15":"product_cat-valentinstag","16":"product_cat-nach-preis","17":"product_cat-ueber-35-euro","18":"product_cat-unter-15-euro","19":"product_cat-unter-20-euro","20":"product_cat-unter-50-euro","21":"product_cat-eltern","22":"product_cat-geschenke-fuer-jeden-anlass","23":"product_cat--maedchen","24":"product_cat--chef","25":"product_cat--tochter","26":"product_cat--schwester","27":"product_cat--schwiegermutter","28":"product_cat--ehefrau","29":"product_tag-damen-duft","30":"product_tag-duft","32":"first","33":"instock","34":"shipping-taxable","35":"product-type-external"},"_links":{"self":[{"href":"https:\/\/www.blogseite.com\/geschenke\/wp-json\/wp\/v2\/product\/4520"}],"collection":[{"href":"https:\/\/www.blogseite.com\/geschenke\/wp-json\/wp\/v2\/product"}],"about":[{"href":"https:\/\/www.blogseite.com\/geschenke\/wp-json\/wp\/v2\/types\/product"}],"replies":[{"embeddable":true,"href":"https:\/\/www.blogseite.com\/geschenke\/wp-json\/wp\/v2\/comments?post=4520"}],"wp:featuredmedia":[{"embeddable":true,"href":"https:\/\/www.blogseite.com\/geschenke\/wp-json\/wp\/v2\/media\/4521"}],"wp:attachment":[{"href":"https:\/\/www.blogseite.com\/geschenke\/wp-json\/wp\/v2\/media?parent=4520"}],"wp:term":[{"taxonomy":"product_cat","embeddable":true,"href":"https:\/\/www.blogseite.com\/geschenke\/wp-json\/wp\/v2\/product_cat?post=4520"},{"taxonomy":"product_tag","embeddable":true,"href":"https:\/\/www.blogseite.com\/geschenke\/wp-json\/wp\/v2\/product_tag?post=4520"}],"curies":[{"name":"wp","href":"https:\/\/api.w.org\/{rel}","templated":true}]}}