{"id":4502,"date":"2021-06-18T12:51:14","date_gmt":"2021-06-18T10:51:14","guid":{"rendered":"https:\/\/geschenke.blogseite.com\/?post_type=product&#038;p=4502"},"modified":"2022-03-31T19:16:37","modified_gmt":"2022-03-31T17:16:37","slug":"bruno-banani-absolute-man-eau-de-toilette","status":"publish","type":"product","link":"https:\/\/www.blogseite.com\/geschenke\/s\/bruno-banani-absolute-man-eau-de-toilette\/","title":{"rendered":"Bruno Banani Absolute Man \u2013 Eau de Toilette"},"content":{"rendered":"<ul class=\"a-unordered-list a-vertical a-spacing-mini\">\n<li><span class=\"a-list-item\">Was Frauen wirklich wollen: Mit dem bruno banani Absolute Man Eau de Toilette jederzeit unwiderstehlich-verf\u00fchrerisch und sexy sein &#8211; auffallend-elegant im asymmetrischen Parf\u00fcmzerst\u00e4uber<\/span><\/li>\n<li><span class=\"a-list-item\">F\u00fcr die Meister der m\u00fchelosen Verf\u00fchrung: Der aufregende M\u00e4nnerduft vereint klassische bruno banani Eleganz mit energiegeladenem, spritzigen Design &#8211; f\u00fcr alle, die wissen was sie wollen<\/span><\/li>\n<li><span class=\"a-list-item\">Die Kopfnote des fesselnden Parf\u00fcms vereint die fruchtige Grapefruit und Mandarine mit einzigartig-w\u00fcrzigem schwarzen Pfeffer &#8211; das Leben l\u00e4ssig genie\u00dfen<\/span><\/li>\n<li><span class=\"a-list-item\">Mit extra Frische-Kick: Ein Schuss Energy Drink in der Herznote harmoniert mit Veilchenbl\u00e4ttern und Maigl\u00f6ckchen und wird in der Basisnote durch Amberh\u00f6lzer, Tonkabohnen und Vanille abgerundet<\/span><\/li>\n<li><span class=\"a-list-item\">Lieferumfang: 1 x 50 ml bruno banani Absolute Man Eau de Toilette Natural Spray \/ Anziehender Herrenduft mit fruchtig-herber Note im hochwertigen Parf\u00fcmzerst\u00e4uber aus Glas &#8211; ideal f\u00fcr hei\u00dfe N\u00e4chte<\/span><\/li>\n<\/ul>\n","protected":false},"excerpt":{"rendered":"<p>Was Frauen wirklich wollen: Mit dem bruno banani Absolute Man Eau de Toilette jederzeit unwiderstehlich-verf\u00fchrerisch und sexy sein &#8211; auffallend-elegant im asymmetrischen Parf\u00fcmzerst\u00e4uber F\u00fcr die Meister der m\u00fchelosen Verf\u00fchrung: Der aufregende M\u00e4nnerduft vereint klassische bruno banani Eleganz mit energiegeladenem, spritzigen Design &#8211; f\u00fcr alle, die wissen was sie wollen Die Kopfnote des fesselnden Parf\u00fcms vereint [&hellip;]<\/p>\n","protected":false},"featured_media":4503,"comment_status":"open","ping_status":"closed","template":"","meta":[],"product_cat":[814,78,74,110,58,54,108,280,426,432,429,430,431,293,301,292,300,302,70,299,64],"product_tag":[384,891],"class_list":{"0":"post-4502","1":"product","2":"type-product","3":"status-publish","4":"has-post-thumbnail","6":"product_cat-zuhause","7":"product_cat-weihnachtsgeschenke","8":"product_cat-bester-freund","9":"product_cat-freund","10":"product_cat-opa","11":"product_cat-vatertag","12":"product_cat-maenner","13":"product_cat-geburtstagsgeschenke","14":"product_cat-nach-preis","15":"product_cat-ueber-35-euro","16":"product_cat-unter-15-euro","17":"product_cat-unter-20-euro","18":"product_cat-unter-50-euro","19":"product_cat-geschenk-fuer-bruder","20":"product_cat-eltern","21":"product_cat-sohn","22":"product_cat--kollege","23":"product_cat--jungen","24":"product_cat-geschenke-fuer-jeden-anlass","25":"product_cat--chef","26":"product_cat-vater","27":"product_tag-maenner-duft","28":"product_tag-maennerduft","30":"first","31":"instock","32":"shipping-taxable","33":"product-type-external"},"_links":{"self":[{"href":"https:\/\/www.blogseite.com\/geschenke\/wp-json\/wp\/v2\/product\/4502"}],"collection":[{"href":"https:\/\/www.blogseite.com\/geschenke\/wp-json\/wp\/v2\/product"}],"about":[{"href":"https:\/\/www.blogseite.com\/geschenke\/wp-json\/wp\/v2\/types\/product"}],"replies":[{"embeddable":true,"href":"https:\/\/www.blogseite.com\/geschenke\/wp-json\/wp\/v2\/comments?post=4502"}],"wp:featuredmedia":[{"embeddable":true,"href":"https:\/\/www.blogseite.com\/geschenke\/wp-json\/wp\/v2\/media\/4503"}],"wp:attachment":[{"href":"https:\/\/www.blogseite.com\/geschenke\/wp-json\/wp\/v2\/media?parent=4502"}],"wp:term":[{"taxonomy":"product_cat","embeddable":true,"href":"https:\/\/www.blogseite.com\/geschenke\/wp-json\/wp\/v2\/product_cat?post=4502"},{"taxonomy":"product_tag","embeddable":true,"href":"https:\/\/www.blogseite.com\/geschenke\/wp-json\/wp\/v2\/product_tag?post=4502"}],"curies":[{"name":"wp","href":"https:\/\/api.w.org\/{rel}","templated":true}]}}