{"id":4489,"date":"2021-06-17T10:24:37","date_gmt":"2021-06-17T08:24:37","guid":{"rendered":"https:\/\/geschenke.blogseite.com\/?post_type=product&#038;p=4489"},"modified":"2022-03-31T19:18:23","modified_gmt":"2022-03-31T17:18:23","slug":"fallschirmspringer-spielzeug-10-stueck-klassiker-%f0%9f%8e%96","status":"publish","type":"product","link":"https:\/\/www.blogseite.com\/geschenke\/s\/fallschirmspringer-spielzeug-10-stueck-klassiker-%f0%9f%8e%96\/","title":{"rendered":"Fallschirmspringer Spielzeug, 10 St\u00fcck: Klassiker \ud83c\udf96"},"content":{"rendered":"<ul class=\"a-unordered-list a-vertical a-spacing-mini\">\n<li><span class=\"a-list-item\">\u2605 Paket inklusive: Sie erhalten 10 Fallschirm Spielzeug Soldaten. Fallschirm Durchmesser: 43cm. Farbe: Gr\u00fcn, Gelb, Orange, Blau, Rose Pink.<\/span><\/li>\n<li><span class=\"a-list-item\">\u2605 Hochwertige Materialien: Der Fallschirm besteht aus ungiftigem, recycelbarem und umweltfreundlichem Nylon. Fallschirmm\u00e4nner bestehen aus qualifiziertem ABS-Kunststoff, um sicherzustellen, dass diese Fallschirmspielzeuge NICHT leicht zerbrochen werden.<\/span><\/li>\n<li><span class=\"a-list-item\">\u2605 Verwendung: Das Fallschirmspielzeug landet langsam, imitiert die reale Landungssituation und verbessert die Handhabungs-, Bedienungs-, Intelligenz- und Kreativit\u00e4tsf\u00e4higkeit der Kinder beim Spielen von Simulationsspielen.<\/span><\/li>\n<li><span class=\"a-list-item\">\u2605 Fehlerfreies Design: Dieses Lernspielzeug ist f\u00fcr Jungen und M\u00e4dchen geeignet und kann nicht mehr gezogen werden. Machen Sie es zum perfekten Geschenk f\u00fcr Ostern und Weihnachten, Geburtstagsfeiern oder Themenpartys und bringen Sie Ihrer Familie und Ihren Kindern mehr Spa\u00df.<\/span><\/li>\n<\/ul>\n","protected":false},"excerpt":{"rendered":"<p>\u2605 Paket inklusive: Sie erhalten 10 Fallschirm Spielzeug Soldaten. Fallschirm Durchmesser: 43cm. Farbe: Gr\u00fcn, Gelb, Orange, Blau, Rose Pink. \u2605 Hochwertige Materialien: Der Fallschirm besteht aus ungiftigem, recycelbarem und umweltfreundlichem Nylon. Fallschirmm\u00e4nner bestehen aus qualifiziertem ABS-Kunststoff, um sicherzustellen, dass diese Fallschirmspielzeuge NICHT leicht zerbrochen werden. \u2605 Verwendung: Das Fallschirmspielzeug landet langsam, imitiert die reale Landungssituation [&hellip;]<\/p>\n","protected":false},"featured_media":4490,"comment_status":"open","ping_status":"closed","template":"","meta":[],"product_cat":[889,426,430,431],"product_tag":[888,890],"class_list":{"0":"post-4489","1":"product","2":"type-product","3":"status-publish","4":"has-post-thumbnail","6":"product_cat-kinder-2","7":"product_cat-nach-preis","8":"product_cat-unter-20-euro","9":"product_cat-unter-50-euro","10":"product_tag-kinderspiel","11":"product_tag-magnetspiel","13":"first","14":"instock","15":"shipping-taxable","16":"product-type-external"},"_links":{"self":[{"href":"https:\/\/www.blogseite.com\/geschenke\/wp-json\/wp\/v2\/product\/4489"}],"collection":[{"href":"https:\/\/www.blogseite.com\/geschenke\/wp-json\/wp\/v2\/product"}],"about":[{"href":"https:\/\/www.blogseite.com\/geschenke\/wp-json\/wp\/v2\/types\/product"}],"replies":[{"embeddable":true,"href":"https:\/\/www.blogseite.com\/geschenke\/wp-json\/wp\/v2\/comments?post=4489"}],"wp:featuredmedia":[{"embeddable":true,"href":"https:\/\/www.blogseite.com\/geschenke\/wp-json\/wp\/v2\/media\/4490"}],"wp:attachment":[{"href":"https:\/\/www.blogseite.com\/geschenke\/wp-json\/wp\/v2\/media?parent=4489"}],"wp:term":[{"taxonomy":"product_cat","embeddable":true,"href":"https:\/\/www.blogseite.com\/geschenke\/wp-json\/wp\/v2\/product_cat?post=4489"},{"taxonomy":"product_tag","embeddable":true,"href":"https:\/\/www.blogseite.com\/geschenke\/wp-json\/wp\/v2\/product_tag?post=4489"}],"curies":[{"name":"wp","href":"https:\/\/api.w.org\/{rel}","templated":true}]}}