{"id":4424,"date":"2021-06-15T16:09:26","date_gmt":"2021-06-15T14:09:26","guid":{"rendered":"https:\/\/geschenke.blogseite.com\/?post_type=product&#038;p=4424"},"modified":"2022-03-31T19:25:55","modified_gmt":"2022-03-31T17:25:55","slug":"konturenlehre-gross-mit-feststeller-geschenk-fuer-heimwerker","status":"publish","type":"product","link":"https:\/\/www.blogseite.com\/geschenke\/s\/konturenlehre-gross-mit-feststeller-geschenk-fuer-heimwerker\/","title":{"rendered":"Konturenlehre gro\u00df mit Feststeller: Geschenk f\u00fcr Heimwerker"},"content":{"rendered":"<ul class=\"a-unordered-list a-vertical a-spacing-mini\">\n<li><span class=\"a-list-item\"> \u2705 \ud835\udfed\ud835\udfec\ud835\udfec% \ud835\uddda\ud835\uddd8\ud835\udde1\ud835\uddd4\ud835\udde8\ud835\udddc\ud835\uddda\ud835\uddde\ud835\uddd8\ud835\udddc\ud835\udde7 \u2013 Die Pr\u00e4zisionsschieberegler der Konturenlehre erm\u00f6glichen durch das d\u00fcnne Scheibenma\u00df h\u00f6chste Genauigkeit bei der Profil-Aufnahme: Dabei weist die EDELHAND Vervielf\u00e4ltigungslehre dank 25cm Anrei\u00dflineal die h\u00f6chste Mess-Genauigkeit auf! <\/span><\/li>\n<li><span class=\"a-list-item\"> \u2705 \ud835\uddde\ud835\uddd8\ud835\udddc\ud835\udde1 \ud835\udde9\ud835\uddd8\ud835\udde5\ud835\udde5\ud835\udde8\ud835\udde7\ud835\udde6\ud835\uddd6\ud835\udddb\ud835\uddd8\ud835\udde1 \u2013 Die EDELHAND Kontur-Vervielf\u00e4ltigungslehre ist mit dem neuartigen LOCK-IN System ausgestattet: hierzu einfach den Feststeller umlegen und die Pr\u00e4zisionsschieberegler der Konturenlehre sind bombenfest verriegelt. So ist das Abzeichnen ein Kinderspiel! <\/span><\/li>\n<li><span class=\"a-list-item\"> \u2705 \ud835\udfed\ud835\udfd1 \ud835\uddd6\ud835\udc0c \ud835\udc0c\ud835\uddd8\ud835\udde6\ud835\udde6-\ud835\udde7\ud835\udddc\ud835\uddd8\ud835\udc05\ud835\uddd8 \u2013 Vereinfachen Sie sich das Handwerk mit den extra tiefen Schieberegler des Formzeichners: Durch seine Tiefe von 13cm schmiegt sich die Konturlehre fast von allein um die gew\u00fcnschten Formen &#8211; selbst bei runden und extra gro\u00dfen Konturen! <\/span><\/li>\n<li><span class=\"a-list-item\"> \u2705 \ud835\udc04\ud835\udc08\ud835\udc0d\ud835\udc05\ud835\udc00\ud835\udc02\ud835\udc07\ud835\udc04\ud835\udc12 \ud835\uddd4\ud835\udde5\ud835\uddd5\ud835\uddd8\ud835\udddc\ud835\udde7\ud835\uddd8\ud835\udde1 \u2013 Durch die Konturschablone \u00fcbertragen Sie die Ma\u00dfe ganz einfach und ohne unn\u00f6tigen Verschnitt. Das Formenzeichner Pro Set darf in keiner Werkstatt fehlen. Bestellen Sie jetzt Ihr hochwertige EDELHAND Konturenlehre 250mm und 120mm! <\/span><\/li>\n<li><span class=\"a-list-item\"> \u2705 \ud835\udde4\ud835\udde8\ud835\uddd4\ud835\udddf\ud835\udddc\ud835\udde7\u00c4\ud835\udde7\ud835\udde6\ud835\udde9\ud835\uddd8\ud835\udde5\ud835\udde6\ud835\udde3\ud835\udde5\ud835\uddd8\ud835\uddd6\ud835\udddb\ud835\uddd8\ud835\udde1 \u2013 Der Formzeichner wird nach h\u00f6chsten Standards gefertigt. Weil wir zu 100% in unsere Qualit\u00e4t vertrauen, geben wir Ihnen ein Versprechen: Sollten Sie mit der Kontur Vervielf\u00e4ltigungslehre unzufrieden sein, erhalten Sie Ihr Geld zur\u00fcck &#8211; bis zu 2 Jahre nach Kaufdatum! <\/span><\/li>\n<\/ul>\n","protected":false},"excerpt":{"rendered":"<p>\u2705 \ud835\udfed\ud835\udfec\ud835\udfec% \ud835\uddda\ud835\uddd8\ud835\udde1\ud835\uddd4\ud835\udde8\ud835\udddc\ud835\uddda\ud835\uddde\ud835\uddd8\ud835\udddc\ud835\udde7 \u2013 Die Pr\u00e4zisionsschieberegler der Konturenlehre erm\u00f6glichen durch das d\u00fcnne Scheibenma\u00df h\u00f6chste Genauigkeit bei der Profil-Aufnahme: Dabei weist die EDELHAND Vervielf\u00e4ltigungslehre dank 25cm Anrei\u00dflineal die h\u00f6chste Mess-Genauigkeit auf! \u2705 \ud835\uddde\ud835\uddd8\ud835\udddc\ud835\udde1 \ud835\udde9\ud835\uddd8\ud835\udde5\ud835\udde5\ud835\udde8\ud835\udde7\ud835\udde6\ud835\uddd6\ud835\udddb\ud835\uddd8\ud835\udde1 \u2013 Die EDELHAND Kontur-Vervielf\u00e4ltigungslehre ist mit dem neuartigen LOCK-IN System ausgestattet: hierzu einfach den Feststeller umlegen und die Pr\u00e4zisionsschieberegler der Konturenlehre sind [&hellip;]<\/p>\n","protected":false},"featured_media":4426,"comment_status":"open","ping_status":"closed","template":"","meta":[],"product_cat":[814,74,110,58,54,108,280,426,432,433,293,301,292,300,302,70,299,64],"product_tag":[887],"class_list":{"0":"post-4424","1":"product","2":"type-product","3":"status-publish","4":"has-post-thumbnail","6":"product_cat-zuhause","7":"product_cat-bester-freund","8":"product_cat-freund","9":"product_cat-opa","10":"product_cat-vatertag","11":"product_cat-maenner","12":"product_cat-geburtstagsgeschenke","13":"product_cat-nach-preis","14":"product_cat-ueber-35-euro","15":"product_cat-ueber-40-euro","16":"product_cat-geschenk-fuer-bruder","17":"product_cat-eltern","18":"product_cat-sohn","19":"product_cat--kollege","20":"product_cat--jungen","21":"product_cat-geschenke-fuer-jeden-anlass","22":"product_cat--chef","23":"product_cat-vater","24":"product_tag-werkzeugkoffer","26":"first","27":"instock","28":"shipping-taxable","29":"product-type-external"},"_links":{"self":[{"href":"https:\/\/www.blogseite.com\/geschenke\/wp-json\/wp\/v2\/product\/4424"}],"collection":[{"href":"https:\/\/www.blogseite.com\/geschenke\/wp-json\/wp\/v2\/product"}],"about":[{"href":"https:\/\/www.blogseite.com\/geschenke\/wp-json\/wp\/v2\/types\/product"}],"replies":[{"embeddable":true,"href":"https:\/\/www.blogseite.com\/geschenke\/wp-json\/wp\/v2\/comments?post=4424"}],"wp:featuredmedia":[{"embeddable":true,"href":"https:\/\/www.blogseite.com\/geschenke\/wp-json\/wp\/v2\/media\/4426"}],"wp:attachment":[{"href":"https:\/\/www.blogseite.com\/geschenke\/wp-json\/wp\/v2\/media?parent=4424"}],"wp:term":[{"taxonomy":"product_cat","embeddable":true,"href":"https:\/\/www.blogseite.com\/geschenke\/wp-json\/wp\/v2\/product_cat?post=4424"},{"taxonomy":"product_tag","embeddable":true,"href":"https:\/\/www.blogseite.com\/geschenke\/wp-json\/wp\/v2\/product_tag?post=4424"}],"curies":[{"name":"wp","href":"https:\/\/api.w.org\/{rel}","templated":true}]}}