{"id":4419,"date":"2021-06-15T08:51:09","date_gmt":"2021-06-15T06:51:09","guid":{"rendered":"https:\/\/geschenke.blogseite.com\/?post_type=product&#038;p=4419"},"modified":"2022-03-31T19:26:33","modified_gmt":"2022-03-31T17:26:33","slug":"shaktimat-akupressurmatte-original-seit-2007-kaufen","status":"publish","type":"product","link":"https:\/\/www.blogseite.com\/geschenke\/s\/shaktimat-akupressurmatte-original-seit-2007-kaufen\/","title":{"rendered":"ShaktiMat Akupressurmatte Original seit 2007 kaufen"},"content":{"rendered":"<ul class=\"a-unordered-list a-vertical a-spacing-mini\">\n<li><span class=\"a-list-item\">\ud83d\udc86\ud83c\udffcENTSPANNUNG PUR | Kaum liegst du mit deinem R\u00fccken auf der Nagelmatte, sp\u00fcrst du ein wohliges Kribbeln in deinem K\u00f6rper. Die vielen feinen Spitzen halten die Faszien geschmeidig, steigern das Wohlbefinden, k\u00f6nnen Schmerzen lindern und deinen Schlaf verbessern.<\/span><\/li>\n<li><span class=\"a-list-item\">\ud83d\udc4cVERBESSERTES WOHLBEFINDEN | Unsere giftfreien recycelbaren ABS-Kunststoffspitzen f\u00f6rdern Durchblutung und Regeneration. Leg dich 20 min t\u00e4glich auf die Yantramatte und dein R\u00fccken f\u00fchlt sich warm und gut durchblutet an. Reduziert Verspannungen und kann R\u00fccken-, Nacken- und Kopfschmerzen lindern.<\/span><\/li>\n<li><span class=\"a-list-item\">\ud83d\udd49BEW\u00c4HRTE TRADITION | Die Akupunkturmatte wirkt wie eine Massage und ist angelehnt an der traditionellen chinesischen Medizin (TCM). Akupunktur und Akupressur werden bereits seit Jahrtausenden angewendet und helfen dabei Stress abzubauen.<\/span><\/li>\n<li><span class=\"a-list-item\">\ud83c\udde9\ud83c\uddeaSHAKTIMAT GmbH | Sitz in Deutschland. Erfahrener und qualifizierter Kundenservice aus Berlin. Wir kennen uns mit dem Produkt wirklich aus. Kein Dropshipping! Werde Teil der gr\u00f6\u00dften deutschsprachigen Akupressurmatten Community auf Facebook. Mehr als 24.000 Mitglieder tauschen sich in unser Gruppe aus.<\/span><\/li>\n<li><span class=\"a-list-item\">\ud83d\ude4fFAIR UND TRANSPARENT | Produktion in einer Frauenwerkstatt in Indien (Siehe unsere Videos). Hier werden Frauen gef\u00f6rdert auf eigenen Beinen zu stehen. Nat\u00fcrliche organische mit Pflanzenf\u00e4rbemittel gef\u00e4rbte Baumwolle (100%). Recycelter Schaumstoff.<\/span><\/li>\n<\/ul>\n","protected":false},"excerpt":{"rendered":"<p>\ud83d\udc86\ud83c\udffcENTSPANNUNG PUR | Kaum liegst du mit deinem R\u00fccken auf der Nagelmatte, sp\u00fcrst du ein wohliges Kribbeln in deinem K\u00f6rper. Die vielen feinen Spitzen halten die Faszien geschmeidig, steigern das Wohlbefinden, k\u00f6nnen Schmerzen lindern und deinen Schlaf verbessern. \ud83d\udc4cVERBESSERTES WOHLBEFINDEN | Unsere giftfreien recycelbaren ABS-Kunststoffspitzen f\u00f6rdern Durchblutung und Regeneration. Leg dich 20 min t\u00e4glich auf [&hellip;]<\/p>\n","protected":false},"featured_media":4420,"comment_status":"open","ping_status":"closed","template":"","meta":[],"product_cat":[814,74,110,58,54,116,63,53,45,108,73,280,426,432,433,293,301,292,300,302,70,299,295,294,296,298,64],"product_tag":[886,847],"class_list":{"0":"post-4419","1":"product","2":"type-product","3":"status-publish","4":"has-post-thumbnail","6":"product_cat-zuhause","7":"product_cat-bester-freund","8":"product_cat-freund","9":"product_cat-opa","10":"product_cat-vatertag","11":"product_cat-frauen","12":"product_cat-mutter","13":"product_cat-muttertag","14":"product_cat-freundin","15":"product_cat-maenner","16":"product_cat-beste-freundin","17":"product_cat-geburtstagsgeschenke","18":"product_cat-nach-preis","19":"product_cat-ueber-35-euro","20":"product_cat-ueber-40-euro","21":"product_cat-geschenk-fuer-bruder","22":"product_cat-eltern","23":"product_cat-sohn","24":"product_cat--kollege","25":"product_cat--jungen","26":"product_cat-geschenke-fuer-jeden-anlass","27":"product_cat--chef","28":"product_cat--tochter","29":"product_cat--schwester","30":"product_cat--schwiegermutter","31":"product_cat--ehefrau","32":"product_cat-vater","33":"product_tag-entspannung","34":"product_tag-massage","36":"first","37":"instock","38":"shipping-taxable","39":"product-type-external"},"_links":{"self":[{"href":"https:\/\/www.blogseite.com\/geschenke\/wp-json\/wp\/v2\/product\/4419"}],"collection":[{"href":"https:\/\/www.blogseite.com\/geschenke\/wp-json\/wp\/v2\/product"}],"about":[{"href":"https:\/\/www.blogseite.com\/geschenke\/wp-json\/wp\/v2\/types\/product"}],"replies":[{"embeddable":true,"href":"https:\/\/www.blogseite.com\/geschenke\/wp-json\/wp\/v2\/comments?post=4419"}],"wp:featuredmedia":[{"embeddable":true,"href":"https:\/\/www.blogseite.com\/geschenke\/wp-json\/wp\/v2\/media\/4420"}],"wp:attachment":[{"href":"https:\/\/www.blogseite.com\/geschenke\/wp-json\/wp\/v2\/media?parent=4419"}],"wp:term":[{"taxonomy":"product_cat","embeddable":true,"href":"https:\/\/www.blogseite.com\/geschenke\/wp-json\/wp\/v2\/product_cat?post=4419"},{"taxonomy":"product_tag","embeddable":true,"href":"https:\/\/www.blogseite.com\/geschenke\/wp-json\/wp\/v2\/product_tag?post=4419"}],"curies":[{"name":"wp","href":"https:\/\/api.w.org\/{rel}","templated":true}]}}