{"id":4397,"date":"2021-06-13T12:39:40","date_gmt":"2021-06-13T10:39:40","guid":{"rendered":"https:\/\/geschenke.blogseite.com\/?post_type=product&#038;p=4397"},"modified":"2022-03-31T19:30:42","modified_gmt":"2022-03-31T17:30:42","slug":"blo-alkoholtester-alkoholmeter-polizeigenau-%f0%9f%98%8a","status":"publish","type":"product","link":"https:\/\/www.blogseite.com\/geschenke\/s\/blo-alkoholtester-alkoholmeter-polizeigenau-%f0%9f%98%8a\/","title":{"rendered":"BLO Alkoholtester\/Alkoholmeter, polizeigenau \ud83d\ude0a"},"content":{"rendered":"<ul class=\"a-unordered-list a-vertical a-spacing-mini\">\n<li><span class=\"a-list-item\">DIGITALES ALKOHOL-MESSGER\u00c4T \u2013 Mit dem polizeigenauen Alkoholtester bestimmen Sie weniger Sekunden selbst und akkurat Ihren Blutalkoholwert (BAK) im Promille und k\u00f6nnen Ihre Fahrtauglichkeit besser einsch\u00e4tzen.<\/span><\/li>\n<li><span class=\"a-list-item\">ANWENDUNGSGEBIETE \u2013 Egal ob nach einer durchzechten Nacht, als Partygag oder um zu Wissen welchen Einfluss die zwei Gl\u00e4ser Wein hatten \u2013 mit dem Alkohol-Messger\u00e4t k\u00f6nnen Sie sich ab sofort absolut sicher sein, ob Sie am Stra\u00dfenverkehr teilnehmen d\u00fcrfen oder nicht.<\/span><\/li>\n<li><span class=\"a-list-item\">POLIZGENAUE WERTE \u2013 Durch unsere kalibrierte Messtechnik des Alkohol-Testers erhalten Sie binnen weniger Sekunden sehr akkurate Ergebnisse. Mit Hilfe der Einsch\u00e4tzungsampel sehen Sie auf einen Blick, wie weit der Alkoholeinfluss fortgeschritten ist (gr\u00fcn = Vorsicht, gelb = Achtung, rot = Gefahr)<\/span><\/li>\n<li><span class=\"a-list-item\">KABELLOS UND KOMPAKT \u2013 Der Alkoholmeter wird mit zwei AA Batterien betrieben (nicht enthalten) und kann problemlos in jeder Tasche, jedem Handschuhfach oder jeder Mittelkonsole aufbewahrt werden.<\/span><\/li>\n<li><span class=\"a-list-item\">INKL.10 MUNDST\u00dcCKEN \u2013 Die beiliegenden Mundst\u00fccke sorgen f\u00fcr perfekte Hygiene, wenn Sie das Ger\u00e4t mit anderen teilen wollen. Sie ben\u00f6tigen mehr Mundst\u00fccke? Kein Problem, schreiben Sie uns einfach an.<\/span><\/li>\n<\/ul>\n","protected":false},"excerpt":{"rendered":"<p>DIGITALES ALKOHOL-MESSGER\u00c4T \u2013 Mit dem polizeigenauen Alkoholtester bestimmen Sie weniger Sekunden selbst und akkurat Ihren Blutalkoholwert (BAK) im Promille und k\u00f6nnen Ihre Fahrtauglichkeit besser einsch\u00e4tzen. ANWENDUNGSGEBIETE \u2013 Egal ob nach einer durchzechten Nacht, als Partygag oder um zu Wissen welchen Einfluss die zwei Gl\u00e4ser Wein hatten \u2013 mit dem Alkohol-Messger\u00e4t k\u00f6nnen Sie sich ab sofort [&hellip;]<\/p>\n","protected":false},"featured_media":4398,"comment_status":"open","ping_status":"closed","template":"","meta":[],"product_cat":[814,78,746,103,74,110,54,116,63,53,45,108,57,73,280,55,426,428,430,431,293,301,292,300,302,70,297,299,295,294,291,296,298,64],"product_tag":[879,454],"class_list":{"0":"post-4397","1":"product","2":"type-product","3":"status-publish","4":"has-post-thumbnail","6":"product_cat-zuhause","7":"product_cat-weihnachtsgeschenke","8":"product_cat--fit-fuer-den-fruehling","9":"product_cat-studenten","10":"product_cat-bester-freund","11":"product_cat-freund","12":"product_cat-vatertag","13":"product_cat-frauen","14":"product_cat-mutter","15":"product_cat-muttertag","16":"product_cat-freundin","17":"product_cat-maenner","18":"product_cat-oma","19":"product_cat-beste-freundin","20":"product_cat-geburtstagsgeschenke","21":"product_cat-valentinstag","22":"product_cat-nach-preis","23":"product_cat-unter-10-euro","24":"product_cat-unter-20-euro","25":"product_cat-unter-50-euro","26":"product_cat-geschenk-fuer-bruder","27":"product_cat-eltern","28":"product_cat-sohn","29":"product_cat--kollege","30":"product_cat--jungen","31":"product_cat-geschenke-fuer-jeden-anlass","32":"product_cat--maedchen","33":"product_cat--chef","34":"product_cat--tochter","35":"product_cat--schwester","36":"product_cat-nerds","37":"product_cat--schwiegermutter","38":"product_cat--ehefrau","39":"product_cat-vater","40":"product_tag-alkoholtester","41":"product_tag-gadget","43":"first","44":"instock","45":"shipping-taxable","46":"product-type-external"},"_links":{"self":[{"href":"https:\/\/www.blogseite.com\/geschenke\/wp-json\/wp\/v2\/product\/4397"}],"collection":[{"href":"https:\/\/www.blogseite.com\/geschenke\/wp-json\/wp\/v2\/product"}],"about":[{"href":"https:\/\/www.blogseite.com\/geschenke\/wp-json\/wp\/v2\/types\/product"}],"replies":[{"embeddable":true,"href":"https:\/\/www.blogseite.com\/geschenke\/wp-json\/wp\/v2\/comments?post=4397"}],"wp:featuredmedia":[{"embeddable":true,"href":"https:\/\/www.blogseite.com\/geschenke\/wp-json\/wp\/v2\/media\/4398"}],"wp:attachment":[{"href":"https:\/\/www.blogseite.com\/geschenke\/wp-json\/wp\/v2\/media?parent=4397"}],"wp:term":[{"taxonomy":"product_cat","embeddable":true,"href":"https:\/\/www.blogseite.com\/geschenke\/wp-json\/wp\/v2\/product_cat?post=4397"},{"taxonomy":"product_tag","embeddable":true,"href":"https:\/\/www.blogseite.com\/geschenke\/wp-json\/wp\/v2\/product_tag?post=4397"}],"curies":[{"name":"wp","href":"https:\/\/api.w.org\/{rel}","templated":true}]}}