{"id":4370,"date":"2021-06-11T10:22:35","date_gmt":"2021-06-11T08:22:35","guid":{"rendered":"https:\/\/geschenke.blogseite.com\/?post_type=product&#038;p=4370"},"modified":"2022-03-31T19:34:42","modified_gmt":"2022-03-31T17:34:42","slug":"cleverfy-aromatherapie-shower-steamers-fuer-vatertag-%f0%9f%94%a5","status":"publish","type":"product","link":"https:\/\/www.blogseite.com\/geschenke\/s\/cleverfy-aromatherapie-shower-steamers-fuer-vatertag-%f0%9f%94%a5\/","title":{"rendered":"Cleverfy Aromatherapie Shower Steamers f\u00fcr Vatertag \ud83d\udd25"},"content":{"rendered":"<ul class=\"a-unordered-list a-vertical a-spacing-mini\">\n<li><span class=\"a-list-item\">\ud83e\uddd8 Riecht Uuh-Nfassbar Gut! Fragen Sie nur die tausenden von Frauen, die ihre verstopfte Nase schon mit unserem Shower Steamers Aromatherapie Freie Nebenh\u00f6hlen Set beseitigt haben. Da wir nur \u00e4therische \u00d6le und naturidentische D\u00fcfte benutzen, erhalten Sie die volle Wirkung der Aromatherapie. Das Set enth\u00e4lt 6 Shower Steamers mit Menthol und Eukalyptus, um f\u00fcr freie Nebenh\u00f6hlen zu sorgen, damit Sie wieder befreit atmen k\u00f6nnen und sich wie Ihr altes Selbst f\u00fchlen.<\/span><\/li>\n<li><span class=\"a-list-item\">\ud83c\udf81 Traumhaft Verpackt: Schon unsere Verpackung l\u00e4dt zum Tr\u00e4umen ein. Wenn Sie sich dieses Erlebnis nicht selber schenken m\u00f6chten, wie es die meisten tun, k\u00f6nnen Sie unsere Shower Steamers auch wunderbar weiterverschenken. Zum Beispiel als Muttertagsgeschenk, zum Valentinstag, zu Weihnachten, als Frauengeschenke f\u00fcr beste Freundin oder einfach nur so! Wenn Sie also ein wunderbares Geschenk suchen, das jedem die kurze tiefenentspannte Auszeit g\u00f6nnt, dann brauchen Sie nicht weiter zu suchen!<\/span><\/li>\n<li><span class=\"a-list-item\">\ud83d\udebf Die Therme Daheim: Die Anwendung dieser Cleverfy Shower Steamers ist kinderleicht. Legen Sie die von Ihnen gew\u00e4hlte Shower Steamers in eine Ecke der Duschkabine wo sie nicht vom direkten Strahl getroffen wird. Um die bestm\u00f6gliche Leistung zu erhalten, bitte das Tab nicht zerbr\u00f6seln. Cleverfy Shower Steamers sind vegan, verunreinigen das Abwasser nicht, werden nicht an Tieren getestet und hinterlassen keine rutschigen \u00d6lr\u00fcckst\u00e4nde.<\/span><\/li>\n<li><span class=\"a-list-item\">\ud83d\udcaa Nat\u00fcrliche, Starke D\u00fcfte: Sollten Sie, genau wie wir, starke D\u00fcfte lieben, die einfach nur nat\u00fcrlich und echt riechen, dann k\u00f6nnen Sie auf uns setzen! Sie werden unsere Aromen mit langsamen, tiefen Atemz\u00fcgen genie\u00dfen und sich dem Aroma v\u00f6llig hingeben k\u00f6nnen. Probieren Sie es selbst!<\/span><\/li>\n<li><span class=\"a-list-item\">\ud83d\udcd7 Gratis E-book: Dieses mitgelieferte E-Book (im Wert von \u20ac12) ist eine Bereicherung f\u00fcr jeden Aromatherapie liebenden Genussmenschen. Lernen Sie noch mehr \u00fcber die Wirksamkeit von \u00e4therischen \u00d6len und welchen Einfluss sie auf Ihr Leben haben k\u00f6nnen! G\u00f6nnen Sie sich jetzt Ihre wohlverdiente Auszeit mit unserem Wellness Set in Ihrem Home-Spa!<\/span><\/li>\n<\/ul>\n","protected":false},"excerpt":{"rendered":"<p>\ud83e\uddd8 Riecht Uuh-Nfassbar Gut! Fragen Sie nur die tausenden von Frauen, die ihre verstopfte Nase schon mit unserem Shower Steamers Aromatherapie Freie Nebenh\u00f6hlen Set beseitigt haben. Da wir nur \u00e4therische \u00d6le und naturidentische D\u00fcfte benutzen, erhalten Sie die volle Wirkung der Aromatherapie. Das Set enth\u00e4lt 6 Shower Steamers mit Menthol und Eukalyptus, um f\u00fcr freie [&hellip;]<\/p>\n","protected":false},"featured_media":4371,"comment_status":"open","ping_status":"closed","template":"","meta":[],"product_cat":[814,78,746,103,110,54,116,63,53,45,108,57,73,280,55,426,428,430,431,293,301,292,300,70,297,299,295,294,291,296,298,64],"product_tag":[876],"class_list":{"0":"post-4370","1":"product","2":"type-product","3":"status-publish","4":"has-post-thumbnail","6":"product_cat-zuhause","7":"product_cat-weihnachtsgeschenke","8":"product_cat--fit-fuer-den-fruehling","9":"product_cat-studenten","10":"product_cat-freund","11":"product_cat-vatertag","12":"product_cat-frauen","13":"product_cat-mutter","14":"product_cat-muttertag","15":"product_cat-freundin","16":"product_cat-maenner","17":"product_cat-oma","18":"product_cat-beste-freundin","19":"product_cat-geburtstagsgeschenke","20":"product_cat-valentinstag","21":"product_cat-nach-preis","22":"product_cat-unter-10-euro","23":"product_cat-unter-20-euro","24":"product_cat-unter-50-euro","25":"product_cat-geschenk-fuer-bruder","26":"product_cat-eltern","27":"product_cat-sohn","28":"product_cat--kollege","29":"product_cat-geschenke-fuer-jeden-anlass","30":"product_cat--maedchen","31":"product_cat--chef","32":"product_cat--tochter","33":"product_cat--schwester","34":"product_cat-nerds","35":"product_cat--schwiegermutter","36":"product_cat--ehefrau","37":"product_cat-vater","38":"product_tag-duschen","40":"first","41":"instock","42":"shipping-taxable","43":"product-type-external"},"_links":{"self":[{"href":"https:\/\/www.blogseite.com\/geschenke\/wp-json\/wp\/v2\/product\/4370"}],"collection":[{"href":"https:\/\/www.blogseite.com\/geschenke\/wp-json\/wp\/v2\/product"}],"about":[{"href":"https:\/\/www.blogseite.com\/geschenke\/wp-json\/wp\/v2\/types\/product"}],"replies":[{"embeddable":true,"href":"https:\/\/www.blogseite.com\/geschenke\/wp-json\/wp\/v2\/comments?post=4370"}],"wp:featuredmedia":[{"embeddable":true,"href":"https:\/\/www.blogseite.com\/geschenke\/wp-json\/wp\/v2\/media\/4371"}],"wp:attachment":[{"href":"https:\/\/www.blogseite.com\/geschenke\/wp-json\/wp\/v2\/media?parent=4370"}],"wp:term":[{"taxonomy":"product_cat","embeddable":true,"href":"https:\/\/www.blogseite.com\/geschenke\/wp-json\/wp\/v2\/product_cat?post=4370"},{"taxonomy":"product_tag","embeddable":true,"href":"https:\/\/www.blogseite.com\/geschenke\/wp-json\/wp\/v2\/product_tag?post=4370"}],"curies":[{"name":"wp","href":"https:\/\/api.w.org\/{rel}","templated":true}]}}