{"id":4347,"date":"2021-06-09T10:26:52","date_gmt":"2021-06-09T08:26:52","guid":{"rendered":"https:\/\/geschenke.blogseite.com\/?post_type=product&#038;p=4347"},"modified":"2022-04-01T10:05:52","modified_gmt":"2022-04-01T08:05:52","slug":"nivea-men-mystery-box-wundertuete-%f0%9f%95%b5%f0%9f%8f%bb%e2%80%8d%e2%99%80%ef%b8%8f","status":"publish","type":"product","link":"https:\/\/www.blogseite.com\/geschenke\/s\/nivea-men-mystery-box-wundertuete-%f0%9f%95%b5%f0%9f%8f%bb%e2%80%8d%e2%99%80%ef%b8%8f\/","title":{"rendered":"NIVEA MEN Mystery Box Wundert\u00fcte \ud83d\udd75\ud83c\udffb\u200d\u2640\ufe0f"},"content":{"rendered":"<ul class=\"a-unordered-list a-vertical a-spacing-mini\">\n<li><span class=\"a-list-item\">Eine Box voller Pflege f\u00fcr alle, die \u00dcberraschungen lieben! Das Pflegeset enth\u00e4lt 10 hochwertige Pflegeprodukte f\u00fcr Herren in Originalgr\u00f6\u00dfe. Die hochwertigen Produkte verw\u00f6hnen K\u00f6rper und Sinne und sorgen f\u00fcr das besondere NIVEA Pflegegef\u00fchl. Die liebevoll gestaltete Designbox l\u00e4sst sich nach Erhalt kreativ wieder verwenden. Warenwert 39 EUR.<\/span><\/li>\n<li><span class=\"a-list-item\">Die NIVEA MEN Design Box enth\u00e4lt ausgew\u00e4hlte, pflegende Produkte aus dem vielf\u00e4ltigen NIVEA MEN Sortiment. Die Produkte \u00fcberzeugen mit ihrer Pflegewirkung und der bew\u00e4hrten NIVEA Qualit\u00e4t.<\/span><\/li>\n<li><span class=\"a-list-item\">Was erwartet Sie? Jede Box ist eine \u00dcberraschung! Kleine Kostprobe zum Inhalt gef\u00e4llig? Entdecken Sie Vitalisierende Body Lotion 250 ml, Fresh Active Zerst\u00e4uber 75 ml, Active Age Tagespflege 50 ml, Protect &amp; Care Rasiercreme 100 ml, Protect &amp; Care Intensive Feuchtigkeitscreme 50 ml, Craft Stylers Natural Look Styling Cream 150 ml, Protect &amp; Care Pflegedusche 250 ml, Sport Pflegedusche 250 ml, Deep Pflegedusche 250 ml, Deep Control Anti-Mitesser Peeling Und Waschgel 75 ml<\/span><\/li>\n<li><span class=\"a-list-item\">Zum Geburtstag, M\u00e4nnertag, Vatertag, als Dankesch\u00f6n oder einfach so: Machen Sie sich selbst oder Ihren Liebsten eine Freude mit pflegenden \u00dcberraschnungen von NIVEA MEN. Das NIVEA \u00dcberraschungsset bietet Rundum &#8211; Pflege, besondere Wohlf\u00fchlmomente und ein geschmeidig-zartes Hautgef\u00fchl f\u00fcr den ganzen K\u00f6rper.<\/span><\/li>\n<li><span class=\"a-list-item\">Praktischer Lieferumfang \u2013 NIVEA Pflegebox f\u00fcr Herren mit 10 \u00dcberraschungsprodukten. Die Geschenkbox ist liebevoll von uns gestaltet worden, damit Sie sie auch nach Erhalt wieder verwenden k\u00f6nnen. Hierin lassen sich liebevolle Dinge wie Fotos, Briefe oder andere Sachen prima aufbewahren.<\/span><\/li>\n<\/ul>\n","protected":false},"excerpt":{"rendered":"<p>Eine Box voller Pflege f\u00fcr alle, die \u00dcberraschungen lieben! Das Pflegeset enth\u00e4lt 10 hochwertige Pflegeprodukte f\u00fcr Herren in Originalgr\u00f6\u00dfe. Die hochwertigen Produkte verw\u00f6hnen K\u00f6rper und Sinne und sorgen f\u00fcr das besondere NIVEA Pflegegef\u00fchl. Die liebevoll gestaltete Designbox l\u00e4sst sich nach Erhalt kreativ wieder verwenden. Warenwert 39 EUR. Die NIVEA MEN Design Box enth\u00e4lt ausgew\u00e4hlte, pflegende [&hellip;]<\/p>\n","protected":false},"featured_media":4348,"comment_status":"open","ping_status":"closed","template":"","meta":[],"product_cat":[814,78,746,103,74,110,58,54,280,55,426,428,430,431,293,301,292,300,302,70,299,295,291,64],"product_tag":[873],"class_list":{"0":"post-4347","1":"product","2":"type-product","3":"status-publish","4":"has-post-thumbnail","6":"product_cat-zuhause","7":"product_cat-weihnachtsgeschenke","8":"product_cat--fit-fuer-den-fruehling","9":"product_cat-studenten","10":"product_cat-bester-freund","11":"product_cat-freund","12":"product_cat-opa","13":"product_cat-vatertag","14":"product_cat-geburtstagsgeschenke","15":"product_cat-valentinstag","16":"product_cat-nach-preis","17":"product_cat-unter-10-euro","18":"product_cat-unter-20-euro","19":"product_cat-unter-50-euro","20":"product_cat-geschenk-fuer-bruder","21":"product_cat-eltern","22":"product_cat-sohn","23":"product_cat--kollege","24":"product_cat--jungen","25":"product_cat-geschenke-fuer-jeden-anlass","26":"product_cat--chef","27":"product_cat--tochter","28":"product_cat-nerds","29":"product_cat-vater","30":"product_tag-nivea-geschenkset","32":"first","33":"instock","34":"shipping-taxable","35":"product-type-external"},"_links":{"self":[{"href":"https:\/\/www.blogseite.com\/geschenke\/wp-json\/wp\/v2\/product\/4347"}],"collection":[{"href":"https:\/\/www.blogseite.com\/geschenke\/wp-json\/wp\/v2\/product"}],"about":[{"href":"https:\/\/www.blogseite.com\/geschenke\/wp-json\/wp\/v2\/types\/product"}],"replies":[{"embeddable":true,"href":"https:\/\/www.blogseite.com\/geschenke\/wp-json\/wp\/v2\/comments?post=4347"}],"wp:featuredmedia":[{"embeddable":true,"href":"https:\/\/www.blogseite.com\/geschenke\/wp-json\/wp\/v2\/media\/4348"}],"wp:attachment":[{"href":"https:\/\/www.blogseite.com\/geschenke\/wp-json\/wp\/v2\/media?parent=4347"}],"wp:term":[{"taxonomy":"product_cat","embeddable":true,"href":"https:\/\/www.blogseite.com\/geschenke\/wp-json\/wp\/v2\/product_cat?post=4347"},{"taxonomy":"product_tag","embeddable":true,"href":"https:\/\/www.blogseite.com\/geschenke\/wp-json\/wp\/v2\/product_tag?post=4347"}],"curies":[{"name":"wp","href":"https:\/\/api.w.org\/{rel}","templated":true}]}}