{"id":4334,"date":"2021-06-09T09:36:46","date_gmt":"2021-06-09T07:36:46","guid":{"rendered":"https:\/\/geschenke.blogseite.com\/?post_type=product&#038;p=4334"},"modified":"2022-04-01T10:08:43","modified_gmt":"2022-04-01T08:08:43","slug":"auto-derma-micro-needle-roller-top-geschenk-%f0%9f%94%a5","status":"publish","type":"product","link":"https:\/\/www.blogseite.com\/geschenke\/s\/auto-derma-micro-needle-roller-top-geschenk-%f0%9f%94%a5\/","title":{"rendered":"Auto Derma Micro Needle Roller: Top Geschenk \ud83d\udd25"},"content":{"rendered":"<ul class=\"a-unordered-list a-vertical a-spacing-mini\">\n<li><span class=\"a-list-item\">Bequem und sicher: Dies verbessert die Verj\u00fcngungsergebnisse und ist f\u00fcr den Kunden weitaus sicherer, da es die Porengr\u00f6\u00dfe, Aknenarben, Hyperpigmentierung und Altersflecken reduziert.<\/span><\/li>\n<li><span class=\"a-list-item\">3 verschiedene Geschwindigkeiten: Micro Needle Pen hilft Ihnen, Falten, Dehnungsstreifen, wei\u00dfer zu machen und Hautverf\u00e4rbungen zu entfernen. 3 Stufen Drehzahlregelung.<\/span><\/li>\n<li><span class=\"a-list-item\">Einstellbare Tiefe: Die Mikro-Nadel der Tiefe kann eingestellt werden (0mm-2 mm), stark verbessert die Behandlung<\/span><\/li>\n<li><span class=\"a-list-item\">Guter Service: Wir bieten 100% Qualit\u00e4tsgarantie und perfekten After-Service. Wenn Sie Fragen haben, steht Ihnen ein professionelles Vor- und Nachsorgeteam zur Seite.<\/span><\/li>\n<li><span class=\"a-list-item\">Paket: Das Paket enth\u00e4lt einen Mikronadelstift, einen USB und eine Kopie der Bedienungsanleitung.( Nadeln f\u00fcr PELCAS Derma Pen. Empfohlen zum Kauf mit: https:\/\/www.amazon.de\/dp\/B07GFH9KVG\/ or https:\/\/www.amazon.de\/dp\/B07V3CK7YP oder https:\/\/www.amazon.de\/dp\/B087JT9ZDG) )<\/span><\/li>\n<\/ul>\n","protected":false},"excerpt":{"rendered":"<p>Bequem und sicher: Dies verbessert die Verj\u00fcngungsergebnisse und ist f\u00fcr den Kunden weitaus sicherer, da es die Porengr\u00f6\u00dfe, Aknenarben, Hyperpigmentierung und Altersflecken reduziert. 3 verschiedene Geschwindigkeiten: Micro Needle Pen hilft Ihnen, Falten, Dehnungsstreifen, wei\u00dfer zu machen und Hautverf\u00e4rbungen zu entfernen. 3 Stufen Drehzahlregelung. Einstellbare Tiefe: Die Mikro-Nadel der Tiefe kann eingestellt werden (0mm-2 mm), stark [&hellip;]<\/p>\n","protected":false},"featured_media":4335,"comment_status":"open","ping_status":"closed","template":"","meta":[],"product_cat":[814,78,746,103,74,110,54,116,63,53,45,108,73,280,55,426,428,430,431,293,301,292,300,70,299,295,294,291,296,298,64],"product_tag":[869],"class_list":{"0":"post-4334","1":"product","2":"type-product","3":"status-publish","4":"has-post-thumbnail","6":"product_cat-zuhause","7":"product_cat-weihnachtsgeschenke","8":"product_cat--fit-fuer-den-fruehling","9":"product_cat-studenten","10":"product_cat-bester-freund","11":"product_cat-freund","12":"product_cat-vatertag","13":"product_cat-frauen","14":"product_cat-mutter","15":"product_cat-muttertag","16":"product_cat-freundin","17":"product_cat-maenner","18":"product_cat-beste-freundin","19":"product_cat-geburtstagsgeschenke","20":"product_cat-valentinstag","21":"product_cat-nach-preis","22":"product_cat-unter-10-euro","23":"product_cat-unter-20-euro","24":"product_cat-unter-50-euro","25":"product_cat-geschenk-fuer-bruder","26":"product_cat-eltern","27":"product_cat-sohn","28":"product_cat--kollege","29":"product_cat-geschenke-fuer-jeden-anlass","30":"product_cat--chef","31":"product_cat--tochter","32":"product_cat--schwester","33":"product_cat-nerds","34":"product_cat--schwiegermutter","35":"product_cat--ehefrau","36":"product_cat-vater","37":"product_tag-dermapen","39":"first","40":"instock","41":"shipping-taxable","42":"product-type-external"},"_links":{"self":[{"href":"https:\/\/www.blogseite.com\/geschenke\/wp-json\/wp\/v2\/product\/4334"}],"collection":[{"href":"https:\/\/www.blogseite.com\/geschenke\/wp-json\/wp\/v2\/product"}],"about":[{"href":"https:\/\/www.blogseite.com\/geschenke\/wp-json\/wp\/v2\/types\/product"}],"replies":[{"embeddable":true,"href":"https:\/\/www.blogseite.com\/geschenke\/wp-json\/wp\/v2\/comments?post=4334"}],"wp:featuredmedia":[{"embeddable":true,"href":"https:\/\/www.blogseite.com\/geschenke\/wp-json\/wp\/v2\/media\/4335"}],"wp:attachment":[{"href":"https:\/\/www.blogseite.com\/geschenke\/wp-json\/wp\/v2\/media?parent=4334"}],"wp:term":[{"taxonomy":"product_cat","embeddable":true,"href":"https:\/\/www.blogseite.com\/geschenke\/wp-json\/wp\/v2\/product_cat?post=4334"},{"taxonomy":"product_tag","embeddable":true,"href":"https:\/\/www.blogseite.com\/geschenke\/wp-json\/wp\/v2\/product_tag?post=4334"}],"curies":[{"name":"wp","href":"https:\/\/api.w.org\/{rel}","templated":true}]}}