{"id":4314,"date":"2021-06-06T15:35:45","date_gmt":"2021-06-06T13:35:45","guid":{"rendered":"https:\/\/geschenke.blogseite.com\/?post_type=product&#038;p=4314"},"modified":"2022-04-01T10:13:05","modified_gmt":"2022-04-01T08:13:05","slug":"edles-und-hochwertiges-kaffee-geschenkset-%f0%9f%94%a5","status":"publish","type":"product","link":"https:\/\/www.blogseite.com\/geschenke\/s\/edles-und-hochwertiges-kaffee-geschenkset-%f0%9f%94%a5\/","title":{"rendered":"Edles Und Hochwertiges Kaffee Geschenkset \ud83d\udd25"},"content":{"rendered":"<ul class=\"a-unordered-list a-vertical a-spacing-mini\">\n<li><span class=\"a-list-item\">\u2705 Edles und hochwertiges Geschenkset der besten Rarit\u00e4tenkaffees der Welt<\/span><\/li>\n<li><span class=\"a-list-item\">\u2705 100g Kopi Luwak -100g Jamaica Blue Mountain &#8211; 100 g Hawaii Kona &#8211; 100 g Australien Skybury &#8211; 100 g India Baalmadi &#8211; als ganze Bohne &#8211; in edler Geschenkverpackung<\/span><\/li>\n<li><span class=\"a-list-item\">\u2705 AROMATISCH &#8211; Reinster, von unseren R\u00f6stmeistern unerl\u00e4sslich getesteter, Kaffee und sonst nichts. Nur vollstes, s\u00e4urearmes Aroma.<\/span><\/li>\n<li><span class=\"a-list-item\">\u2705 QUALIT\u00c4T &#8211; Durch Langzeitr\u00f6stung im Trommelr\u00f6ster durch unsere R\u00f6stmeister wird eine schonende R\u00f6stung geschaffen, die trotzdem voll Geschmack steckt. Unsere Kaffees werden frisch in kleinen Chargen ger\u00f6stet und auf Bestellung auch frisch gemahlen.<\/span><\/li>\n<li><span class=\"a-list-item\">\u2705 PUR &#8211; Unsere Kaffees haben 24 Monate MHD volles Aroma ab R\u00f6stung.<\/span><\/li>\n<\/ul>\n","protected":false},"excerpt":{"rendered":"<p>\u2705 Edles und hochwertiges Geschenkset der besten Rarit\u00e4tenkaffees der Welt \u2705 100g Kopi Luwak -100g Jamaica Blue Mountain &#8211; 100 g Hawaii Kona &#8211; 100 g Australien Skybury &#8211; 100 g India Baalmadi &#8211; als ganze Bohne &#8211; in edler Geschenkverpackung \u2705 AROMATISCH &#8211; Reinster, von unseren R\u00f6stmeistern unerl\u00e4sslich getesteter, Kaffee und sonst nichts. Nur [&hellip;]<\/p>\n","protected":false},"featured_media":4315,"comment_status":"open","ping_status":"closed","template":"","meta":[],"product_cat":[814,78,746,103,74,110,54,116,63,53,45,108,73,280,55,426,429,430,431,293,301,292,300,70,299,295,294,291,296,298,64],"product_tag":[868],"class_list":{"0":"post-4314","1":"product","2":"type-product","3":"status-publish","4":"has-post-thumbnail","6":"product_cat-zuhause","7":"product_cat-weihnachtsgeschenke","8":"product_cat--fit-fuer-den-fruehling","9":"product_cat-studenten","10":"product_cat-bester-freund","11":"product_cat-freund","12":"product_cat-vatertag","13":"product_cat-frauen","14":"product_cat-mutter","15":"product_cat-muttertag","16":"product_cat-freundin","17":"product_cat-maenner","18":"product_cat-beste-freundin","19":"product_cat-geburtstagsgeschenke","20":"product_cat-valentinstag","21":"product_cat-nach-preis","22":"product_cat-unter-15-euro","23":"product_cat-unter-20-euro","24":"product_cat-unter-50-euro","25":"product_cat-geschenk-fuer-bruder","26":"product_cat-eltern","27":"product_cat-sohn","28":"product_cat--kollege","29":"product_cat-geschenke-fuer-jeden-anlass","30":"product_cat--chef","31":"product_cat--tochter","32":"product_cat--schwester","33":"product_cat-nerds","34":"product_cat--schwiegermutter","35":"product_cat--ehefrau","36":"product_cat-vater","37":"product_tag-kaffee","39":"first","40":"instock","41":"shipping-taxable","42":"product-type-external"},"_links":{"self":[{"href":"https:\/\/www.blogseite.com\/geschenke\/wp-json\/wp\/v2\/product\/4314"}],"collection":[{"href":"https:\/\/www.blogseite.com\/geschenke\/wp-json\/wp\/v2\/product"}],"about":[{"href":"https:\/\/www.blogseite.com\/geschenke\/wp-json\/wp\/v2\/types\/product"}],"replies":[{"embeddable":true,"href":"https:\/\/www.blogseite.com\/geschenke\/wp-json\/wp\/v2\/comments?post=4314"}],"wp:featuredmedia":[{"embeddable":true,"href":"https:\/\/www.blogseite.com\/geschenke\/wp-json\/wp\/v2\/media\/4315"}],"wp:attachment":[{"href":"https:\/\/www.blogseite.com\/geschenke\/wp-json\/wp\/v2\/media?parent=4314"}],"wp:term":[{"taxonomy":"product_cat","embeddable":true,"href":"https:\/\/www.blogseite.com\/geschenke\/wp-json\/wp\/v2\/product_cat?post=4314"},{"taxonomy":"product_tag","embeddable":true,"href":"https:\/\/www.blogseite.com\/geschenke\/wp-json\/wp\/v2\/product_tag?post=4314"}],"curies":[{"name":"wp","href":"https:\/\/api.w.org\/{rel}","templated":true}]}}