{"id":4265,"date":"2021-06-06T10:15:54","date_gmt":"2021-06-06T08:15:54","guid":{"rendered":"https:\/\/geschenke.blogseite.com\/?post_type=product&#038;p=4265"},"modified":"2022-04-01T10:23:13","modified_gmt":"2022-04-01T08:23:13","slug":"echo-dot-4-generation-smarter-lautsprecher-mit-uhr-%f0%9f%94%a5","status":"publish","type":"product","link":"https:\/\/www.blogseite.com\/geschenke\/s\/echo-dot-4-generation-smarter-lautsprecher-mit-uhr-%f0%9f%94%a5\/","title":{"rendered":"Echo Dot (4. Generation) | Smarter Lautsprecher mit Uhr \ud83d\udd25"},"content":{"rendered":"<ul class=\"a-unordered-list a-vertical a-spacing-mini\">\n<li><span class=\"a-list-item\">Wir stellen vor: Echo Dot mit Uhr \u2013 unser beliebtester smarter Lautsprecher mit Alexa. Das geradlinige, kompakte Design sorgt f\u00fcr satten Klang, dank klarem Sound und ausgewogener Basswiedergabe.<\/span><\/li>\n<li><span class=\"a-list-item\">Perfekt f\u00fcr Ihren Nachttisch \u2013 Das LED-Display zeigt die Uhrzeit, Wecker sowie Timer an. Durch eine kurze Ber\u00fchrung an der Oberseite k\u00f6nnen Sie au\u00dferdem einen Wecker in den Schlummermodus versetzen.<\/span><\/li>\n<li><span class=\"a-list-item\">Stets bereit \u2013 Alexa kann Witze erz\u00e4hlen, Musik abspielen, Fragen beantworten, die Nachrichten und den Wetterbericht vorlesen, Wecker stellen und vieles mehr.<\/span><\/li>\n<li><span class=\"a-list-item\">Sprachsteuerung f\u00fcr Ihr Smart Home \u2013 Schalten Sie Lampen ein, verstellen Sie Thermostate, steuern Sie T\u00fcrschl\u00f6sser und vieles mehr mit kompatiblen Ger\u00e4ten und allein mit Ihrer Stimme.<\/span><\/li>\n<li><span class=\"a-list-item\">Bleiben Sie in Verbindung \u2013 T\u00e4tigen Sie Anrufe ganz einfach per Sprachsteuerung. Verbinden Sie sich direkt \u00fcber Drop In mit anderen R\u00e4umen oder verk\u00fcnden Sie im gesamten Haushalt, dass das Abendessen fertig ist.<\/span><\/li>\n<li><span class=\"a-list-item\">Entwickelt, um Datenschutz zu gew\u00e4hrleisten \u2013 Umfasst Datenschutz- und Kontrollma\u00dfnahmen auf mehreren Ebenen, darunter eine Mikrofon-aus-Taste, mit der Sie die Stromzufuhr zu den Mikrofonen unterbrechen und sie somit deaktivieren k\u00f6nnen.<\/span><\/li>\n<\/ul>\n","protected":false},"excerpt":{"rendered":"<p>Wir stellen vor: Echo Dot mit Uhr \u2013 unser beliebtester smarter Lautsprecher mit Alexa. Das geradlinige, kompakte Design sorgt f\u00fcr satten Klang, dank klarem Sound und ausgewogener Basswiedergabe. Perfekt f\u00fcr Ihren Nachttisch \u2013 Das LED-Display zeigt die Uhrzeit, Wecker sowie Timer an. Durch eine kurze Ber\u00fchrung an der Oberseite k\u00f6nnen Sie au\u00dferdem einen Wecker in [&hellip;]<\/p>\n","protected":false},"featured_media":4266,"comment_status":"open","ping_status":"closed","template":"","meta":[],"product_cat":[814,78,746,103,74,110,54,116,63,53,45,108,57,73,280,55,432,433,293,301,292,300,70,299,295,294,291,296,298,64],"product_tag":[860,861],"class_list":{"0":"post-4265","1":"product","2":"type-product","3":"status-publish","4":"has-post-thumbnail","6":"product_cat-zuhause","7":"product_cat-weihnachtsgeschenke","8":"product_cat--fit-fuer-den-fruehling","9":"product_cat-studenten","10":"product_cat-bester-freund","11":"product_cat-freund","12":"product_cat-vatertag","13":"product_cat-frauen","14":"product_cat-mutter","15":"product_cat-muttertag","16":"product_cat-freundin","17":"product_cat-maenner","18":"product_cat-oma","19":"product_cat-beste-freundin","20":"product_cat-geburtstagsgeschenke","21":"product_cat-valentinstag","22":"product_cat-ueber-35-euro","23":"product_cat-ueber-40-euro","24":"product_cat-geschenk-fuer-bruder","25":"product_cat-eltern","26":"product_cat-sohn","27":"product_cat--kollege","28":"product_cat-geschenke-fuer-jeden-anlass","29":"product_cat--chef","30":"product_cat--tochter","31":"product_cat--schwester","32":"product_cat-nerds","33":"product_cat--schwiegermutter","34":"product_cat--ehefrau","35":"product_cat-vater","36":"product_tag-alexa","37":"product_tag-echo-dot","39":"first","40":"instock","41":"shipping-taxable","42":"product-type-external"},"_links":{"self":[{"href":"https:\/\/www.blogseite.com\/geschenke\/wp-json\/wp\/v2\/product\/4265"}],"collection":[{"href":"https:\/\/www.blogseite.com\/geschenke\/wp-json\/wp\/v2\/product"}],"about":[{"href":"https:\/\/www.blogseite.com\/geschenke\/wp-json\/wp\/v2\/types\/product"}],"replies":[{"embeddable":true,"href":"https:\/\/www.blogseite.com\/geschenke\/wp-json\/wp\/v2\/comments?post=4265"}],"wp:featuredmedia":[{"embeddable":true,"href":"https:\/\/www.blogseite.com\/geschenke\/wp-json\/wp\/v2\/media\/4266"}],"wp:attachment":[{"href":"https:\/\/www.blogseite.com\/geschenke\/wp-json\/wp\/v2\/media?parent=4265"}],"wp:term":[{"taxonomy":"product_cat","embeddable":true,"href":"https:\/\/www.blogseite.com\/geschenke\/wp-json\/wp\/v2\/product_cat?post=4265"},{"taxonomy":"product_tag","embeddable":true,"href":"https:\/\/www.blogseite.com\/geschenke\/wp-json\/wp\/v2\/product_tag?post=4265"}],"curies":[{"name":"wp","href":"https:\/\/api.w.org\/{rel}","templated":true}]}}