{"id":4260,"date":"2021-05-24T11:08:22","date_gmt":"2021-05-24T09:08:22","guid":{"rendered":"https:\/\/geschenke.blogseite.com\/?post_type=product&#038;p=4260"},"modified":"2022-04-01T11:13:47","modified_gmt":"2022-04-01T09:13:47","slug":"honeyholly-vakuum-isolierte-edelstahl-trinkflasche-750ml","status":"publish","type":"product","link":"https:\/\/www.blogseite.com\/geschenke\/s\/honeyholly-vakuum-isolierte-edelstahl-trinkflasche-750ml\/","title":{"rendered":"HoneyHolly Vakuum Isolierte Edelstahl Trinkflasche 750ml"},"content":{"rendered":"<div id=\"featurebullets_feature_div\" class=\"celwidget\" data-feature-name=\"featurebullets\" data-csa-c-id=\"pei091-7y2oyz-fwr94y-p132m7\" data-cel-widget=\"featurebullets_feature_div\">\n<div id=\"feature-bullets\" class=\"a-section a-spacing-medium a-spacing-top-small\">\n<ul class=\"a-unordered-list a-vertical a-spacing-mini\">\n<li><span class=\"a-list-item\">Sweat Free &amp; Leakproof: Diese isolierte Edelstahl-Trinkflasche ist mit einem innovativen, auslaufsicheren Auslaufdeckel ausgestattet, der einfaches Einhandtrinken oder -gie\u00dfen erm\u00f6glicht. Doppelwandig h\u00e4lt Ihr Getr\u00e4nk stundenlang hei\u00df oder kalt. Keine Notwendigkeit f\u00fcr Koozies oder Untersetzer! Unabh\u00e4ngig von der Temperatur der Fl\u00fcssigkeit in dieser Flasche wird sie niemals schwitzen oder hei\u00df sein.<\/span><\/li>\n<li><span class=\"a-list-item\">BPA Free &amp; Healthy Drinking: Lebensmittelqualit\u00e4t Edelstahl auf Doppelwand. 100% BPA-frei und Toxin-frei f\u00fcr einen reinen Geschmack und keine \u00fcbertragenen Aromen. Wiederverwendbare und nachf\u00fcllbare Kalt- \/ Warmwasserflasche ohne chemische Faktoren. Eine umweltfreundliche Sportwasserflasche, um Sie gesund zu halten.<\/span><\/li>\n<li><span class=\"a-list-item\">Pulverbeschichteter 18\/8 Edelstahl &#8211; Diese wiederverwendbare Vakuumflasche ist aus hochwertigem 18\/8 Edelstahl gefertigt. Das Material ist BPA-frei und wird niemals rosten oder einen schlechten Metallgeschmack im Mund hinterlassen. W\u00e4hlen Sie zwischen den beliebtesten und langlebigsten pulverbeschichteten Farben auf dem Markt.Es ist auch f\u00fcr thermoskanne baby &amp; thermoskanne klein<\/span><\/li>\n<li><span class=\"a-list-item\">Einfach zu reinigen und bakterienresistent: Verwenden Sie diese Flasche heute als Thermosflasche f\u00fcr hei\u00dfe Suppe und morgen als Wasserflasche. Durch ein kurzes Absp\u00fclen der Flasche werden alle Ger\u00fcche und R\u00fcckst\u00e4nde vollst\u00e4ndig entfernt. Dieses Produkt ist nicht sp\u00fclmaschinenfest, aber die breite \u00d6ffnung erleichtert die Reinigung.<\/span><\/li>\n<li><span class=\"a-list-item\">Ihre Zufriedenheit ist unser Ziel &#8211; Unsere Flaschen werden vollst\u00e4ndig getestet und gepr\u00fcft, bevor sie an Sie versendet werden. Wenn Sie Fragen zu unseren Produkten haben, kontaktieren Sie uns bitte jederzeit. Unser After-Sales-Team wird Ihre E-Mail innerhalb von 24 Stunden beantworten. Wir werden unser Bestes tun, um Ihr Problem zu l\u00f6sen und Premium-Produkt zu erleben.<\/span><\/li>\n<\/ul>\n<\/div>\n<\/div>\n<div id=\"customerReviewsAttribute_feature_div\" class=\"celwidget\" data-feature-name=\"customerReviewsAttribute\" data-csa-c-id=\"i1s404-nsvmal-71dhct-rrgywg\" data-cel-widget=\"customerReviewsAttribute_feature_div\">\n<div class=\"cra-desktop-width \">\n<div class=\"a-row a-spacing-medium\"><\/div>\n<\/div>\n<\/div>\n","protected":false},"excerpt":{"rendered":"<p>Sweat Free &amp; Leakproof: Diese isolierte Edelstahl-Trinkflasche ist mit einem innovativen, auslaufsicheren Auslaufdeckel ausgestattet, der einfaches Einhandtrinken oder -gie\u00dfen erm\u00f6glicht. Doppelwandig h\u00e4lt Ihr Getr\u00e4nk stundenlang hei\u00df oder kalt. Keine Notwendigkeit f\u00fcr Koozies oder Untersetzer! Unabh\u00e4ngig von der Temperatur der Fl\u00fcssigkeit in dieser Flasche wird sie niemals schwitzen oder hei\u00df sein. BPA Free &amp; Healthy Drinking: [&hellip;]<\/p>\n","protected":false},"featured_media":4261,"comment_status":"open","ping_status":"closed","template":"","meta":[],"product_cat":[814,78,746,103,74,110,54,116,63,53,45,108,57,73,280,55,428,429,430,431,293,301,292,300,70,299,295,294,296,298,64],"product_tag":[751],"class_list":{"0":"post-4260","1":"product","2":"type-product","3":"status-publish","4":"has-post-thumbnail","6":"product_cat-zuhause","7":"product_cat-weihnachtsgeschenke","8":"product_cat--fit-fuer-den-fruehling","9":"product_cat-studenten","10":"product_cat-bester-freund","11":"product_cat-freund","12":"product_cat-vatertag","13":"product_cat-frauen","14":"product_cat-mutter","15":"product_cat-muttertag","16":"product_cat-freundin","17":"product_cat-maenner","18":"product_cat-oma","19":"product_cat-beste-freundin","20":"product_cat-geburtstagsgeschenke","21":"product_cat-valentinstag","22":"product_cat-unter-10-euro","23":"product_cat-unter-15-euro","24":"product_cat-unter-20-euro","25":"product_cat-unter-50-euro","26":"product_cat-geschenk-fuer-bruder","27":"product_cat-eltern","28":"product_cat-sohn","29":"product_cat--kollege","30":"product_cat-geschenke-fuer-jeden-anlass","31":"product_cat--chef","32":"product_cat--tochter","33":"product_cat--schwester","34":"product_cat--schwiegermutter","35":"product_cat--ehefrau","36":"product_cat-vater","37":"product_tag-trinkflasche","39":"first","40":"instock","41":"shipping-taxable","42":"product-type-external"},"_links":{"self":[{"href":"https:\/\/www.blogseite.com\/geschenke\/wp-json\/wp\/v2\/product\/4260"}],"collection":[{"href":"https:\/\/www.blogseite.com\/geschenke\/wp-json\/wp\/v2\/product"}],"about":[{"href":"https:\/\/www.blogseite.com\/geschenke\/wp-json\/wp\/v2\/types\/product"}],"replies":[{"embeddable":true,"href":"https:\/\/www.blogseite.com\/geschenke\/wp-json\/wp\/v2\/comments?post=4260"}],"wp:featuredmedia":[{"embeddable":true,"href":"https:\/\/www.blogseite.com\/geschenke\/wp-json\/wp\/v2\/media\/4261"}],"wp:attachment":[{"href":"https:\/\/www.blogseite.com\/geschenke\/wp-json\/wp\/v2\/media?parent=4260"}],"wp:term":[{"taxonomy":"product_cat","embeddable":true,"href":"https:\/\/www.blogseite.com\/geschenke\/wp-json\/wp\/v2\/product_cat?post=4260"},{"taxonomy":"product_tag","embeddable":true,"href":"https:\/\/www.blogseite.com\/geschenke\/wp-json\/wp\/v2\/product_tag?post=4260"}],"curies":[{"name":"wp","href":"https:\/\/api.w.org\/{rel}","templated":true}]}}