{"id":4233,"date":"2021-05-19T17:13:20","date_gmt":"2021-05-19T15:13:20","guid":{"rendered":"https:\/\/geschenke.blogseite.com\/?post_type=product&#038;p=4233"},"modified":"2022-04-01T11:22:02","modified_gmt":"2022-04-01T09:22:02","slug":"kuscheldecke-babydecke-sterne-120x120-cm","status":"publish","type":"product","link":"https:\/\/www.blogseite.com\/geschenke\/s\/kuscheldecke-babydecke-sterne-120x120-cm\/","title":{"rendered":"Kuscheldecke Babydecke Sterne &#8211; 120&#215;120 cm"},"content":{"rendered":"<ul class=\"a-unordered-list a-vertical a-spacing-mini\">\n<li><span class=\"a-list-item\"> LIEBLINGSDECKE UND NOCH MEHR: Stilltuch, Wickelunterlage oder Kinderwagendecke f\u00fcr den Buggy &#8211; die 4-lagige Baby Mulldecke ist mit einer Gr\u00f6\u00dfe von 120 x 120 cm vielfach einsetzbar und super praktisch. Gefaltet passt sie prima in die Wickeltasche. <\/span><\/li>\n<li><span class=\"a-list-item\"> F\u00dcR ZUHAUSE &amp; UNTERWEGS: Die flauschige Baumwolldecke macht sich im Sommer prima in der Babywanne oder Schale &#8211; sogar als Sonnenschutz. Zuhause sorgt sie f\u00fcr Komfort in Wiege, Stubenwagen oder Babybett. <\/span><\/li>\n<li><span class=\"a-list-item\"> HAUTFREUNDLICH &amp; PFLEGELEICHT: 100% atmungsaktive Baumwolle f\u00fcr zarte Haut von Neugeborenen. Sollte beim Stillen oder Wickeln etwas daneben gehen, geben Sie die Schmusedecke einfach in Waschmaschine (60\u00b0C) und Trockner. <\/span><\/li>\n<li><span class=\"a-list-item\"> GEPR\u00dcFTE QUALIT\u00c4T: Das Mulltuch besteht aus reinem Cotton, ist frei von Schadstoffen und \u00d6koTex gepr\u00fcft. Die Umrandung sorgt f\u00fcr einen glatten Abschluss ohne Fransen. <\/span><\/li>\n<li><span class=\"a-list-item\"> IDEALES GESCHENK: Die grau-wei\u00dfe Krabbeldecke passt f\u00fcr Junge und M\u00e4dchen und eignet sich prima als Geschenk zur Babyparty, Geburt oder Baby Erstausstattung. <\/span><\/li>\n<\/ul>\n","protected":false},"excerpt":{"rendered":"<p>LIEBLINGSDECKE UND NOCH MEHR: Stilltuch, Wickelunterlage oder Kinderwagendecke f\u00fcr den Buggy &#8211; die 4-lagige Baby Mulldecke ist mit einer Gr\u00f6\u00dfe von 120 x 120 cm vielfach einsetzbar und super praktisch. Gefaltet passt sie prima in die Wickeltasche. F\u00dcR ZUHAUSE &amp; UNTERWEGS: Die flauschige Baumwolldecke macht sich im Sommer prima in der Babywanne oder Schale &#8211; [&hellip;]<\/p>\n","protected":false},"featured_media":4234,"comment_status":"open","ping_status":"closed","template":"","meta":[],"product_cat":[366,78,103,116,63,53,45,73,280,55,431,292,70,299,295,294,296,298],"product_tag":[856,855,857],"class_list":{"0":"post-4233","1":"product","2":"type-product","3":"status-publish","4":"has-post-thumbnail","6":"product_cat-baby","7":"product_cat-weihnachtsgeschenke","8":"product_cat-studenten","9":"product_cat-frauen","10":"product_cat-mutter","11":"product_cat-muttertag","12":"product_cat-freundin","13":"product_cat-beste-freundin","14":"product_cat-geburtstagsgeschenke","15":"product_cat-valentinstag","16":"product_cat-unter-50-euro","17":"product_cat-sohn","18":"product_cat-geschenke-fuer-jeden-anlass","19":"product_cat--chef","20":"product_cat--tochter","21":"product_cat--schwester","22":"product_cat--schwiegermutter","23":"product_cat--ehefrau","24":"product_tag-baby","25":"product_tag-babyzubehoer","26":"product_tag-spucktuch","28":"first","29":"instock","30":"shipping-taxable","31":"product-type-external"},"_links":{"self":[{"href":"https:\/\/www.blogseite.com\/geschenke\/wp-json\/wp\/v2\/product\/4233"}],"collection":[{"href":"https:\/\/www.blogseite.com\/geschenke\/wp-json\/wp\/v2\/product"}],"about":[{"href":"https:\/\/www.blogseite.com\/geschenke\/wp-json\/wp\/v2\/types\/product"}],"replies":[{"embeddable":true,"href":"https:\/\/www.blogseite.com\/geschenke\/wp-json\/wp\/v2\/comments?post=4233"}],"wp:featuredmedia":[{"embeddable":true,"href":"https:\/\/www.blogseite.com\/geschenke\/wp-json\/wp\/v2\/media\/4234"}],"wp:attachment":[{"href":"https:\/\/www.blogseite.com\/geschenke\/wp-json\/wp\/v2\/media?parent=4233"}],"wp:term":[{"taxonomy":"product_cat","embeddable":true,"href":"https:\/\/www.blogseite.com\/geschenke\/wp-json\/wp\/v2\/product_cat?post=4233"},{"taxonomy":"product_tag","embeddable":true,"href":"https:\/\/www.blogseite.com\/geschenke\/wp-json\/wp\/v2\/product_tag?post=4233"}],"curies":[{"name":"wp","href":"https:\/\/api.w.org\/{rel}","templated":true}]}}