{"id":4218,"date":"2021-05-19T16:23:20","date_gmt":"2021-05-19T14:23:20","guid":{"rendered":"https:\/\/geschenke.blogseite.com\/?post_type=product&#038;p=4218"},"modified":"2022-04-01T11:24:22","modified_gmt":"2022-04-01T09:24:22","slug":"koerpermousse-mit-avocado-100ml-geschenk-fuer-freundin-%f0%9f%98%8e","status":"publish","type":"product","link":"https:\/\/www.blogseite.com\/geschenke\/s\/koerpermousse-mit-avocado-100ml-geschenk-fuer-freundin-%f0%9f%98%8e\/","title":{"rendered":"K\u00f6rpermousse mit Avocado 100ml Geschenk f\u00fcr Freundin \ud83d\ude0e"},"content":{"rendered":"<ul class=\"a-unordered-list a-vertical a-spacing-mini\">\n<li><span class=\"a-list-item\"> \ud83d\ude0d K\u00d6RPERMOUSSE: Es ist der Traum jeder Frau, eine glatte und strahlende Haut zu haben. Wir freuen uns, Ihnen eine feuchtigkeitsspendende Superfood-Gesichtsmaske aus organischer Tonerde anbieten zu k\u00f6nnen, um Sie optimal zu pflegen. Diese Anti Pickel-Maske reinigt Ihre Haut und minimiert die Poren, ohne Irritationen oder Verbrennungen zu verursachen. <\/span><\/li>\n<li><span class=\"a-list-item\"> \u2705 ENTGIFTUNG: Unsere pflanzliche Heilerde-Maske entgiftet die Haut, bringt Unreinheiten an die Oberfl\u00e4che und hinterl\u00e4sst Ihre Haut hydratisiert und perfekt befeuchtet. Sie l\u00e4sst sich wie Butter auftragen und ist die sanfteste Maske, die Sie je verwenden werden. Lassen Sie sie nur 10-15 Minuten auf Ihrer Haut. <\/span><\/li>\n<li><span class=\"a-list-item\"> \ud83c\udf33 EIGENSCHAFTEN VON Gesichtsmaske AUS TONERDE: Die Plantifique Green Tea und Totes Meer-Schlammmaske wurde mit einer einzigartigen Kombination von 7 nat\u00fcrlichen Kr\u00e4utern formuliert. Die nat\u00fcrlichen Inhaltsstoffe und der angenehme Geruch sorgen f\u00fcr eine verj\u00fcngend glatte, erfrischende und befeuchtete Haut. <\/span><\/li>\n<li><span class=\"a-list-item\"> \ud83e\udd29 FEUCHTIGKEIT &amp; GESUNDHEIT: Wir haben das Beste aus der Natur in unserer Gesichtsmaske kombiniert. Sie wird Ihnen helfen, Akne, Hautausschl\u00e4ge, schuppige Gesichtshaut und R\u00f6tungen zu bek\u00e4mpfen. Die magische Heilungsmaske von Plantifique wird bei der Heilung von Sonnenbrand und Entz\u00fcndungen helfen. <\/span><\/li>\n<li><span class=\"a-list-item\"> \ud83d\udcdc EXZELLENZ DES KUNDENSERVICE: Wir garantieren den bestm\u00f6glichen Kundenservice und stehen immer hinter unserem Produkt. Wenn Sie ein Problem mit unserem Produkt haben, k\u00f6nnen Sie sich gerne an uns wenden. Wir werden die Angelegenheit so schnell wie m\u00f6glich f\u00fcr Sie regeln. <\/span><\/li>\n<\/ul>\n","protected":false},"excerpt":{"rendered":"<p>\ud83d\ude0d K\u00d6RPERMOUSSE: Es ist der Traum jeder Frau, eine glatte und strahlende Haut zu haben. Wir freuen uns, Ihnen eine feuchtigkeitsspendende Superfood-Gesichtsmaske aus organischer Tonerde anbieten zu k\u00f6nnen, um Sie optimal zu pflegen. Diese Anti Pickel-Maske reinigt Ihre Haut und minimiert die Poren, ohne Irritationen oder Verbrennungen zu verursachen. \u2705 ENTGIFTUNG: Unsere pflanzliche Heilerde-Maske entgiftet [&hellip;]<\/p>\n","protected":false},"featured_media":4219,"comment_status":"open","ping_status":"closed","template":"","meta":[],"product_cat":[78,103,116,63,53,45,73,280,55,431,292,70,299,295,294,296,298],"product_tag":[851],"class_list":{"0":"post-4218","1":"product","2":"type-product","3":"status-publish","4":"has-post-thumbnail","6":"product_cat-weihnachtsgeschenke","7":"product_cat-studenten","8":"product_cat-frauen","9":"product_cat-mutter","10":"product_cat-muttertag","11":"product_cat-freundin","12":"product_cat-beste-freundin","13":"product_cat-geburtstagsgeschenke","14":"product_cat-valentinstag","15":"product_cat-unter-50-euro","16":"product_cat-sohn","17":"product_cat-geschenke-fuer-jeden-anlass","18":"product_cat--chef","19":"product_cat--tochter","20":"product_cat--schwester","21":"product_cat--schwiegermutter","22":"product_cat--ehefrau","23":"product_tag-peeling","25":"first","26":"instock","27":"shipping-taxable","28":"product-type-external"},"_links":{"self":[{"href":"https:\/\/www.blogseite.com\/geschenke\/wp-json\/wp\/v2\/product\/4218"}],"collection":[{"href":"https:\/\/www.blogseite.com\/geschenke\/wp-json\/wp\/v2\/product"}],"about":[{"href":"https:\/\/www.blogseite.com\/geschenke\/wp-json\/wp\/v2\/types\/product"}],"replies":[{"embeddable":true,"href":"https:\/\/www.blogseite.com\/geschenke\/wp-json\/wp\/v2\/comments?post=4218"}],"wp:featuredmedia":[{"embeddable":true,"href":"https:\/\/www.blogseite.com\/geschenke\/wp-json\/wp\/v2\/media\/4219"}],"wp:attachment":[{"href":"https:\/\/www.blogseite.com\/geschenke\/wp-json\/wp\/v2\/media?parent=4218"}],"wp:term":[{"taxonomy":"product_cat","embeddable":true,"href":"https:\/\/www.blogseite.com\/geschenke\/wp-json\/wp\/v2\/product_cat?post=4218"},{"taxonomy":"product_tag","embeddable":true,"href":"https:\/\/www.blogseite.com\/geschenke\/wp-json\/wp\/v2\/product_tag?post=4218"}],"curies":[{"name":"wp","href":"https:\/\/api.w.org\/{rel}","templated":true}]}}